{"id":38451,"date":"2026-01-16T00:56:40","date_gmt":"2026-01-15T23:56:40","guid":{"rendered":"https:\/\/manakinfleurs.com\/?post_type=product&#038;p=38451"},"modified":"2025-09-22T11:21:58","modified_gmt":"2025-09-22T10:21:58","slug":"true-love-roses-roses","status":"publish","type":"product","link":"https:\/\/manakinfleurs.com\/fr\/boutique\/true-love-roses-roses\/","title":{"rendered":"TRUE LOVE"},"content":{"rendered":"<p>Seul <strong>Manakin Fleurs<\/strong> peut vous offrir <strong>un arrangement aussi unique et luxueux<\/strong> sur <strong>la C\u00f4te d\u2019Azur.<\/strong> Sublimez votre exp\u00e9rience florale avec nous\u202f! <\/p>\n<p>Manakin Fleurs et D\u00e9corations, votre <strong>service de livraison de fleurs de confiance<\/strong> sur la C\u00f4te d\u2019Azur, dessert Saint-Tropez, Cannes, Juan-Les-Pins, Antibes, Saint-Paul-de-Vence, Nice, Saint-Jean-Cap-Ferrat, \u00c8ze, Monaco, Menton et toute la r\u00e9gion. Pour des circonstances particuli\u00e8res ou les grandes commandes, la livraison peut s\u2019\u00e9tendre au-del\u00e0 de la <strong>C\u00f4te d&#8217;Azur<\/strong>. <\/p>\n<p>Veuillez noter que la disponibilit\u00e9 des fleurs varie selon la saison. Si certaines vari\u00e9t\u00e9s sont absentes, elles seront remplac\u00e9es par une alternative pour pr\u00e9server l\u2019esth\u00e9tique de votre grand bouquet de roses rouges. En cas d\u2019impossibilit\u00e9 de composer le bouquet exact, nous vous contacterons pour trouver ensemble la meilleure solution.  <\/p>\n","protected":false},"excerpt":{"rendered":"<h2><span data-sheets-root=\"1\">Roses roses\u202f: Bouquet de luxe TRUE LOVE<\/span><\/h2>\n<p><span data-sheets-root=\"1\">C\u00e9l\u00e9brez la romance et l\u2019\u00e9l\u00e9gance avec <strong>TRUE LOVE<\/strong>, un somptueux bouquet de roses roses. Cette cr\u00e9ation met \u00e0 l\u2019honneur les <a href=\"https:\/\/manakinfleurs.com\/fr\/boutique\/?filter_flowers=rose\">Sweet Avalanche Roses<\/a>, de d\u00e9licates <a href=\"https:\/\/manakinfleurs.com\/fr\/boutique\/?filter_flowers=rose\">roses roses<\/a>, l\u2019\u00e9l\u00e9gant <a href=\"https:\/\/manakinfleurs.com\/fr\/boutique\/?filter_flowers=eustoma&amp;filter_color=rose\">lisianthus rose<\/a> et <a href=\"https:\/\/manakinfleurs.com\/fr\/boutique\/?filter_flowers=hortensia&amp;filter_color=bourgogne\">l\u2019hortensia bordeaux<\/a> profond. Des mufliers roses viennent parfaire cette composition, incarnation du raffinement et de l\u2019amour.   <\/span><\/p>\n<p><span data-sheets-root=\"1\">Avec 120\u202fcm de diam\u00e8tre, <strong>TRUE LOVE<\/strong> n\u2019est pas qu\u2019un bouquet\u202f: c\u2019est une \u0153uvre d\u2019art florale. Parfaite pour <a href=\"https:\/\/manakinfleurs.com\/fr\/categorie\/anniversaire-de-mariage\">un anniversaire<\/a>, <a href=\"https:\/\/manakinfleurs.com\/fr\/categorie\/mariage\">un mariage<\/a> ou toute occasion d\u2019exception, cette cr\u00e9ation inoubliable marquera les esprits par sa beaut\u00e9. <\/span><\/p>\n","protected":false},"featured_media":36573,"template":"","meta":{"_uf_show_specific_survey":0,"_uf_disable_surveys":false},"product_brand":[],"product_cat":[1420,1472,1390,1418,1431,1433,1400],"product_tag":[],"class_list":{"0":"post-38451","1":"product","2":"type-product","3":"status-publish","4":"has-post-thumbnail","6":"product_cat-enorme","7":"product_cat-8-mars","8":"product_cat-anniversaire-de-mariage","9":"product_cat-luxe","10":"product_cat-romantique","11":"product_cat-bouquets-de-roses","12":"product_cat-saint-valentin","15":"first","16":"instock","17":"taxable","18":"shipping-taxable","19":"purchasable","20":"product-type-simple"},"_links":{"self":[{"href":"https:\/\/manakinfleurs.com\/fr\/wp-json\/wp\/v2\/product\/38451","targetHints":{"allow":["GET"]}}],"collection":[{"href":"https:\/\/manakinfleurs.com\/fr\/wp-json\/wp\/v2\/product"}],"about":[{"href":"https:\/\/manakinfleurs.com\/fr\/wp-json\/wp\/v2\/types\/product"}],"wp:featuredmedia":[{"embeddable":true,"href":"https:\/\/manakinfleurs.com\/fr\/wp-json\/wp\/v2\/media\/36573"}],"wp:attachment":[{"href":"https:\/\/manakinfleurs.com\/fr\/wp-json\/wp\/v2\/media?parent=38451"}],"wp:term":[{"taxonomy":"product_brand","embeddable":true,"href":"https:\/\/manakinfleurs.com\/fr\/wp-json\/wp\/v2\/product_brand?post=38451"},{"taxonomy":"product_cat","embeddable":true,"href":"https:\/\/manakinfleurs.com\/fr\/wp-json\/wp\/v2\/product_cat?post=38451"},{"taxonomy":"product_tag","embeddable":true,"href":"https:\/\/manakinfleurs.com\/fr\/wp-json\/wp\/v2\/product_tag?post=38451"}],"curies":[{"name":"wp","href":"https:\/\/api.w.org\/{rel}","templated":true}]}}