{"id":38450,"date":"2026-01-03T11:57:25","date_gmt":"2026-01-03T10:57:25","guid":{"rendered":"https:\/\/manakinfleurs.com\/?post_type=product&#038;p=38450"},"modified":"2025-09-22T11:21:57","modified_gmt":"2025-09-22T10:21:57","slug":"infinity-grand-bouquet-roses-rouges","status":"publish","type":"product","link":"https:\/\/manakinfleurs.com\/fr\/boutique\/infinity-grand-bouquet-roses-rouges\/","title":{"rendered":"INFINITY"},"content":{"rendered":"<p>Diam\u00e8tre 1,4\u202fm : Seul <strong>Manakin Fleurs<\/strong> propose un grand bouquet de roses rouges aussi <strong>unique et luxueux <\/strong>sur <strong>la C\u00f4te d\u2019Azur<\/strong>. Offrez-vous aujourd\u2019hui une exp\u00e9rience florale inoubliable\u202f!  <\/p>\n<p>Manakin Fleurs et D\u00e9corations, votre <strong>service de livraison de fleurs de confiance<\/strong> sur la C\u00f4te d\u2019Azur, dessert Saint-Tropez, Cannes, Juan-Les-Pins, Antibes, Saint-Paul-de-Vence, Nice, Saint-Jean-Cap-Ferrat, \u00c8ze, Monaco, Menton et toute la r\u00e9gion. Pour des circonstances particuli\u00e8res ou les grandes commandes, la livraison peut s\u2019\u00e9tendre au-del\u00e0 de la <strong>C\u00f4te d&#8217;Azur<\/strong>. <\/p>\n<p>Veuillez noter que la disponibilit\u00e9 des fleurs varie selon la saison. Si certaines vari\u00e9t\u00e9s sont absentes, elles seront remplac\u00e9es par une alternative pour pr\u00e9server l\u2019esth\u00e9tique de votre grand bouquet de roses rouges. En cas d\u2019impossibilit\u00e9 de composer le bouquet exact, nous vous contacterons pour trouver ensemble la meilleure solution.  <\/p>\n","protected":false},"excerpt":{"rendered":"<h2><span data-sheets-root=\"1\">Grand bouquet de roses rouges\u202f: INFINITY \u2014 chef-d\u2019\u0153uvre floral<\/span><\/h2>\n<p><span data-sheets-root=\"1\">Admirez <strong>Infinity<\/strong>, un grand bouquet de roses rouges spectaculaire, destin\u00e9 \u00e0 exprimer la profondeur de vos sentiments et l\u2019infini de votre amour. Compos\u00e9 de 500 somptueuses <a href=\"https:\/\/manakinfleurs.com\/fr\/boutique\/?filter_flowers=rose&amp;filter_color=rouge\">roses Red Naomi<\/a> dans une corbeille luxueuse, ce bouquet exceptionnel est un v\u00e9ritable symbole de passion.  <\/span><\/p>\n<p><span data-sheets-root=\"1\">Id\u00e9al pour <a href=\"https:\/\/manakinfleurs.com\/fr\/categorie\/anniversaire-de-mariage\">les anniversaires<\/a> ou <a href=\"https:\/\/manakinfleurs.com\/fr\/categorie\/anniversaire-de-mariage\">les c\u00e9l\u00e9brations d\u2019envergure<\/a>, \u00ab\u202fInfinity\u202f\u00bb est plus qu\u2019un bouquet\u202f: c\u2019est une d\u00e9claration de passion et de d\u00e9votion. \u00c0 offrir \u00e0 l\u2019\u00eatre aim\u00e9 ou \u00e0 une maman pr\u00e9cieuse, il promet une mer d\u2019\u00e9motions inoubliables. <\/span><\/p>\n","protected":false},"featured_media":36651,"template":"","meta":{"_uf_show_specific_survey":0,"_uf_disable_surveys":false},"product_brand":[],"product_cat":[1420,1390,1418,1427,1431,1433,1400],"product_tag":[],"class_list":{"0":"post-38450","1":"product","2":"type-product","3":"status-publish","4":"has-post-thumbnail","6":"product_cat-enorme","7":"product_cat-anniversaire-de-mariage","8":"product_cat-luxe","9":"product_cat-mono-bouquets","10":"product_cat-romantique","11":"product_cat-bouquets-de-roses","12":"product_cat-saint-valentin","15":"first","16":"instock","17":"taxable","18":"shipping-taxable","19":"purchasable","20":"product-type-simple"},"_links":{"self":[{"href":"https:\/\/manakinfleurs.com\/fr\/wp-json\/wp\/v2\/product\/38450","targetHints":{"allow":["GET"]}}],"collection":[{"href":"https:\/\/manakinfleurs.com\/fr\/wp-json\/wp\/v2\/product"}],"about":[{"href":"https:\/\/manakinfleurs.com\/fr\/wp-json\/wp\/v2\/types\/product"}],"wp:featuredmedia":[{"embeddable":true,"href":"https:\/\/manakinfleurs.com\/fr\/wp-json\/wp\/v2\/media\/36651"}],"wp:attachment":[{"href":"https:\/\/manakinfleurs.com\/fr\/wp-json\/wp\/v2\/media?parent=38450"}],"wp:term":[{"taxonomy":"product_brand","embeddable":true,"href":"https:\/\/manakinfleurs.com\/fr\/wp-json\/wp\/v2\/product_brand?post=38450"},{"taxonomy":"product_cat","embeddable":true,"href":"https:\/\/manakinfleurs.com\/fr\/wp-json\/wp\/v2\/product_cat?post=38450"},{"taxonomy":"product_tag","embeddable":true,"href":"https:\/\/manakinfleurs.com\/fr\/wp-json\/wp\/v2\/product_tag?post=38450"}],"curies":[{"name":"wp","href":"https:\/\/api.w.org\/{rel}","templated":true}]}}