{"id":38444,"date":"2024-11-04T23:02:16","date_gmt":"2024-11-04T22:02:16","guid":{"rendered":"https:\/\/manakinfleurs.com\/?post_type=product&#038;p=38444"},"modified":"2025-09-22T11:21:54","modified_gmt":"2025-09-22T10:21:54","slug":"blossom-bouquet-roses-vertes","status":"publish","type":"product","link":"https:\/\/manakinfleurs.com\/fr\/boutique\/blossom-bouquet-roses-vertes\/","title":{"rendered":"BLOSSOM"},"content":{"rendered":"<p><strong>Les roses vertes<\/strong> symbolisent l\u2019espoir et les nouveaux d\u00e9parts, tandis que la <strong>renoncule rose<\/strong> incarne l\u2019admiration et la joie. <strong>Le delphinium bleu<\/strong> pastel apporte une touche de s\u00e9r\u00e9nit\u00e9, et <strong>les petites fleurs d\u2019allium<\/strong> insufflent une note de fantaisie au <strong>bouquet<\/strong>.<br \/>\u00ab<strong>\u202fBlossom\u202f<\/strong>\u00bb est parfait pour un anniversaire, un geste romantique ou simplement dire \u00ab\u202fje pense \u00e0 toi\u202f\u00bb. Partagez ce bouquet enchanteur avec ceux que vous aimez et laissez-le exprimer vos plus beaux sentiments avec po\u00e9sie.  <\/p>\n<p><strong>Manakin Fleurs et D\u00e9corations<\/strong> est <strong>votre fleuriste de confiance<\/strong> sur <strong>la C\u00f4te d\u2019Azur, de Saint-Tropez \u00e0 Menton, y compris Monaco et les environs<\/strong>. Pour les commandes sp\u00e9ciales ou les grands volumes, la livraison peut \u00eatre \u00e9tendue sur demande.<\/p>\n<p>Veuillez noter que la disponibilit\u00e9 de nos <strong>fleurs <\/strong>d\u00e9pend des saisons, et l\u2019assortiment peut varier selon ce qui est accessible au moment de votre commande.<br \/>\nSi certaines <strong>fleurs sp\u00e9cifiques<\/strong> ne sont pas disponibles, nous les remplacerons par l\u2019\u00e9quivalent le plus proche afin de pr\u00e9server l\u2019esth\u00e9tique g\u00e9n\u00e9rale souhait\u00e9e. Si, pour une raison quelconque, la cr\u00e9ation de votre <strong>bouquet <\/strong>s\u2019av\u00e8re impossible, soyez assur\u00e9(e) que nous vous contacterons rapidement pour en discuter en d\u00e9tail. <\/p>\n","protected":false},"excerpt":{"rendered":"<h2><span data-sheets-root=\"1\">Bouquet roses vertes : Arrangement floral Blossom<\/span><\/h2>\n<p><span data-sheets-root=\"1\">D\u00e9couvrez <strong>Blossom<\/strong>, un arrangement floral sublime qui c\u00e9l\u00e8bre la beaut\u00e9 des <a href=\"https:\/\/manakinfleurs.com\/fr\/boutique\/?filter_flowers=tournesols&amp;filter_color=vert\">roses vertes VEGGIE<\/a>. Ce bouquet unique associe <strong>renoncule rose<\/strong>, <strong>delphinium bleu<\/strong> tendre et petites <strong>fleurs d\u2019allium<\/strong> dans une composition harmonieuse et \u00e9l\u00e9gante.<br \/>D\u2019un diam\u00e8tre de 45\u202fcm, Blossom est id\u00e9al pour <a href=\"https:\/\/manakinfleurs.com\/fr\/categorie\/anniversaire-de-mariage\">un anniversaire de mariage<\/a>, <a href=\"https:\/\/manakinfleurs.com\/fr\/categorie\/romantique\">une d\u00e9claration d\u2019amour<\/a>, des <a href=\"https:\/\/manakinfleurs.com\/fr\/categorie\/felicitations\">f\u00e9licitations <\/a>ou toute occasion marquant l\u2019amour et un nouveau d\u00e9part. Ses tons doux et sa beaut\u00e9 naturelle en font un cadeau inoubliable.   <\/span><\/p>\n","protected":false},"featured_media":36667,"template":"","meta":{"_uf_show_specific_survey":0,"_uf_disable_surveys":false},"product_brand":[],"product_cat":[1398,1390,1414,1412,1431,1433],"product_tag":[],"class_list":{"0":"post-38444","1":"product","2":"type-product","3":"status-publish","4":"has-post-thumbnail","6":"product_cat-sur-mesure","7":"product_cat-anniversaire-de-mariage","8":"product_cat-evenement","9":"product_cat-felicitations","10":"product_cat-romantique","11":"product_cat-bouquets-de-roses","14":"first","15":"instock","16":"taxable","17":"shipping-taxable","18":"purchasable","19":"product-type-simple"},"_links":{"self":[{"href":"https:\/\/manakinfleurs.com\/fr\/wp-json\/wp\/v2\/product\/38444","targetHints":{"allow":["GET"]}}],"collection":[{"href":"https:\/\/manakinfleurs.com\/fr\/wp-json\/wp\/v2\/product"}],"about":[{"href":"https:\/\/manakinfleurs.com\/fr\/wp-json\/wp\/v2\/types\/product"}],"wp:featuredmedia":[{"embeddable":true,"href":"https:\/\/manakinfleurs.com\/fr\/wp-json\/wp\/v2\/media\/36667"}],"wp:attachment":[{"href":"https:\/\/manakinfleurs.com\/fr\/wp-json\/wp\/v2\/media?parent=38444"}],"wp:term":[{"taxonomy":"product_brand","embeddable":true,"href":"https:\/\/manakinfleurs.com\/fr\/wp-json\/wp\/v2\/product_brand?post=38444"},{"taxonomy":"product_cat","embeddable":true,"href":"https:\/\/manakinfleurs.com\/fr\/wp-json\/wp\/v2\/product_cat?post=38444"},{"taxonomy":"product_tag","embeddable":true,"href":"https:\/\/manakinfleurs.com\/fr\/wp-json\/wp\/v2\/product_tag?post=38444"}],"curies":[{"name":"wp","href":"https:\/\/api.w.org\/{rel}","templated":true}]}}