{"id":38442,"date":"2024-11-04T23:17:30","date_gmt":"2024-11-04T22:17:30","guid":{"rendered":"https:\/\/manakinfleurs.com\/?post_type=product&#038;p=38442"},"modified":"2025-09-22T11:21:53","modified_gmt":"2025-09-22T10:21:53","slug":"my-only-sunshine-bouquet-anniversaire","status":"publish","type":"product","link":"https:\/\/manakinfleurs.com\/fr\/boutique\/my-only-sunshine-bouquet-anniversaire\/","title":{"rendered":"MY ONLY SUNSHINE"},"content":{"rendered":"<p><strong>My Only Sunshine<\/strong> incarne le bonheur et la positivit\u00e9. <strong>Le gerbera rose<\/strong> symbolise l\u2019innocence,<strong> le muflier rose<\/strong> la bienveillance, <strong>le dianthus jaune<\/strong> la joie et <strong>le lisianthus jaune<\/strong> apporte une touche de lumi\u00e8re. Ce bouquet anniversaire est parfait pour <strong>f\u00eater un anniversaire<\/strong>, une r\u00e9ussite, ou offrir un sourire \u00e9clatant \u00e0 vos proches.  <\/p>\n<p>&nbsp;<\/p>\n<p>La livraison est disponible sur toute la C\u00f4te d\u2019Azur, de <strong>Saint-Tropez \u00e0 Menton<\/strong>, y compris <strong>Monaco<\/strong>.<\/p>\n<p>Chez <a href=\"https:\/\/manakinfleurs.com\"><strong>Manakin Fleurs et D\u00e9coration<\/strong><\/a>, nous nous engageons \u00e0 cr\u00e9er de <strong>magnifiques bouquets anniversaire<\/strong> et \u00e0 assurer une <strong>livraison fiable<\/strong> de fleurs. Nous desservons <strong>Nice <\/strong>et <strong>la r\u00e9gion<\/strong>. Notre priorit\u00e9 est de faire de chaque <strong>exp\u00e9rience florale un moment unique<\/strong> gr\u00e2ce \u00e0 <strong>notre expertise<\/strong>.<br \/>\nVeuillez noter que la disponibilit\u00e9 <strong>des fleurs<\/strong> varie selon les saisons. La s\u00e9lection peut donc changer selon le stock du moment. Si certaines <strong>fleurs <\/strong>sont indisponibles, nous les remplacerons par l\u2019alternative la plus proche afin de pr\u00e9server l\u2019harmonie <strong>du bouquet<\/strong>. Si la composition exacte est impossible \u00e0 r\u00e9aliser, nous vous contacterons rapidement pour trouver la meilleure solution.    <\/p>\n","protected":false},"excerpt":{"rendered":"<h2><span data-sheets-root=\"1\">Bouquet anniversaire : My Only Sunshine, cadeau floral lumineux<\/span><\/h2>\n<p><span data-sheets-root=\"1\">Illuminez vos c\u00e9l\u00e9brations avec <strong>My Only Sunshine<\/strong>, un <a href=\"https:\/\/manakinfleurs.com\/fr\/categorie\/anniversaire-de-mariage\">bouquet anniversaire de mariage<\/a> \u00e9clatant pens\u00e9 pour r\u00e9pandre chaleur et bonne humeur. Cette composition <a href=\"https:\/\/manakinfleurs.com\/fr\/categorie\/sur-mesure\">sur-mesure<\/a> marie <a href=\"https:\/\/manakinfleurs.com\/fr\/boutique\/?filter_flowers=gerbera&amp;filter_color=rose\">gerberas roses<\/a>, mufliers roses, dianthus jaune et <a href=\"https:\/\/manakinfleurs.com\/fr\/boutique\/?filter_flowers=eustoma&amp;filter_color=jaune\">eustomas jaune<\/a> pour un ensemble ensoleill\u00e9 et joyeux.<br \/>Avec un diam\u00e8tre g\u00e9n\u00e9reux de 50-55\u202fcm, <strong>My Only Sunshine<\/strong> est id\u00e9al pour <a href=\"https:\/\/manakinfleurs.com\/fr\/categorie\/anniversaire\">un anniversaire<\/a>, <a href=\"https:\/\/manakinfleurs.com\/fr\/categorie\/anniversaire-de-mariage\">une f\u00eate<\/a>, une <a href=\"https:\/\/manakinfleurs.com\/fr\/categorie\/romantique\">occasion romantique<\/a> ou pour <a href=\"https:\/\/manakinfleurs.com\/fr\/categorie\/felicitations\">f\u00e9liciter un proche<\/a>. Ses couleurs p\u00e9tillantes et son design rayonnant en font un choix m\u00e9morable pour c\u00e9l\u00e9brer les plus beaux moments de la vie.   <\/span><\/p>\n","protected":false},"featured_media":36697,"template":"","meta":{"_uf_show_specific_survey":0,"_uf_disable_surveys":false},"product_brand":[],"product_cat":[1437,1402,1390,1412,1431,1398],"product_tag":[],"class_list":{"0":"post-38442","1":"product","2":"type-product","3":"status-publish","4":"has-post-thumbnail","6":"product_cat-ete","7":"product_cat-anniversaire","8":"product_cat-anniversaire-de-mariage","9":"product_cat-felicitations","10":"product_cat-romantique","11":"product_cat-sur-mesure","14":"first","15":"instock","16":"taxable","17":"shipping-taxable","18":"purchasable","19":"product-type-simple"},"_links":{"self":[{"href":"https:\/\/manakinfleurs.com\/fr\/wp-json\/wp\/v2\/product\/38442","targetHints":{"allow":["GET"]}}],"collection":[{"href":"https:\/\/manakinfleurs.com\/fr\/wp-json\/wp\/v2\/product"}],"about":[{"href":"https:\/\/manakinfleurs.com\/fr\/wp-json\/wp\/v2\/types\/product"}],"wp:featuredmedia":[{"embeddable":true,"href":"https:\/\/manakinfleurs.com\/fr\/wp-json\/wp\/v2\/media\/36697"}],"wp:attachment":[{"href":"https:\/\/manakinfleurs.com\/fr\/wp-json\/wp\/v2\/media?parent=38442"}],"wp:term":[{"taxonomy":"product_brand","embeddable":true,"href":"https:\/\/manakinfleurs.com\/fr\/wp-json\/wp\/v2\/product_brand?post=38442"},{"taxonomy":"product_cat","embeddable":true,"href":"https:\/\/manakinfleurs.com\/fr\/wp-json\/wp\/v2\/product_cat?post=38442"},{"taxonomy":"product_tag","embeddable":true,"href":"https:\/\/manakinfleurs.com\/fr\/wp-json\/wp\/v2\/product_tag?post=38442"}],"curies":[{"name":"wp","href":"https:\/\/api.w.org\/{rel}","templated":true}]}}