{"id":38434,"date":"2019-01-14T00:01:52","date_gmt":"2019-01-13T23:01:52","guid":{"rendered":"https:\/\/manakinfleurs.com\/?post_type=product&#038;p=38434"},"modified":"2025-09-22T11:21:50","modified_gmt":"2025-09-22T10:21:50","slug":"blanche-neige-bouquet-de-mariage","status":"publish","type":"product","link":"https:\/\/manakinfleurs.com\/fr\/boutique\/blanche-neige-bouquet-de-mariage\/","title":{"rendered":"BLANCHE NEIGE"},"content":{"rendered":"<p>La livraison est disponible sur toute la <strong>C\u00f4te d\u2019Azur<\/strong>, de <strong>Saint-Tropez \u00e0 Menton<\/strong>, en passant par <strong>Monaco<\/strong>.<\/p>\n<p>Chez <a href=\"https:\/\/manakinfleurs.com\/fr\/categorie\/decor-floral-maison\/\"><strong>Manakin Fleurs et D\u00e9coration<\/strong><\/a>, nous sommes d\u00e9di\u00e9s \u00e0 la <strong>cr\u00e9ation de magnifiques compositions florales<\/strong> ainsi qu&#8217;\u00e0 une <strong>livraison fiable<\/strong> de bouquets de mariage et d\u2019\u00e9v\u00e9nement. Nous desservons <strong>Nice<\/strong>, la <strong>France <\/strong>et les environs. Notre objectif est de rendre votre <strong>exp\u00e9rience florale unique<\/strong> gr\u00e2ce <strong>\u00e0 notre savoir-faire<\/strong>.<br \/>\n<br \/>Veuillez noter que la disponibilit\u00e9 de <strong>nos fleurs<\/strong> d\u00e9pend des saisons, et la s\u00e9lection peut varier selon l\u2019accessibilit\u00e9 au moment de votre commande. Si certaines <strong>fleurs <\/strong>ne sont pas disponibles, nous les remplacerons par les alternatives les plus proches pour pr\u00e9server l\u2019harmonie de l\u2019ensemble. Si r\u00e9aliser exactement le <strong>bouquet <\/strong>souhait\u00e9 est difficile ou impossible, nous vous contacterons rapidement pour trouver la meilleure solution.    <\/p>\n","protected":false},"excerpt":{"rendered":"<p><span data-sheets-root=\"1\">Bouquet de mariage : Blanche Neige, composition florale blanche<\/span><\/p>\n<p>Pr\u00e9sentation de <strong>Blanche Neige<\/strong>, un <a href=\"https:\/\/manakinfleurs.com\/fr\/categorie\/mariage\">bouquet de mariage raffin\u00e9<\/a> con\u00e7u pour apporter \u00e9l\u00e9gance et romantisme \u00e0 votre grand jour. Cette somptueuse cr\u00e9ation allie de d\u00e9licates <a href=\"https:\/\/manakinfleurs.com\/fr\/boutique\/?filter_flowers=renoncules&amp;filter_color=rose\">renoncules rose p\u00e2le<\/a>, <a href=\"https:\/\/manakinfleurs.com\/fr\/boutique\/?filter_flowers=hortensia&amp;filter_color=rose\">des hortensias rose<\/a> clair et de superbes <a href=\"https:\/\/manakinfleurs.com\/fr\/boutique\/?filter_flowers=tulipes&amp;filter_color=blanc\">tulipes blanches<\/a>, pour une composition intemporelle et gracieuse. Diam\u00e8tre\u202f: 45\u202fcm. Parfait pour <a href=\"https:\/\/manakinfleurs.com\/fr\/boutique\/?filter_flowers=tulipes&amp;filter_color=blanc\">un mariage<\/a>, <a href=\"https:\/\/manakinfleurs.com\/fr\/categorie\/anniversaire-de-mariage\">un anniversaire de mariage<\/a> ou <a href=\"https:\/\/manakinfleurs.com\/fr\/categorie\/romantique\">une f\u00eate romantique<\/a>.<br \/>Ses tons doux et ses fleurs haut de gamme en font un cadeau exceptionnel ou un centre de table enchanteur, symbole de beaut\u00e9 et de sophistication.   <\/p>\n","protected":false},"featured_media":36713,"template":"","meta":{"_uf_show_specific_survey":0,"_uf_disable_surveys":false},"product_brand":[1447],"product_cat":[1435,1472,1402,1392,1441,1431,1400,1455],"product_tag":[],"class_list":{"0":"post-38434","1":"product","2":"type-product","3":"status-publish","4":"has-post-thumbnail","6":"product_brand-manakin-fleurs","7":"product_cat-bouquets-de-saison","8":"product_cat-8-mars","9":"product_cat-anniversaire","10":"product_cat-fleurs-pour-naissance","11":"product_cat-mariage","12":"product_cat-romantique","13":"product_cat-saint-valentin","14":"product_cat-tulipes","17":"first","18":"outofstock","19":"taxable","20":"shipping-taxable","21":"purchasable","22":"product-type-simple"},"_links":{"self":[{"href":"https:\/\/manakinfleurs.com\/fr\/wp-json\/wp\/v2\/product\/38434","targetHints":{"allow":["GET"]}}],"collection":[{"href":"https:\/\/manakinfleurs.com\/fr\/wp-json\/wp\/v2\/product"}],"about":[{"href":"https:\/\/manakinfleurs.com\/fr\/wp-json\/wp\/v2\/types\/product"}],"wp:featuredmedia":[{"embeddable":true,"href":"https:\/\/manakinfleurs.com\/fr\/wp-json\/wp\/v2\/media\/36713"}],"wp:attachment":[{"href":"https:\/\/manakinfleurs.com\/fr\/wp-json\/wp\/v2\/media?parent=38434"}],"wp:term":[{"taxonomy":"product_brand","embeddable":true,"href":"https:\/\/manakinfleurs.com\/fr\/wp-json\/wp\/v2\/product_brand?post=38434"},{"taxonomy":"product_cat","embeddable":true,"href":"https:\/\/manakinfleurs.com\/fr\/wp-json\/wp\/v2\/product_cat?post=38434"},{"taxonomy":"product_tag","embeddable":true,"href":"https:\/\/manakinfleurs.com\/fr\/wp-json\/wp\/v2\/product_tag?post=38434"}],"curies":[{"name":"wp","href":"https:\/\/api.w.org\/{rel}","templated":true}]}}