{"id":38430,"date":"2026-01-16T11:35:17","date_gmt":"2026-01-16T10:35:17","guid":{"rendered":"https:\/\/manakinfleurs.com\/?post_type=product&#038;p=38430"},"modified":"2025-09-22T11:21:49","modified_gmt":"2025-09-22T10:21:49","slug":"pink-delight-bouquet-rose-romantique","status":"publish","type":"product","link":"https:\/\/manakinfleurs.com\/fr\/boutique\/pink-delight-bouquet-rose-romantique\/","title":{"rendered":"PINK DELIGHT"},"content":{"rendered":"<p><a href=\"https:\/\/manakinfleurs.com\/fr\/categorie\/decor-floral-maison\/\"><strong>Manakin Fleurs et D\u00e9corations<\/strong><\/a> est votre <strong>service de livraison de fleurs de confiance<\/strong> dans la r\u00e9gion, couvrant <strong>Saint-Tropez, Cannes, Juan-les-Pins, Antibes, Saint-Paul-de-Vence, Nice, Saint-Jean-Cap-Ferrat, \u00c8ze, Monaco, Menton<\/strong> et toute la <strong>C\u00f4te d\u2019Azur<\/strong>. Par ailleurs, sous certaines conditions et pour les grandes commandes, nous pouvons assurer la livraison dans d\u2019autres r\u00e9gions plus \u00e9loign\u00e9es. <\/p>\n<p>Veuillez noter que la disponibilit\u00e9 de nos fleurs d\u00e9pend des saisons, et l\u2019assortiment peut varier selon ce qui est accessible au moment de votre commande.<br \/>\nSi certaines fleurs sp\u00e9cifiques ne sont pas disponibles, nous les remplacerons par l\u2019\u00e9quivalent le plus proche afin de pr\u00e9server l\u2019esth\u00e9tique g\u00e9n\u00e9rale souhait\u00e9e. Si, pour une raison quelconque, la cr\u00e9ation de votre bouquet s\u2019av\u00e8re impossible, soyez assur\u00e9(e) que nous vous contacterons rapidement pour en discuter en d\u00e9tail. <\/p>\n<p><strong>Note\u202f<\/strong>: Nous pouvons r\u00e9aliser cette composition dans diff\u00e9rents formats, selon vos pr\u00e9f\u00e9rences et votre budget. Livraison par coursier pour garantir la protection des tiges pendant le transport.<br \/>\nAjoutez un message personnalis\u00e9 \u00e0 votre cadeau. <\/p>\n","protected":false},"excerpt":{"rendered":"<p><span data-sheets-root=\"1\">Bouquet rose romantique : La composition florale Pink Delight<\/span><\/p>\n<p><span data-sheets-root=\"1\">D\u00e9couvrez <strong>Pink Delight<\/strong>, un bouquet rose romantique con\u00e7u pour faire chavirer les c\u0153urs et sublimer chaque occasion. Cette somptueuse composition marie 50 renoncules roses et 50 tulipes roses d\u00e9licates, pour un m\u00e9lange harmonieux de textures et de nuances douces. Avec un diam\u00e8tre de 40\u202fcm, le bouquet Pink Delight est parfait pour c\u00e9l\u00e9brer un anniversaire, un mariage, une occasion romantique ou un baby shower. Son \u00e9l\u00e9gance intemporelle et son design raffin\u00e9 en font un cadeau ou une pi\u00e8ce ma\u00eetresse id\u00e9ale pour toutes les occasions sp\u00e9ciales.   <\/span><\/p>\n","protected":false},"featured_media":36711,"template":"","meta":{"_uf_show_specific_survey":0,"_uf_disable_surveys":false},"product_brand":[1447],"product_cat":[1435,1472,1455],"product_tag":[],"class_list":{"0":"post-38430","1":"product","2":"type-product","3":"status-publish","4":"has-post-thumbnail","6":"product_brand-manakin-fleurs","7":"product_cat-bouquets-de-saison","8":"product_cat-8-mars","9":"product_cat-tulipes","12":"first","13":"instock","14":"taxable","15":"shipping-taxable","16":"purchasable","17":"product-type-simple"},"_links":{"self":[{"href":"https:\/\/manakinfleurs.com\/fr\/wp-json\/wp\/v2\/product\/38430","targetHints":{"allow":["GET"]}}],"collection":[{"href":"https:\/\/manakinfleurs.com\/fr\/wp-json\/wp\/v2\/product"}],"about":[{"href":"https:\/\/manakinfleurs.com\/fr\/wp-json\/wp\/v2\/types\/product"}],"wp:featuredmedia":[{"embeddable":true,"href":"https:\/\/manakinfleurs.com\/fr\/wp-json\/wp\/v2\/media\/36711"}],"wp:attachment":[{"href":"https:\/\/manakinfleurs.com\/fr\/wp-json\/wp\/v2\/media?parent=38430"}],"wp:term":[{"taxonomy":"product_brand","embeddable":true,"href":"https:\/\/manakinfleurs.com\/fr\/wp-json\/wp\/v2\/product_brand?post=38430"},{"taxonomy":"product_cat","embeddable":true,"href":"https:\/\/manakinfleurs.com\/fr\/wp-json\/wp\/v2\/product_cat?post=38430"},{"taxonomy":"product_tag","embeddable":true,"href":"https:\/\/manakinfleurs.com\/fr\/wp-json\/wp\/v2\/product_tag?post=38430"}],"curies":[{"name":"wp","href":"https:\/\/api.w.org\/{rel}","templated":true}]}}