{"id":38428,"date":"2020-02-15T17:00:14","date_gmt":"2020-02-15T16:00:14","guid":{"rendered":"https:\/\/manakinfleurs.com\/?post_type=product&#038;p=38428"},"modified":"2025-09-22T11:21:48","modified_gmt":"2025-09-22T10:21:48","slug":"garden-tulips-bouquet-tulipes-roses","status":"publish","type":"product","link":"https:\/\/manakinfleurs.com\/fr\/boutique\/garden-tulips-bouquet-tulipes-roses\/","title":{"rendered":"GARDEN TULIPS"},"content":{"rendered":"<p><strong>Les tulipes<\/strong> incarnent la gr\u00e2ce et la beaut\u00e9. Ce bouquet de tulipes roses est un cadeau id\u00e9al pour une pendaison de cr\u00e9maill\u00e8re, un geste de sympathie ou simplement pour montrer votre attention. Ses teintes douces cr\u00e9ent une atmosph\u00e8re apaisante, parfaite pour un espace de m\u00e9ditation ou un coin tranquille de la maison.<br \/>Offrez cette \u00e9l\u00e9gante composition \u00e0 quelqu\u2019un qui a besoin de paix, afin qu\u2019elle exprime votre d\u00e9licatesse et votre soutien. Laissez-vous s\u00e9duire par la beaut\u00e9 de ces fleurs sereines pour cr\u00e9er une ambiance chaleureuse et bienveillante.    <\/p>\n<p><a href=\"https:\/\/manakinfleurs.com\/fr\/categorie\/decor-floral-maison\/\"><strong>Manakin Fleurs et D\u00e9corations<\/strong><\/a> est votre <strong>service de livraison de fleurs de confiance<\/strong> dans la r\u00e9gion, couvrant <strong>Saint-Tropez, Cannes, Juan-les-Pins, Antibes, Saint-Paul-de-Vence, Nice, Saint-Jean-Cap-Ferrat, \u00c8ze, Monaco, Menton<\/strong> et toute la <strong>C\u00f4te d\u2019Azur<\/strong>. Par ailleurs, sous certaines conditions et pour les grandes commandes, nous pouvons assurer la livraison dans d\u2019autres r\u00e9gions plus \u00e9loign\u00e9es. <\/p>\n<p>Veuillez noter que la disponibilit\u00e9 de nos fleurs d\u00e9pend des saisons, et l\u2019assortiment peut varier selon ce qui est accessible au moment de votre commande.<br \/>\nSi certaines fleurs sp\u00e9cifiques ne sont pas disponibles, nous les remplacerons par l\u2019\u00e9quivalent le plus proche afin de pr\u00e9server l\u2019esth\u00e9tique g\u00e9n\u00e9rale souhait\u00e9e. Si, pour une raison quelconque, la cr\u00e9ation de votre bouquet s\u2019av\u00e8re impossible, soyez assur\u00e9(e) que nous vous contacterons rapidement pour en discuter en d\u00e9tail. <\/p>\n<p><strong>Note\u202f<\/strong>: Nous pouvons r\u00e9aliser cette composition dans diff\u00e9rents formats, selon vos pr\u00e9f\u00e9rences et votre budget. Livraison par coursier pour garantir la protection des tiges pendant le transport.<br \/>\nAjoutez un message personnalis\u00e9 \u00e0 votre cadeau. <\/p>\n","protected":false},"excerpt":{"rendered":"<h2><span data-sheets-root=\"1\">Bouquet de tulipes roses \u00e9l\u00e9gant\u202f: Bouquet Garden Tulips<\/span><\/h2>\n<p><span data-sheets-root=\"1\">Pr\u00e9sentation du bouquet <strong>Garden Tulips<\/strong>, un \u00e9l\u00e9gant bouquet de <a href=\"https:\/\/manakinfleurs.com\/fr\/boutique\/?filter_color=rose\">tulipes roses<\/a> imagin\u00e9 pour apporter s\u00e9r\u00e9nit\u00e9 et beaut\u00e9 \u00e0 tout espace. Cette composition gracieuse met en valeur de tendres <a href=\"https:\/\/manakinfleurs.com\/fr\/boutique\/?filter_color=rose\">tulipes roses <\/a>dont la couleur d\u00e9licate et la forme \u00e9l\u00e9gante cr\u00e9ent une ambiance apaisante.  <\/span><\/p>\n<p><span data-sheets-root=\"1\">Parfait pour <a href=\"https:\/\/manakinfleurs.com\/fr\/categorie\/anniversaire\">un anniversaire<\/a>, <a href=\"https:\/\/manakinfleurs.com\/fr\/categorie\/romantique\">un moment romantique<\/a> ou pour t\u00e9moigner votre attention, le bouquet Garden Tulips \u00e9voque la tranquillit\u00e9 et l\u2019\u00e9l\u00e9gance. Sa simplicit\u00e9 intemporelle en fait un cadeau polyvalent, id\u00e9al pour illuminer n\u2019importe quel int\u00e9rieur et apporter une touche de douceur. <\/span><\/p>\n","protected":false},"featured_media":36687,"template":"","meta":{"_uf_show_specific_survey":0,"_uf_disable_surveys":false},"product_brand":[1447],"product_cat":[1435,1472,1402,1431,1400,1455],"product_tag":[],"class_list":{"0":"post-38428","1":"product","2":"type-product","3":"status-publish","4":"has-post-thumbnail","6":"product_brand-manakin-fleurs","7":"product_cat-bouquets-de-saison","8":"product_cat-8-mars","9":"product_cat-anniversaire","10":"product_cat-romantique","11":"product_cat-saint-valentin","12":"product_cat-tulipes","15":"first","16":"outofstock","17":"taxable","18":"shipping-taxable","19":"purchasable","20":"product-type-simple"},"_links":{"self":[{"href":"https:\/\/manakinfleurs.com\/fr\/wp-json\/wp\/v2\/product\/38428","targetHints":{"allow":["GET"]}}],"collection":[{"href":"https:\/\/manakinfleurs.com\/fr\/wp-json\/wp\/v2\/product"}],"about":[{"href":"https:\/\/manakinfleurs.com\/fr\/wp-json\/wp\/v2\/types\/product"}],"wp:featuredmedia":[{"embeddable":true,"href":"https:\/\/manakinfleurs.com\/fr\/wp-json\/wp\/v2\/media\/36687"}],"wp:attachment":[{"href":"https:\/\/manakinfleurs.com\/fr\/wp-json\/wp\/v2\/media?parent=38428"}],"wp:term":[{"taxonomy":"product_brand","embeddable":true,"href":"https:\/\/manakinfleurs.com\/fr\/wp-json\/wp\/v2\/product_brand?post=38428"},{"taxonomy":"product_cat","embeddable":true,"href":"https:\/\/manakinfleurs.com\/fr\/wp-json\/wp\/v2\/product_cat?post=38428"},{"taxonomy":"product_tag","embeddable":true,"href":"https:\/\/manakinfleurs.com\/fr\/wp-json\/wp\/v2\/product_tag?post=38428"}],"curies":[{"name":"wp","href":"https:\/\/api.w.org\/{rel}","templated":true}]}}