{"id":38423,"date":"2024-11-07T16:34:02","date_gmt":"2024-11-07T15:34:02","guid":{"rendered":"https:\/\/manakinfleurs.com\/?post_type=product&#038;p=38423"},"modified":"2025-09-22T11:21:47","modified_gmt":"2025-09-22T10:21:47","slug":"pink-paradise-cadeau-de-fleurs","status":"publish","type":"product","link":"https:\/\/manakinfleurs.com\/fr\/boutique\/pink-paradise-cadeau-de-fleurs\/","title":{"rendered":"PINK PARADISE"},"content":{"rendered":"<p><a href=\"https:\/\/manakinfleurs.com\/fr\/categorie\/decor-floral-maison\/\"><strong>Manakin Fleurs et D\u00e9corations<\/strong><\/a> est votre <strong>service de livraison de fleurs de confiance<\/strong> dans la r\u00e9gion, couvrant <strong>Saint-Tropez, Cannes, Juan-les-Pins, Antibes, Saint-Paul-de-Vence, Nice, Saint-Jean-Cap-Ferrat, \u00c8ze, Monaco, Menton<\/strong> et toute la <strong>C\u00f4te d\u2019Azur<\/strong>. Par ailleurs, sous certaines conditions et pour les grandes commandes, nous pouvons assurer la livraison dans d\u2019autres r\u00e9gions plus \u00e9loign\u00e9es. <\/p>\n<p>Veuillez noter que la disponibilit\u00e9 de nos fleurs d\u00e9pend des saisons, et l\u2019assortiment peut varier selon ce qui est accessible au moment de votre commande.<br \/>\nSi certaines fleurs sp\u00e9cifiques ne sont pas disponibles, nous les remplacerons par l\u2019\u00e9quivalent le plus proche afin de pr\u00e9server l\u2019esth\u00e9tique g\u00e9n\u00e9rale souhait\u00e9e. Si, pour une raison quelconque, la cr\u00e9ation de votre bouquet s\u2019av\u00e8re impossible, soyez assur\u00e9(e) que nous vous contacterons rapidement pour en discuter en d\u00e9tail. <\/p>\n","protected":false},"excerpt":{"rendered":"<p><span data-sheets-root=\"1\">Cadeau de fleurs rose \u00e9l\u00e9gant\u202f: Bouquet Pink Paradise<\/span><\/p>\n<p><span data-sheets-root=\"1\">D\u00e9couvrez le bouquet \u00ab\u202fPink Paradise\u202f\u00bb, un v\u00e9ritable <a href=\"https:\/\/manakinfleurs.com\/fr\/boutique\/?filter_color=rose\">cadeau de fleurs rose \u00e9l\u00e9gant<\/a>, con\u00e7u pour apporter joie et beaut\u00e9 \u00e0 toutes les occasions. Cette superbe composition r\u00e9unit de tendres roses <a href=\"https:\/\/manakinfleurs.com\/fr\/boutique\/?filter_flowers=rose&amp;filter_color=rose\">Pink Expression<\/a>, une charmante <a href=\"https:\/\/manakinfleurs.com\/fr\/boutique\/?filter_flowers=matthiolas&amp;filter_color=rose\">matthiola rose<\/a>, ainsi que de d\u00e9licats an\u00e9mones <a href=\"https:\/\/manakinfleurs.com\/fr\/boutique\/?filter_color=rose\">roses <\/a>et <a href=\"https:\/\/manakinfleurs.com\/fr\/boutique\/?filter_color=blanc\">blancs<\/a>, pour un look \u00e0 la fois raffin\u00e9 et enjou\u00e9.<br \/>Avec un diam\u00e8tre de 45 \u00e0 50\u202fcm, le bouquet Pink Paradise est id\u00e9al pour <a href=\"https:\/\/manakinfleurs.com\/fr\/categorie\/anniversaire\">un anniversaire<\/a>, <a href=\"https:\/\/manakinfleurs.com\/fr\/categorie\/romantique\">une romance<\/a>, <a href=\"https:\/\/manakinfleurs.com\/fr\/categorie\/fleurs-pour-naissance\">un baby shower<\/a> ou pour c\u00e9l\u00e9brer <a href=\"https:\/\/manakinfleurs.com\/fr\/categorie\/anniversaire-de-mariage\">un moment sp\u00e9cial<\/a>.   <\/span><\/p>\n<p><span data-sheets-root=\"1\">Que ce soit pour illuminer la journ\u00e9e de quelqu\u2019un ou marquer un instant unique, ce bouquet incarne l\u2019\u00e9l\u00e9gance et le charme.<\/span><\/p>\n","protected":false},"featured_media":36771,"template":"","meta":{"_uf_show_specific_survey":0,"_uf_disable_surveys":false},"product_brand":[],"product_cat":[1435,1402,1390,1392,1431,1433],"product_tag":[],"class_list":{"0":"post-38423","1":"product","2":"type-product","3":"status-publish","4":"has-post-thumbnail","6":"product_cat-bouquets-de-saison","7":"product_cat-anniversaire","8":"product_cat-anniversaire-de-mariage","9":"product_cat-fleurs-pour-naissance","10":"product_cat-romantique","11":"product_cat-bouquets-de-roses","14":"first","15":"instock","16":"taxable","17":"shipping-taxable","18":"purchasable","19":"product-type-simple"},"_links":{"self":[{"href":"https:\/\/manakinfleurs.com\/fr\/wp-json\/wp\/v2\/product\/38423","targetHints":{"allow":["GET"]}}],"collection":[{"href":"https:\/\/manakinfleurs.com\/fr\/wp-json\/wp\/v2\/product"}],"about":[{"href":"https:\/\/manakinfleurs.com\/fr\/wp-json\/wp\/v2\/types\/product"}],"wp:featuredmedia":[{"embeddable":true,"href":"https:\/\/manakinfleurs.com\/fr\/wp-json\/wp\/v2\/media\/36771"}],"wp:attachment":[{"href":"https:\/\/manakinfleurs.com\/fr\/wp-json\/wp\/v2\/media?parent=38423"}],"wp:term":[{"taxonomy":"product_brand","embeddable":true,"href":"https:\/\/manakinfleurs.com\/fr\/wp-json\/wp\/v2\/product_brand?post=38423"},{"taxonomy":"product_cat","embeddable":true,"href":"https:\/\/manakinfleurs.com\/fr\/wp-json\/wp\/v2\/product_cat?post=38423"},{"taxonomy":"product_tag","embeddable":true,"href":"https:\/\/manakinfleurs.com\/fr\/wp-json\/wp\/v2\/product_tag?post=38423"}],"curies":[{"name":"wp","href":"https:\/\/api.w.org\/{rel}","templated":true}]}}