{"id":38402,"date":"2024-12-02T20:09:26","date_gmt":"2024-12-02T19:09:26","guid":{"rendered":"https:\/\/manakinfleurs.com\/?post_type=product&#038;p=38402"},"modified":"2025-09-22T11:21:39","modified_gmt":"2025-09-22T10:21:39","slug":"nice-is-love-bouquet-cadeau-romantique","status":"publish","type":"product","link":"https:\/\/manakinfleurs.com\/fr\/boutique\/nice-is-love-bouquet-cadeau-romantique\/","title":{"rendered":"NICE IS LOVE"},"content":{"rendered":"<p>\u00ab\u202fNice is Love\u202f\u00bb c\u00e9l\u00e8bre les joies de la vie et le romantisme \u00e0 travers de subtiles nuances de rose. Plongez dans un m\u00e9lange vibrant de rose tendre, fuchsia \u00e9clatant, bleu profond et blanc cr\u00e8me, harmonieusement associ\u00e9s pour composer un bouquet qui rayonne de bonheur et de passion. La touche dominante de rose tr\u00e8s p\u00e2le et raffin\u00e9 \u00e9voque bien-\u00eatre et douceur visuelle. Commandez ce bouquet plein de charme et de couleurs pour illuminer vos moments pr\u00e9cieux avec bonheur et romance.   <\/p>\n<p>Veuillez noter que la disponibilit\u00e9 des fleurs varie selon la saison et l\u2019assortiment d\u00e9pend des arrivages du moment. En cas d\u2019indisponibilit\u00e9 de certaines fleurs, nous les rempla\u00e7ons par l\u2019alternative la plus adapt\u00e9e, tout en pr\u00e9servant l\u2019harmonie du bouquet. Si, exceptionnellement, la cr\u00e9ation du bouquet \u00ab\u202fNice is Love\u202f\u00bb s\u2019av\u00e9rait impossible, nous vous contacterons rapidement pour vous proposer la meilleure option de saison.  <\/p>\n<p>Diam\u00e8tre\u202f: 55-56\u202fcm<\/p>\n","protected":false},"excerpt":{"rendered":"<h2><span data-sheets-root=\"1\">Le bouquet cadeau romantique par excellence<\/span><\/h2>\n<p>D\u00e9couvrez l\u2019envo\u00fbtant \u00ab<strong>\u202fNice is Love\u202f<\/strong>\u00bb\u202f: un bouquet cadeau romantique compos\u00e9 <a href=\"https:\/\/manakinfleurs.com\/fr\/boutique\/?filter_flowers=hortensia&amp;filter_color=rose\">d\u2019hortensias roses d\u00e9licats<\/a>, <a href=\"https:\/\/manakinfleurs.com\/fr\/boutique\/?filter_flowers=rose&amp;filter_color=rose\">de roses roses \u00e9l\u00e9gantes<\/a>, <a href=\"https:\/\/manakinfleurs.com\/\/fr\/boutique\/?filter_flowers=eustoma&amp;filter_color=rose,rouge\">de lysianthus rouges flamboyants et roses clairs<\/a>, ainsi que de <a href=\"https:\/\/manakinfleurs.com\/fr\/boutique\/?filter_flowers=dauphinelles\">charmants delphiniums<\/a> et <strong>scabieuses<\/strong>. Avec un g\u00e9n\u00e9reux diam\u00e8tre de 55 \u00e0 56\u202fcm, cette composition florale offre une v\u00e9ritable symphonie color\u00e9e id\u00e9ale pour les <a href=\"https:\/\/manakinfleurs.com\/fr\/categorie\/anniversaire-de-mariage\">anniversaires de mariage<\/a>, <a href=\"https:\/\/manakinfleurs.com\/fr\/categorie\/anniversaire\">les f\u00eates d&#8217;anniversaires<\/a> ou toute <a href=\"https:\/\/manakinfleurs.com\/fr\/categorie\/romantique\">occasion sp\u00e9ciale<\/a>.   <\/p>\n<p>Disponible \u00e0 la livraison chez <a href=\"https:\/\/manakinfleurs.com\/fr\/categorie\/decor-floral-maison\">Manakin Fleurs et D\u00e9corations<\/a>, ce bouquet est le moyen parfait d\u2019exprimer vos sentiments et votre amour.<\/p>\n","protected":false},"featured_media":35287,"template":"","meta":{"_uf_show_specific_survey":0,"_uf_disable_surveys":false},"product_brand":[],"product_cat":[1402,1390,1431,1433,1398],"product_tag":[],"class_list":{"0":"post-38402","1":"product","2":"type-product","3":"status-publish","4":"has-post-thumbnail","6":"product_cat-anniversaire","7":"product_cat-anniversaire-de-mariage","8":"product_cat-romantique","9":"product_cat-bouquets-de-roses","10":"product_cat-sur-mesure","13":"first","14":"instock","15":"taxable","16":"shipping-taxable","17":"purchasable","18":"product-type-simple"},"_links":{"self":[{"href":"https:\/\/manakinfleurs.com\/fr\/wp-json\/wp\/v2\/product\/38402","targetHints":{"allow":["GET"]}}],"collection":[{"href":"https:\/\/manakinfleurs.com\/fr\/wp-json\/wp\/v2\/product"}],"about":[{"href":"https:\/\/manakinfleurs.com\/fr\/wp-json\/wp\/v2\/types\/product"}],"wp:featuredmedia":[{"embeddable":true,"href":"https:\/\/manakinfleurs.com\/fr\/wp-json\/wp\/v2\/media\/35287"}],"wp:attachment":[{"href":"https:\/\/manakinfleurs.com\/fr\/wp-json\/wp\/v2\/media?parent=38402"}],"wp:term":[{"taxonomy":"product_brand","embeddable":true,"href":"https:\/\/manakinfleurs.com\/fr\/wp-json\/wp\/v2\/product_brand?post=38402"},{"taxonomy":"product_cat","embeddable":true,"href":"https:\/\/manakinfleurs.com\/fr\/wp-json\/wp\/v2\/product_cat?post=38402"},{"taxonomy":"product_tag","embeddable":true,"href":"https:\/\/manakinfleurs.com\/fr\/wp-json\/wp\/v2\/product_tag?post=38402"}],"curies":[{"name":"wp","href":"https:\/\/api.w.org\/{rel}","templated":true}]}}