{"id":38398,"date":"2024-12-22T20:05:33","date_gmt":"2024-12-22T19:05:33","guid":{"rendered":"https:\/\/manakinfleurs.com\/?post_type=product&#038;p=38398"},"modified":"2025-09-22T11:21:37","modified_gmt":"2025-09-22T10:21:37","slug":"nella-cadeau-floral","status":"publish","type":"product","link":"https:\/\/manakinfleurs.com\/fr\/boutique\/nella-cadeau-floral\/","title":{"rendered":"NELLA"},"content":{"rendered":"<p>Dans une palette raffin\u00e9e et festive, \u00ab<strong>\u202fNella\u202f<\/strong>\u00bb incarne l\u2019essence de la beaut\u00e9. Commandez ce magnifique <strong>arrangement floral<\/strong> aujourd\u2019hui et d\u00e9couvrez la joie d\u2019offrir un bouquet qui refl\u00e8te \u00e0 la perfection les merveilles du monde naturel. <\/p>\n<p>Veuillez noter que notre collection florale varie selon les saisons, et l\u2019assortiment d\u00e9pend de la disponibilit\u00e9 au moment de votre commande. Si certaines fleurs ne sont pas disponibles, nous les remplacerons par l\u2019alternative la plus proche pour pr\u00e9server l\u2019ensemble esth\u00e9tique recherch\u00e9. Si, pour une raison quelconque, la r\u00e9alisation de votre bouquet s\u2019av\u00e8re impossible, nous vous contacterons rapidement pour choisir ensemble la meilleure option.  <\/p>\n<p>Diam\u00e8tre 65-70\u202fcm<\/p>\n","protected":false},"excerpt":{"rendered":"<h2><span data-sheets-root=\"1\">Cadeau floral d\u2019exception<\/span><\/h2>\n<p>D\u00e9couvrez toute l\u2019\u00e9l\u00e9gance du bouquet <strong>Nella<\/strong>, une v\u00e9ritable \u0153uvre florale d\u2019un diam\u00e8tre de 65 \u00e0 70\u202fcm. Cette composition raffin\u00e9e associe <a href=\"https:\/\/manakinfleurs.com\/fr\/boutique\/?filter_flowers=hortensia&amp;filter_color=bleu\">hortensia bleu<\/a>, <a href=\"https:\/\/manakinfleurs.com\/fr\/boutique\/?filter_flowers=rose&amp;filter_color=rose\">roses Pink O\u2019Hara<\/a>, <strong>dianthus vert<\/strong>, <strong>scabieuses<\/strong>, <strong>delphiniums <\/strong>et <a href=\"https:\/\/manakinfleurs.com\/fr\/boutique\/?filter_flowers=eustoma&amp;filter_color=jaune\">lisianthus jaune<\/a>. La palette s\u2019harmonise entre des <a href=\"https:\/\/manakinfleurs.com\/fr\/boutique\/?filter_color=jaune\">jaunes doux<\/a>, des <a href=\"https:\/\/manakinfleurs.com\/fr\/boutique\/?filter_color=bleu\">bleus lumineux<\/a> et des touches <a href=\"https:\/\/manakinfleurs.com\/fr\/boutique\/?filter_color=rose\">d\u00e9licates de rose<\/a>, symbole de la diversit\u00e9 et de la beaut\u00e9 de la nature. Id\u00e9al pour un <a href=\"https:\/\/manakinfleurs.com\/fr\/categorie\/anniversaire-de-mariage\">anniversaire<\/a>, <a href=\"https:\/\/manakinfleurs.com\/fr\/categorie\/anniversaire\">une f\u00eate<\/a>, ou tout simplement pour offrir <a href=\"https:\/\/manakinfleurs.com\/fr\/categorie\/romantique\">un cadeau floral d\u2019exception<\/a>, le bouquet <strong>Nella <\/strong>conjugue sophistication, charme et souvenir imp\u00e9rissable.   <\/p>\n<p>&nbsp;<\/p>\n","protected":false},"featured_media":35285,"template":"","meta":{"_uf_show_specific_survey":0,"_uf_disable_surveys":false},"product_brand":[],"product_cat":[1402,1390,1431,1398],"product_tag":[],"class_list":{"0":"post-38398","1":"product","2":"type-product","3":"status-publish","4":"has-post-thumbnail","6":"product_cat-anniversaire","7":"product_cat-anniversaire-de-mariage","8":"product_cat-romantique","9":"product_cat-sur-mesure","12":"first","13":"instock","14":"taxable","15":"shipping-taxable","16":"purchasable","17":"product-type-simple"},"_links":{"self":[{"href":"https:\/\/manakinfleurs.com\/fr\/wp-json\/wp\/v2\/product\/38398","targetHints":{"allow":["GET"]}}],"collection":[{"href":"https:\/\/manakinfleurs.com\/fr\/wp-json\/wp\/v2\/product"}],"about":[{"href":"https:\/\/manakinfleurs.com\/fr\/wp-json\/wp\/v2\/types\/product"}],"wp:featuredmedia":[{"embeddable":true,"href":"https:\/\/manakinfleurs.com\/fr\/wp-json\/wp\/v2\/media\/35285"}],"wp:attachment":[{"href":"https:\/\/manakinfleurs.com\/fr\/wp-json\/wp\/v2\/media?parent=38398"}],"wp:term":[{"taxonomy":"product_brand","embeddable":true,"href":"https:\/\/manakinfleurs.com\/fr\/wp-json\/wp\/v2\/product_brand?post=38398"},{"taxonomy":"product_cat","embeddable":true,"href":"https:\/\/manakinfleurs.com\/fr\/wp-json\/wp\/v2\/product_cat?post=38398"},{"taxonomy":"product_tag","embeddable":true,"href":"https:\/\/manakinfleurs.com\/fr\/wp-json\/wp\/v2\/product_tag?post=38398"}],"curies":[{"name":"wp","href":"https:\/\/api.w.org\/{rel}","templated":true}]}}