{"id":38394,"date":"2026-01-03T14:29:55","date_gmt":"2026-01-03T13:29:55","guid":{"rendered":"https:\/\/manakinfleurs.com\/?post_type=product&#038;p=38394"},"modified":"2025-09-22T11:21:36","modified_gmt":"2025-09-22T10:21:36","slug":"passionate-love-red-naomi-roses-bouquet","status":"publish","type":"product","link":"https:\/\/manakinfleurs.com\/fr\/boutique\/passionate-love-red-naomi-roses-bouquet\/","title":{"rendered":"PASSIONATE LOVE"},"content":{"rendered":"<p>Faites une d\u00e9claration d&#8217;amour inoubliable avec notre bouquet de <strong>300 roses Red Naomi.<\/strong><\/p>\n","protected":false},"excerpt":{"rendered":"<p>Cette <strong>composition spectaculaire<\/strong> rassemble <strong>300 roses Red Naomi premium<\/strong>, formant un bouquet impressionnant d\u2019un m\u00e8tre de diam\u00e8tre \u2014 parfait pour la <strong>Saint-Valentin<\/strong> ou toute <strong>occasion sp\u00e9ciale<\/strong>.<\/p>\n<p>Que ce soit pour un <strong>anniversaire<\/strong>, un <strong>geste romantique<\/strong> ou simplement surprendre une personne ch\u00e8re, ce <strong>bouquet luxueux<\/strong> cr\u00e9era des souvenirs inoubliables. Chaque <strong>rose <\/strong>est minutieusement s\u00e9lectionn\u00e9e pour garantir une qualit\u00e9 et une beaut\u00e9 exceptionnelles. <\/p>\n","protected":false},"featured_media":37069,"template":"","meta":{"_uf_show_specific_survey":0,"_uf_disable_surveys":false},"product_brand":[],"product_cat":[1400],"product_tag":[],"class_list":{"0":"post-38394","1":"product","2":"type-product","3":"status-publish","4":"has-post-thumbnail","6":"product_cat-saint-valentin","9":"first","10":"instock","11":"taxable","12":"shipping-taxable","13":"purchasable","14":"product-type-simple"},"_links":{"self":[{"href":"https:\/\/manakinfleurs.com\/fr\/wp-json\/wp\/v2\/product\/38394","targetHints":{"allow":["GET"]}}],"collection":[{"href":"https:\/\/manakinfleurs.com\/fr\/wp-json\/wp\/v2\/product"}],"about":[{"href":"https:\/\/manakinfleurs.com\/fr\/wp-json\/wp\/v2\/types\/product"}],"wp:featuredmedia":[{"embeddable":true,"href":"https:\/\/manakinfleurs.com\/fr\/wp-json\/wp\/v2\/media\/37069"}],"wp:attachment":[{"href":"https:\/\/manakinfleurs.com\/fr\/wp-json\/wp\/v2\/media?parent=38394"}],"wp:term":[{"taxonomy":"product_brand","embeddable":true,"href":"https:\/\/manakinfleurs.com\/fr\/wp-json\/wp\/v2\/product_brand?post=38394"},{"taxonomy":"product_cat","embeddable":true,"href":"https:\/\/manakinfleurs.com\/fr\/wp-json\/wp\/v2\/product_cat?post=38394"},{"taxonomy":"product_tag","embeddable":true,"href":"https:\/\/manakinfleurs.com\/fr\/wp-json\/wp\/v2\/product_tag?post=38394"}],"curies":[{"name":"wp","href":"https:\/\/api.w.org\/{rel}","templated":true}]}}