{"id":38386,"date":"2025-05-01T15:05:45","date_gmt":"2025-05-01T14:05:45","guid":{"rendered":"https:\/\/manakinfleurs.com\/?post_type=product&#038;p=38386"},"modified":"2025-09-22T11:21:31","modified_gmt":"2025-09-22T10:21:31","slug":"pink-expression-panier-floral-de-luxe","status":"publish","type":"product","link":"https:\/\/manakinfleurs.com\/fr\/boutique\/pink-expression-panier-floral-de-luxe\/","title":{"rendered":"PINK EXPRESSION"},"content":{"rendered":"<p><strong>Manakin Fleurs et D\u00e9corations<\/strong> est votre service de livraison de fleurs de confiance sur la C\u00f4te d\u2019Azur : <strong>Saint-Tropez, Cannes, Juan-les-Pins, Antibes, Saint-Paul-de-Vence, Nice, Saint-Jean-Cap-Ferrat, \u00c8ze, Monaco, Menton, et toute la r\u00e9gion<\/strong>. Pour certaines grandes commandes ou livraisons sp\u00e9cifiques, nous pouvons \u00e9galement livrer plus loin. <\/p>\n<p>Veuillez noter que la disponibilit\u00e9 de <strong>nos fleurs<\/strong> d\u00e9pend des saisons et des arrivages. Si certaines vari\u00e9t\u00e9s ne sont pas disponibles au moment de la commande, notre \u00e9quipe choisira la meilleure alternative pour pr\u00e9server l&#8217;esth\u00e9tique du bouquet. Si, exceptionnellement, la composition souhait\u00e9e ne peut pas \u00eatre r\u00e9alis\u00e9e, nous vous contacterons rapidement pour trouver une solution adapt\u00e9e. <\/p>\n<p>Remarque : Nous pouvons r\u00e9aliser la m\u00eame composition dans diff\u00e9rents formats selon vos pr\u00e9f\u00e9rences et votre budget. Livraison via coursier pour prot\u00e9ger les tiges pendant le transport. Joignez un message personnalis\u00e9 \u00e0 votre cadeau.<br \/>\nDiam\u00e8tre : 1,5 m <\/p>\n","protected":false},"excerpt":{"rendered":"<p><strong>Le <a href=\"https:\/\/manakinfleurs.com\/fr\/categorie\/panier-de-fleurs\">panier floral de luxe<\/a> \u00ab\u202fPink Expression\u202f\u00bb<\/strong> est une v\u00e9ritable \u0153uvre florale pens\u00e9e pour sublimer tous vos \u00e9v\u00e9nements. Gr\u00e2ce \u00e0 son <a href=\"https:\/\/manakinfleurs.com\/fr\/categorie\/enorme\"><strong>diam\u00e8tre impressionnant de 1,5 m\u00e8tre<\/strong><\/a>, cette composition r\u00e9unit d\u2019\u00e9clatantes <a href=\"https:\/\/manakinfleurs.com\/fr\/boutique\/?filter_flowers=hortensia&amp;filter_color=rose,poupre\"><strong>hortensias roses et violettes<\/strong><\/a>, de somptueuses <a href=\"https:\/\/manakinfleurs.com\/fr\/boutique\/?filter_flowers=pivoines\"><strong>pivoines \u00ab\u202fMother\u2019s Choice\u202f\u00bb<\/strong><\/a> ainsi que de d\u00e9licates <strong>campanules<\/strong>. <\/p>\n<p>Chaque fleur du panier \u00ab<strong>\u202fPink Expression\u202f<\/strong>\u00bb est s\u00e9lectionn\u00e9e \u00e0 la main pour cr\u00e9er une harmonie de teintes \u00e9clatantes et de textures douces, alliant \u00e9l\u00e9gance et raffinement. V\u00e9ritable pi\u00e8ce ma\u00eetresse, cette cr\u00e9ation attire tous les regards lors de <a href=\"https:\/\/manakinfleurs.com\/fr\/categorie\/mariage\">mariages<\/a>, <a href=\"https:\/\/manakinfleurs.com\/fr\/categorie\/evenement\">d\u00eeners de gala<\/a> ou r\u00e9ceptions prestigieuses. <\/p>\n<p>Sublimez votre <a href=\"https:\/\/manakinfleurs.com\/fr\/fleuriste-evenementiel-sur-la-cote-dazur\/\">d\u00e9coration \u00e9v\u00e9nementielle<\/a> avec <strong>le panier floral de luxe Pink Expression<\/strong> et laissez sa beaut\u00e9 radieuse marquer les esprits de vos invit\u00e9s.<\/p>\n","protected":false},"featured_media":36049,"template":"","meta":{"_uf_show_specific_survey":0,"_uf_disable_surveys":false},"product_brand":[],"product_cat":[1420,1472,1414,1418,1396,1429],"product_tag":[],"class_list":{"0":"post-38386","1":"product","2":"type-product","3":"status-publish","4":"has-post-thumbnail","6":"product_cat-enorme","7":"product_cat-8-mars","8":"product_cat-evenement","9":"product_cat-luxe","10":"product_cat-panier-de-fleurs","11":"product_cat-pivoines","14":"first","15":"instock","16":"taxable","17":"shipping-taxable","18":"purchasable","19":"product-type-simple"},"_links":{"self":[{"href":"https:\/\/manakinfleurs.com\/fr\/wp-json\/wp\/v2\/product\/38386","targetHints":{"allow":["GET"]}}],"collection":[{"href":"https:\/\/manakinfleurs.com\/fr\/wp-json\/wp\/v2\/product"}],"about":[{"href":"https:\/\/manakinfleurs.com\/fr\/wp-json\/wp\/v2\/types\/product"}],"wp:featuredmedia":[{"embeddable":true,"href":"https:\/\/manakinfleurs.com\/fr\/wp-json\/wp\/v2\/media\/36049"}],"wp:attachment":[{"href":"https:\/\/manakinfleurs.com\/fr\/wp-json\/wp\/v2\/media?parent=38386"}],"wp:term":[{"taxonomy":"product_brand","embeddable":true,"href":"https:\/\/manakinfleurs.com\/fr\/wp-json\/wp\/v2\/product_brand?post=38386"},{"taxonomy":"product_cat","embeddable":true,"href":"https:\/\/manakinfleurs.com\/fr\/wp-json\/wp\/v2\/product_cat?post=38386"},{"taxonomy":"product_tag","embeddable":true,"href":"https:\/\/manakinfleurs.com\/fr\/wp-json\/wp\/v2\/product_tag?post=38386"}],"curies":[{"name":"wp","href":"https:\/\/api.w.org\/{rel}","templated":true}]}}