{"id":38373,"date":"2025-07-15T11:27:48","date_gmt":"2025-07-15T10:27:48","guid":{"rendered":"https:\/\/manakinfleurs.com\/?post_type=product&#038;p=38373"},"modified":"2025-09-22T11:21:28","modified_gmt":"2025-09-22T10:21:28","slug":"manakin-sun-gerberas-jaunes","status":"publish","type":"product","link":"https:\/\/manakinfleurs.com\/fr\/boutique\/manakin-sun-gerberas-jaunes\/","title":{"rendered":"Manakin Sun"},"content":{"rendered":"<p>Manakin Fleurs et D\u00e9corations est votre <strong>service de livraison de fleurs<\/strong> de confiance sur la C\u00f4te d\u2019Azur, couvrant <strong>Saint-Tropez, Cannes, Juan-les-Pins, Antibes, Saint-Paul-de-Vence, Nice, Saint-Jean-Cap-Ferrat, \u00c8ze, Monaco, Menton, et toute la r\u00e9gion M\u00e9diterran\u00e9enne<\/strong>.<\/p>\n<p><iframe loading=\"lazy\" title=\"Manakin Sun \u2013 La cr\u00e9ation estivale Manakin Sun\" src=\"https:\/\/www.youtube.com\/embed\/qjy0O9TsLZg\" width=\"315\" height=\"560\" frameborder=\"0\" allowfullscreen=\"allowfullscreen\"><\/iframe><\/p>\n","protected":false},"excerpt":{"rendered":"<h2 data-pm-slice=\"1 1 []\">Les Gerberas jaunes : La cr\u00e9ation estivale Manakin Sun<\/h2>\n<p data-pm-slice=\"1 1 []\">D\u00e9couvrez <strong>Manakin Sun<\/strong>, une d\u00e9claration florale vibrante et inoubliable qui capture l\u2019\u00e9nergie rayonnante de la C\u00f4te d\u2019Azur. Compos\u00e9 de <a href=\"https:\/\/manakinfleurs.com\/fr\/boutique\/?filter_flowers=gerbera&amp;filter_color=jaune\"><strong>450 gerberas jaunes \u00e9clatants<\/strong><\/a>, ce bouquet mono refl\u00e8te la chaleur dor\u00e9e du soleil m\u00e9diterran\u00e9en \u2014 particuli\u00e8rement celle de <a href=\"https:\/\/manakinfleurs.com\/fr\/livraison-fleurs-cote-azur-paca\/\">Monaco<\/a>. <\/p>\n<p data-pm-slice=\"1 1 []\">Rayonnant d\u2019un charme lumineux, <strong>Manakin Sun<\/strong> d\u00e9passe le simple bouquet \u2014 c\u2019est une \u00e9motion. Pens\u00e9e pour les amateurs de grandeur et de couleur, cette <a href=\"https:\/\/manakinfleurs.com\/fr\/categorie\/enorme\">composition XXL<\/a> est id\u00e9ale pour les c\u00e9l\u00e9brations, les <a href=\"https:\/\/manakinfleurs.com\/fr\/fleuriste-evenementiel-sur-la-cote-dazur\/\">\u00e9v\u00e9nements hauts de gamme<\/a>, les h\u00f4tels ou les cadeaux luxueux. <\/p>\n<p>Que vous c\u00e9l\u00e9briez sous le soleil de la Riviera ou que vous souhaitiez faire rayonner la joie \u00e0 distance, cette <a href=\"https:\/\/manakinfleurs.com\/fr\/boutique\/?filter_flowers=gerbera&amp;filter_color=jaune\">composition de <strong>gerb\u00e9ras jaunes<\/strong><\/a> laissera une impression inoubliable. Audacieuse, dor\u00e9e, impossible \u00e0 ignorer. <\/p>\n<p>&nbsp;<\/p>\n<p>&nbsp;<\/p>\n","protected":false},"featured_media":37690,"template":"","meta":{"_uf_show_specific_survey":0,"_uf_disable_surveys":false},"product_brand":[1447],"product_cat":[1437,1420,1427],"product_tag":[],"class_list":{"0":"post-38373","1":"product","2":"type-product","3":"status-publish","4":"has-post-thumbnail","6":"product_brand-manakin-fleurs","7":"product_cat-ete","8":"product_cat-enorme","9":"product_cat-mono-bouquets","12":"first","13":"instock","14":"taxable","15":"shipping-taxable","16":"purchasable","17":"product-type-simple"},"_links":{"self":[{"href":"https:\/\/manakinfleurs.com\/fr\/wp-json\/wp\/v2\/product\/38373","targetHints":{"allow":["GET"]}}],"collection":[{"href":"https:\/\/manakinfleurs.com\/fr\/wp-json\/wp\/v2\/product"}],"about":[{"href":"https:\/\/manakinfleurs.com\/fr\/wp-json\/wp\/v2\/types\/product"}],"wp:featuredmedia":[{"embeddable":true,"href":"https:\/\/manakinfleurs.com\/fr\/wp-json\/wp\/v2\/media\/37690"}],"wp:attachment":[{"href":"https:\/\/manakinfleurs.com\/fr\/wp-json\/wp\/v2\/media?parent=38373"}],"wp:term":[{"taxonomy":"product_brand","embeddable":true,"href":"https:\/\/manakinfleurs.com\/fr\/wp-json\/wp\/v2\/product_brand?post=38373"},{"taxonomy":"product_cat","embeddable":true,"href":"https:\/\/manakinfleurs.com\/fr\/wp-json\/wp\/v2\/product_cat?post=38373"},{"taxonomy":"product_tag","embeddable":true,"href":"https:\/\/manakinfleurs.com\/fr\/wp-json\/wp\/v2\/product_tag?post=38373"}],"curies":[{"name":"wp","href":"https:\/\/api.w.org\/{rel}","templated":true}]}}