{"id":38310,"date":"2025-07-17T10:20:08","date_gmt":"2025-07-17T09:20:08","guid":{"rendered":"https:\/\/manakinfleurs.com\/?post_type=product&#038;p=38310"},"modified":"2025-09-22T11:21:27","modified_gmt":"2025-09-22T10:21:27","slug":"eva-bouquet-gerberas-blancs","status":"publish","type":"product","link":"https:\/\/manakinfleurs.com\/fr\/boutique\/eva-bouquet-gerberas-blancs\/","title":{"rendered":"EVA"},"content":{"rendered":"<h3 class=\"mb-xs mt-5 text-base font-[500] first:mt-0 dark:font-[475]\">Le cadeau parfait pour toutes les occasions<\/h3>\n<p class=\"my-0\">La palette harmonieuse et la forme \u00e9l\u00e9gante du bouquet EVA en font un cadeau exceptionnel pour\u202f:<\/p>\n<ul class=\"marker:text-textOff list-disc\">\n<li>\n<p class=\"my-0\">C\u00e9l\u00e9brations sp\u00e9ciales (anniversaires, f\u00eates)<\/p>\n<\/li>\n<li>\n<p class=\"my-0\">Gestes \u00e9l\u00e9gants pour les personnes raffin\u00e9es<\/p>\n<\/li>\n<li>\n<p class=\"my-0\">\u00c9v\u00e9nements d\u2019\u00e9t\u00e9 et garden-parties<\/p>\n<\/li>\n<li>\n<p class=\"my-0\">Moments o\u00f9 vous souhaitez marquer les esprits avec gr\u00e2ce et raffinement<\/p>\n<\/li>\n<\/ul>\n<p><iframe loading=\"lazy\" title=\"EVA \u2013 Cadeau floral \u00e9l\u00e9gant pour l\u2019\u00e9t\u00e9\" src=\"https:\/\/www.youtube.com\/embed\/dINIkoo-gWM\" width=\"315\" height=\"560\" frameborder=\"0\" allowfullscreen=\"allowfullscreen\"><\/iframe><\/p>\n<h3><\/h3>\n<h3 class=\"mb-xs mt-5 text-base font-[500] first:mt-0 dark:font-[475]\">Manakin Fleurs et D\u00e9coration\u202f: la livraison de luxe<\/h3>\n<ul class=\"marker:text-textOff list-disc\">\n<li>\n<p class=\"my-0\"><strong>Livraison sans souci <\/strong>: Profitez d\u2019un service rapide et s\u00fbr sur toute la C\u00f4te d\u2019Azur, incluant Saint-Tropez, Cannes, Juan-les-Pins, Antibes, Saint-Paul-de-Vence, Nice, Saint-Jean-Cap-Ferrat, \u00c8ze, Monaco, et Menton. Pour les grandes commandes, des arrangements sp\u00e9ciaux peuvent \u00eatre propos\u00e9s. <\/p>\n<\/li>\n<li>\n<p class=\"my-0\"><strong>Garantie de saisonnalit\u00e9<\/strong> : Nos bouquets sont compos\u00e9s en fonction de la saison pour garantir fra\u00eecheur et beaut\u00e9. En cas d\u2019indisponibilit\u00e9 de certaines fleurs, des substitutions \u00e9l\u00e9gantes respectant l\u2019esth\u00e9tique souhait\u00e9e seront faites. Si la composition exacte est impossible, notre \u00e9quipe vous contactera pour la meilleure solution.  <\/p>\n<\/li>\n<\/ul>\n","protected":false},"excerpt":{"rendered":"<h2><span data-sheets-root=\"1\">\u00c9l\u00e9gance intemporelle avec le bouquet de gerberas blancs<\/span><\/h2>\n<h3 class=\"mb-xs mt-5 text-base font-[500] first:mt-0 dark:font-[475]\">Bouquet de gerberas blancs \u2013 l\u2019art floral raffin\u00e9 de l\u2019\u00e9t\u00e9<\/h3>\n<p>Pr\u00e9sentation <strong>d\u2019EVA<\/strong>, un <a href=\"https:\/\/manakinfleurs.com\/fr\/categorie\/ete\">bouquet d\u2019\u00e9t\u00e9<\/a> \u00e0 couper le souffle qui incarne l\u2019\u00e9l\u00e9gance et la sophistication. Cette composition luxueuse met en avant des <a href=\"https:\/\/manakinfleurs.com\/fr\/boutique\/?filter_flowers=gerbera\">gerberas blancs<\/a> \u00e9clatants, <a href=\"https:\/\/manakinfleurs.com\/fr\/boutique\/?filter_flowers=eustoma\">des lisianthus d\u00e9licats<\/a>, de <a href=\"https:\/\/manakinfleurs.com\/fr\/boutique\/?filter_flowers=camomille\">la camomille envo\u00fbtante<\/a> et de <strong>l\u2019ammi <\/strong>gracieux, r\u00e9unis dans une cr\u00e9ation volumineuse et a\u00e9rienne de 50 \u00e0 60 cm de diam\u00e8tre. Parfait pour une femme raffin\u00e9e ou pour toute personne appr\u00e9ciant la beaut\u00e9 florale intemporelle. <\/p>\n<h3 class=\"mb-xs mt-5 text-base font-[500] first:mt-0 dark:font-[475]\">Points forts du bouquet EVA<\/h3>\n<ul class=\"marker:text-textOff list-disc\">\n<li>\n<p class=\"my-0\"><strong>Fleurs blanches exquises<\/strong> : Les gerberas blancs lumineux et les lisianthus sont les points forts du bouquet, symboles de puret\u00e9 et d\u2019\u00e9l\u00e9gance.<\/p>\n<\/li>\n<li>\n<p class=\"my-0\"><strong>Charme naturel<\/strong> : La camomille et l\u2019ammi ajoutent une touche fra\u00eeche, douce et subtile \u00e0 l\u2019ensemble gr\u00e2ce \u00e0 leurs textures d\u00e9licates et un parfum discret.<\/p>\n<\/li>\n<li>\n<p class=\"my-0\"><strong>Feuillage luxuriant<\/strong> : Un feuillage soigneusement s\u00e9lectionn\u00e9 encadre parfaitement les fleurs, sublimant l\u2019aspect chic et \u00e9l\u00e9gant du bouquet.<\/p>\n<\/li>\n<\/ul>\n","protected":false},"featured_media":37738,"template":"","meta":{"_uf_show_specific_survey":0,"_uf_disable_surveys":false},"product_brand":[1447],"product_cat":[1437,1402,1392,1431],"product_tag":[],"class_list":{"0":"post-38310","1":"product","2":"type-product","3":"status-publish","4":"has-post-thumbnail","6":"product_brand-manakin-fleurs","7":"product_cat-ete","8":"product_cat-anniversaire","9":"product_cat-fleurs-pour-naissance","10":"product_cat-romantique","13":"first","14":"instock","15":"taxable","16":"shipping-taxable","17":"purchasable","18":"product-type-simple"},"_links":{"self":[{"href":"https:\/\/manakinfleurs.com\/fr\/wp-json\/wp\/v2\/product\/38310","targetHints":{"allow":["GET"]}}],"collection":[{"href":"https:\/\/manakinfleurs.com\/fr\/wp-json\/wp\/v2\/product"}],"about":[{"href":"https:\/\/manakinfleurs.com\/fr\/wp-json\/wp\/v2\/types\/product"}],"wp:featuredmedia":[{"embeddable":true,"href":"https:\/\/manakinfleurs.com\/fr\/wp-json\/wp\/v2\/media\/37738"}],"wp:attachment":[{"href":"https:\/\/manakinfleurs.com\/fr\/wp-json\/wp\/v2\/media?parent=38310"}],"wp:term":[{"taxonomy":"product_brand","embeddable":true,"href":"https:\/\/manakinfleurs.com\/fr\/wp-json\/wp\/v2\/product_brand?post=38310"},{"taxonomy":"product_cat","embeddable":true,"href":"https:\/\/manakinfleurs.com\/fr\/wp-json\/wp\/v2\/product_cat?post=38310"},{"taxonomy":"product_tag","embeddable":true,"href":"https:\/\/manakinfleurs.com\/fr\/wp-json\/wp\/v2\/product_tag?post=38310"}],"curies":[{"name":"wp","href":"https:\/\/api.w.org\/{rel}","templated":true}]}}