{"id":38305,"date":"2018-07-21T10:16:59","date_gmt":"2018-07-21T09:16:59","guid":{"rendered":"https:\/\/manakinfleurs.com\/?post_type=product&#038;p=38305"},"modified":"2025-09-22T11:21:26","modified_gmt":"2025-09-22T10:21:26","slug":"pink-cloud-bouquet-hortensias-roses","status":"publish","type":"product","link":"https:\/\/manakinfleurs.com\/fr\/boutique\/pink-cloud-bouquet-hortensias-roses\/","title":{"rendered":"PINK CLOUD"},"content":{"rendered":"<h3>Occasions parfaites pour les hortensias roses<\/h3>\n<p class=\"my-0\">Le <strong>bouquet Pink Cloud<\/strong> est le choix id\u00e9al pour\u202f:<\/p>\n<ul>\n<li class=\"my-0\"><a href=\"https:\/\/manakinfleurs.com\/fr\/categorie\/romantique\/\"><strong>Geste romantique<\/strong><\/a> ou d\u00e9claration d\u2019amour (bouquet d\u2019hortensias roses)<\/li>\n<li class=\"my-0\"><a href=\"https:\/\/manakinfleurs.com\/fr\/categorie\/anniversaire-de-mariage\/\"><strong>Anniversaires<\/strong><\/a> et c\u00e9l\u00e9bration de grandes \u00e9tapes relationnelles<\/li>\n<li class=\"my-0\"><a href=\"https:\/\/manakinfleurs.com\/fr\/categorie\/anniversaire\/\"><strong>Cadeau d\u2019anniversaire<\/strong><\/a> pour une personne sp\u00e9ciale qui m\u00e9rite le luxe<\/li>\n<li class=\"my-0\"><strong>Remercier avec \u00e9l\u00e9gance<\/strong> \u2013 un bouquet d\u2019hortensias couleur rose sinc\u00e8re et raffin\u00e9<\/li>\n<li class=\"my-0\"><strong>Pr\u00e9senter des excuses<\/strong> avec sinc\u00e9rit\u00e9, gr\u00e2ce \u00e0 la douceur des hortensias roses<\/li>\n<li class=\"my-0\"><a href=\"https:\/\/manakinfleurs.com\/fr\/categorie\/decor-floral-maison\/\"><strong>D\u00e9corer votre int\u00e9rieur<\/strong><\/a> en apportant chaleur et \u00e9l\u00e9gance \u00e0 n\u2019importe quelle pi\u00e8ce (bouquet hortensias roses)<\/li>\n<\/ul>\n<p><iframe loading=\"lazy\" title=\"Pink Cloud \u2013 La douceur \u00e0 port\u00e9e de main avec des hortensias roses\" src=\"https:\/\/www.youtube.com\/embed\/fwFy3eYNW54\" width=\"315\" height=\"560\" frameborder=\"0\" allowfullscreen=\"allowfullscreen\"><\/iframe><\/p>\n<h3 class=\"mb-xs mt-5 text-base font-[500] first:mt-0 dark:font-[475]\">Le soin expert pour une beaut\u00e9 durable<\/h3>\n<p>Les hortensias roses sont c\u00e9l\u00e8bres pour leur beaut\u00e9, mais n\u00e9cessitent des soins sp\u00e9cifiques pour pr\u00e9server toute leur fra\u00eecheur<span class=\"whitespace-nowrap\">. <\/span>Nos fleuristes experts s\u2019assurent que votre bouquet arrive en parfait \u00e9tat\u202f: avec un entretien adapt\u00e9, ces magnifiques fleurs peuvent tenir<strong> 7 \u00e0 10 jours<\/strong>, voire plus longtemps. <span class=\"whitespace-nowrap\">.<\/span><\/p>\n<h3 class=\"my-0\"><strong>Conseils d\u2019entretien professionnel\u202f:<\/strong><\/h3>\n<ul>\n<li class=\"my-0\"><strong>Hydratation essentielle<\/strong>\u202f: Les hortensias roses peuvent absorber l\u2019eau par leurs p\u00e9tales.<\/li>\n<li class=\"my-0\"><strong>Eau propre chaque jour<\/strong>\u202f: Renouvelez quotidiennement l\u2019eau du vase pour \u00e9viter la prolif\u00e9ration des bact\u00e9ries.<\/li>\n<li class=\"my-0\"><strong>R\u00e9veil \u00e0 l\u2019eau ti\u00e8de<\/strong>\u202f: Une br\u00e8ve immersion des fleurs dans de l\u2019eau ti\u00e8de peut raviver les t\u00eates fan\u00e9es.<\/li>\n<\/ul>\n<h3 class=\"mb-xs mt-5 text-base font-[500] first:mt-0 dark:font-[475]\">Livraison premium sur toute la C\u00f4te d\u2019Azur<\/h3>\n<p class=\"my-0\"><a href=\"https:\/\/manakinfleurs.com\/\"><strong>Manakin Fleurs et D\u00e9corations<\/strong><\/a> propose un service fiable et <a href=\"https:\/\/manakinfleurs.com\/flower-shop\/\">luxueux <\/a>de livraison florale sur toute la prestigieuse C\u00f4te d\u2019Azur. Votre <strong>bouquet Pink Cloud<\/strong> est transport\u00e9 avec le plus grand soin pour garantir fra\u00eecheur et \u00e9l\u00e9gance, livr\u00e9 notamment \u00e0\u202f: <\/p>\n<ul>\n<li class=\"my-0\">Saint-Tropez, <a href=\"https:\/\/manakinfleurs.com\/delivery\/flower-delivery-in-cannes-06400\/\">Cannes<\/a>, Juan-les-Pins, Antibes<\/li>\n<li class=\"my-0\">Saint-Paul-de-Vence, <a href=\"https:\/\/manakinfleurs.com\/delivery\/flower-delivery-in-nice-cote-d-azur\/\">Nice<\/a>, <a href=\"https:\/\/manakinfleurs.com\/delivery\/flower-delivery-saint-jean-cap-ferrat\/\">Saint-Jean-Cap-Ferrat<\/a><\/li>\n<li class=\"my-0\">\u00c9ze, <a href=\"https:\/\/manakinfleurs.com\/delivery\/premium-flower-delivery-in-monaco\/\">Monaco<\/a>, Menton et toute la C\u00f4te d\u2019Azur<\/li>\n<\/ul>\n","protected":false},"excerpt":{"rendered":"<h2 id=\"pink-cloud-softness-in-your-hands-with-pink-hydran\" class=\"mb-2 mt-6 text-base font-[500] first:mt-0 md:text-lg dark:font-[475] [hr+&amp;]:mt-4\">Pink Cloud\u202f: douceur entre vos mains avec des hortensias roses<\/h2>\n<p>D\u00e9couvrez <strong>l\u2019expression ultime du luxe d\u00e9licat<\/strong> avec notre bouquet Pink Cloud\u202f: une composition \u00e9poustouflante <strong>d\u2019hortensias roses<\/strong> empreints de gr\u00e2ce, d\u2019\u00e9l\u00e9gance et de tendresse. Ce bouquet exceptionnel incarne la douceur et la romance, le geste id\u00e9al pour les instants les plus marquants de la vie. <\/p>\n<h3 class=\"mb-xs mt-5 text-base font-[500] first:mt-0 dark:font-[475]\">La beaut\u00e9 des hortensias roses<\/h3>\n<p>Notre <strong>bouquet Pink Cloud<\/strong> se distingue par des <a href=\"https:\/\/manakinfleurs.com\/fr\/boutique\/?filter_flowers=hortensia&amp;filter_color=rose\"><strong>hortensias roses<\/strong><\/a> volumineux aux nuances douces, du rose tendre au rose profond<span class=\"whitespace-nowrap\">. <\/span>Chaque fleur symbolise <strong>l\u2019\u00e9motion sinc\u00e8re<\/strong>, <strong>l\u2019affection et la reconnaissance<\/strong>, rendant ces fleurs parfaites pour exprimer des <strong>sentiments authentiques <\/strong>et cr\u00e9er des souvenirs inoubliables.  <\/p>\n<h3 class=\"mb-xs mt-5 text-base font-[500] first:mt-0 dark:font-[475]\">Pourquoi les hortensias roses sont si sp\u00e9ciaux\u202f?<\/h3>\n<ul>\n<li class=\"my-0\"><strong>Symbolique\u202f<\/strong>: Les hortensias roses symbolisent la <strong>romance, la tendresse et l\u2019\u00e9motion profonde<\/strong><span class=\"whitespace-nowrap\">. <\/span>Selon la tradition japonaise, ils incarnent les v\u00e9ritables sentiments \u2014 leur forme rappelle un c\u0153ur battant<span class=\"whitespace-nowrap\">.<\/span><\/li>\n<li class=\"my-0\"><strong>Emotional Connection<\/strong>: These flowers convey <strong>gratitude, love, and appreciation<\/strong>, perfect for expressing sincere emotions when words aren&#8217;t enough.<\/li>\n<li class=\"my-0\"><strong>Impact visuel<\/strong> : Les p\u00e9tales g\u00e9n\u00e9reux de chaque fleur cr\u00e9ent une apparence <strong>luxuriante, vaporeuse comme un nuage<\/strong>, qui attire tous les regards dans n\u2019importe quel d\u00e9cor.<\/li>\n<\/ul>\n","protected":false},"featured_media":37900,"template":"","meta":{"_uf_show_specific_survey":0,"_uf_disable_surveys":false},"product_brand":[1447],"product_cat":[1423,1402,1390,1392,1418],"product_tag":[],"class_list":{"0":"post-38305","1":"product","2":"type-product","3":"status-publish","4":"has-post-thumbnail","6":"product_brand-manakin-fleurs","7":"product_cat-hortensias","8":"product_cat-anniversaire","9":"product_cat-anniversaire-de-mariage","10":"product_cat-fleurs-pour-naissance","11":"product_cat-luxe","14":"first","15":"outofstock","16":"taxable","17":"shipping-taxable","18":"purchasable","19":"product-type-simple"},"_links":{"self":[{"href":"https:\/\/manakinfleurs.com\/fr\/wp-json\/wp\/v2\/product\/38305","targetHints":{"allow":["GET"]}}],"collection":[{"href":"https:\/\/manakinfleurs.com\/fr\/wp-json\/wp\/v2\/product"}],"about":[{"href":"https:\/\/manakinfleurs.com\/fr\/wp-json\/wp\/v2\/types\/product"}],"wp:featuredmedia":[{"embeddable":true,"href":"https:\/\/manakinfleurs.com\/fr\/wp-json\/wp\/v2\/media\/37900"}],"wp:attachment":[{"href":"https:\/\/manakinfleurs.com\/fr\/wp-json\/wp\/v2\/media?parent=38305"}],"wp:term":[{"taxonomy":"product_brand","embeddable":true,"href":"https:\/\/manakinfleurs.com\/fr\/wp-json\/wp\/v2\/product_brand?post=38305"},{"taxonomy":"product_cat","embeddable":true,"href":"https:\/\/manakinfleurs.com\/fr\/wp-json\/wp\/v2\/product_cat?post=38305"},{"taxonomy":"product_tag","embeddable":true,"href":"https:\/\/manakinfleurs.com\/fr\/wp-json\/wp\/v2\/product_tag?post=38305"}],"curies":[{"name":"wp","href":"https:\/\/api.w.org\/{rel}","templated":true}]}}