{"id":38283,"date":"2025-08-12T14:47:52","date_gmt":"2025-08-12T13:47:52","guid":{"rendered":"https:\/\/manakinfleurs.com\/?post_type=product&#038;p=38283"},"modified":"2025-09-22T11:12:12","modified_gmt":"2025-09-22T10:12:12","slug":"fuchsia-blooms-boite-a-fleurs-de-luxe","status":"publish","type":"product","link":"https:\/\/manakinfleurs.com\/fr\/boutique\/fuchsia-blooms-boite-a-fleurs-de-luxe\/","title":{"rendered":"FUCHSIA BLOOMS"},"content":{"rendered":"<h3>Parfait pour :<\/h3>\n<ul>\n<li data-start=\"1314\" data-end=\"1349\"><a href=\"\/fr\/categorie\/romantique\">Gestes romantiques<\/a> &amp; <a href=\"\/fr\/categorie\/mariage\">anniversaires<\/a><\/li>\n<li data-start=\"1352\" data-end=\"1391\"><a href=\"\/fr\/categorie\/mariage\">Mariages<\/a> et <a href=\"\/fr\/categorie\/evenement\"><strong data-start=\"1368\" data-end=\"1389\">d\u00e9corations florales pour \u00e9v\u00e9nements<\/strong> de gala<\/a><\/li>\n<li data-start=\"1394\" data-end=\"1435\">D\u00e9coration florale \u00e9l\u00e9gante pour la <a href=\"\/fr\/categorie\/decor-floral-maison\"><strong data-start=\"1402\" data-end=\"1433\">maison ou le bureau<\/strong><\/a><\/li>\n<li data-start=\"1438\" data-end=\"1525\">Livraisons sp\u00e9ciales avec des options de<strong data-start=\"1462\" data-end=\"1492\"> <a href=\"\/fr\/livraison-fleurs-cote-azur-paca\/\">livraison <\/a>de bo\u00eete \u00e0 fleurs de <a href=\"\/fr\/categorie\/luxe\">luxe <\/a><\/strong>sur toute la C\u00f4te d\u2019Azur<\/li>\n<\/ul>\n<p>Faites forte impression, surprenez un \u00eatre cher ou transformez votre espace avec nos compositions florales soigneusement cr\u00e9\u00e9es dans une <strong data-start=\"1628\" data-end=\"1652\">bo\u00eete \u00e0 fleurs de luxe<\/strong>.<\/p>\n<p><iframe loading=\"lazy\" title=\"FUCHSIA BLOOMS \u2013 L\u2019ultime bo\u00eete \u00e0 fleurs de luxe\" src=\"https:\/\/www.youtube.com\/embed\/8ProeQw8CQo\" width=\"315\" height=\"560\" frameborder=\"0\" allowfullscreen=\"allowfullscreen\"><span data-mce-type=\"bookmark\" style=\"display: inline-block; width: 0px; overflow: hidden; line-height: 0;\" class=\"mce_SELRES_start\"><\/span><\/iframe><\/p>\n<p>&nbsp;<\/p>\n<h3>Bien plus qu\u2019un simple bouquet<\/h3>\n<p data-start=\"4726\" data-end=\"4940\">La <strong data-start=\"4730\" data-end=\"4766\">bo\u00eete \u00e0 fleurs de luxe FUCHSIA BLOOMS <\/strong>est bien plus qu\u2019une simple composition florale : c\u2019est une v\u00e9ritable <strong data-start=\"4806\" data-end=\"4847\">d\u00e9claration de go\u00fbt et de raffinement<\/strong>. Elle s\u2019adresse \u00e0 celles et ceux qui appr\u00e9cient la beaut\u00e9, non seulement dans la nature, mais aussi dans la mani\u00e8re dont elle est mise en valeur.<\/p>\n<p data-start=\"4942\" data-end=\"5178\">Qu\u2019elle soit pos\u00e9e sur une console en marbre dans votre villa \u00e0 Cannes ou au centre d\u2019une r\u00e9ception \u00e0 Saint-Paul-de-Vence, <strong data-start=\"5059\" data-end=\"5077\">FUCHSIA BLOOMS<\/strong> devient une pi\u00e8ce ma\u00eetresse, cr\u00e9atrice de souvenirs et une expression de la <strong data-start=\"5145\" data-end=\"5175\">beaut\u00e9 de la vie.<\/strong><\/p>\n<p data-start=\"5180\" data-end=\"5300\">\ud83c\udf38 <em data-start=\"5183\" data-end=\"5298\">Commandez votre FUCHSIA BLOOMS d\u00e8s aujourd\u2019hui et laissez les meilleurs fleuristes de la C\u00f4te d\u2019Azur livrer l\u2019\u00e9l\u00e9gance florale directement chez vous.<\/em><\/p>\n<h3 data-start=\"5180\" data-end=\"5300\">Questions fr\u00e9quemment pos\u00e9es (FAQ)<\/h3>\n<details>\n<summary>Combien de temps ma bo\u00eete \u00e0 fleurs de luxe FUCHSIA BLOOMS va-t-elle durer ?<\/summary>\n<div>Avec un entretien appropri\u00e9, votre bo\u00eete \u00e0 fleurs de luxe conservera toute sa beaut\u00e9 pendant 7 \u00e0 12 jours, certaines fleurs pouvant durer encore plus longtemps.<\/div>\n<\/details>\n<details>\n<summary>Puis-je personnaliser les couleurs de ma bo\u00eete \u00e0 fleurs de luxe ?<\/summary>\n<div>Oui ! Bien que FUCHSIA BLOOMS soit con\u00e7u avec une palette de couleurs sp\u00e9cifique, nous pouvons adapter la composition \u00e0 vos pr\u00e9f\u00e9rences tout en pr\u00e9servant l\u2019esth\u00e9tique luxueuse de la bo\u00eete \u00e0 fleurs de luxe.<\/div>\n<\/details>\n<details>\n<summary>Cette bo\u00eete \u00e0 fleurs de luxe convient-elle aux cadeaux d\u2019entreprise ?<\/summary>\n<div>Absolument ! La palette de couleurs raffin\u00e9e et la pr\u00e9sentation haut de gamme font de cette bo\u00eete \u00e0 fleurs de luxe le cadeau id\u00e9al pour la direction, la reconnaissance des clients ou la d\u00e9coration de bureau.<\/div>\n<\/details>\n<details>\n<summary>Proposez-vous la livraison le jour m\u00eame pour cette bo\u00eete \u00e0 fleurs de luxe ?<\/summary>\n<div>Proposez-vous la livraison le jour m\u00eame pour cette bo\u00eete \u00e0 fleurs de luxe ?<\/div>\n<\/details>\n<details>\n<summary>Proposez-vous la livraison le jour m\u00eame pour cette bo\u00eete \u00e0 fleurs de luxe ?<\/summary>\n<div>Oui, Manakin Fleurs propose la livraison le jour m\u00eame sur toute la C\u00f4te d\u2019Azur, y compris Monaco, Nice, Cannes et les environs, selon disponibilit\u00e9.<\/div>\n<\/details>\n<details>\n<summary>Que se passe-t-il si certaines fleurs ne sont pas disponibles ?<\/summary>\n<div>Nous vous contacterons imm\u00e9diatement pour discuter d\u2019alternatives haut de gamme qui pr\u00e9serveront l\u2019esth\u00e9tique luxueuse et l\u2019harmonie des couleurs de la bo\u00eete \u00e0 fleurs de luxe.<\/div>\n<\/details>\n<p><a href=\"https:\/\/manakinfleurs.com\/\"><strong>Manakin Fleurs et D\u00e9corations<\/strong><\/a> est votre <strong>service de livraison de fleurs de confiance<\/strong> dans la r\u00e9gion, couvrant <strong>Saint-Tropez, Cannes, Juan-les-Pins, Antibes, Saint-Paul-de-Vence, Nice, Saint-Jean-Cap-Ferrat, \u00c8ze, Monaco, Menton<\/strong> et toute la <strong>C\u00f4te d\u2019Azur<\/strong>. Par ailleurs, sous certaines conditions et pour les grandes commandes, nous pouvons assurer la livraison dans d\u2019autres r\u00e9gions plus \u00e9loign\u00e9es.<\/p>\n<p>Veuillez noter que la disponibilit\u00e9 de nos <strong>fleurs <\/strong>d\u00e9pend des saisons, et l\u2019assortiment peut varier selon ce qui est accessible au moment de votre commande.<br \/>\nSi certaines <strong>fleurs sp\u00e9cifiques<\/strong> ne sont pas disponibles, nous les remplacerons par l\u2019\u00e9quivalent le plus proche afin de pr\u00e9server l\u2019esth\u00e9tique g\u00e9n\u00e9rale souhait\u00e9e. Si, pour une raison quelconque, la cr\u00e9ation de votre <strong>bouquet <\/strong>s\u2019av\u00e8re impossible, soyez assur\u00e9(e) que nous vous contacterons rapidement pour en discuter en d\u00e9tail.<\/p>\n","protected":false},"excerpt":{"rendered":"<h2>Coffret de fleurs de luxe pour offrir &amp; d\u00e9corer<\/h2>\n<p>Sublimez chaque occasion avec <strong data-start=\"521\" data-end=\"557\">la bo\u00eete \u00e0 fleurs de luxe FUCHSIA BLOOMS<\/strong>, une composition <strong data-start=\"569\" data-end=\"596\">florale haut de gamme<\/strong> con\u00e7ue pour impressionner. Id\u00e9ale comme<strong data-start=\"643\" data-end=\"669\"> bo\u00eete \u00e0 fleurs cadeau de luxe<\/strong>, centre de <strong data-start=\"671\" data-end=\"692\">table \u00e9v\u00e9nementiel<\/strong> ou <strong data-start=\"697\" data-end=\"721\">pi\u00e8ce d\u00e9corative \u00e9l\u00e9gante pour la maison<\/strong>, cette cr\u00e9ation florale r\u00e9unit beaut\u00e9, textures et couleurs dans une pr\u00e9sentation spectaculaire.<\/p>\n<p>&nbsp;<\/p>\n<h3>Une s\u00e9lection exclusive de fleurs prestigieuses<\/h3>\n<ul>\n<li data-start=\"852\" data-end=\"898\"><a href=\"\/fr\/boutique\/?filter_flowers=eustoma&amp;filter_color=violets\"><strong data-start=\"852\" data-end=\"873\">Lisianthus violet<\/strong> <\/a>\u2013 charme doux et romantique<\/li>\n<li data-start=\"901\" data-end=\"945\"><a href=\"https:\/\/manakinfleurs.com\/fr\/boutique\/?filter_color=rose\"><strong data-start=\"901\" data-end=\"917\">Celosia rose<\/strong><\/a> \u2013 beaut\u00e9 textur\u00e9e et unique<\/li>\n<li data-start=\"948\" data-end=\"991\"><a href=\"https:\/\/manakinfleurs.com\/fr\/boutique\/?filter_flowers=les-dahlias&amp;filter_color=bourgogne\"><strong data-start=\"948\" data-end=\"967\">Dahlia bordeaux <\/strong><\/a>\u2013 \u00e9l\u00e9gance profonde et affirm\u00e9e<\/li>\n<li data-start=\"994\" data-end=\"1035\"><a href=\"https:\/\/manakinfleurs.com\/fr\/boutique\/?filter_flowers=rose&amp;filter_color=rose\"><strong data-start=\"994\" data-end=\"1014\">Roses Pink Floyd<\/strong><\/a> \u2013 romantisme intemporel<\/li>\n<\/ul>\n<p>Chaque tige est s\u00e9lectionn\u00e9e \u00e0 la main pour sa fra\u00eecheur et dispos\u00e9e dans une \u00e9l\u00e9gante bo\u00eete ronde, cr\u00e9ant ainsi l\u2019une de nos <strong data-start=\"1150\" data-end=\"1173\">bo\u00eetes \u00e0 fleurs de luxe <\/strong>les plus pris\u00e9es. Le m\u00e9lange harmonieux de roses tendres, de bordeaux profonds et de violet enchanteur conf\u00e8re une sophistication intemporelle \u00e0 tous les environnements.<\/p>\n<p>&nbsp;<\/p>\n<p>&nbsp;<\/p>\n","protected":false},"featured_media":38137,"template":"","meta":{"_uf_show_specific_survey":0,"_uf_disable_surveys":false},"product_brand":[1447],"product_cat":[1404,1416,1414,1431,1433],"product_tag":[],"class_list":{"0":"post-38283","1":"product","2":"type-product","3":"status-publish","4":"has-post-thumbnail","6":"product_brand-manakin-fleurs","7":"product_cat-boite-de-fleurs","8":"product_cat-decor-floral-maison","9":"product_cat-evenement","10":"product_cat-romantique","11":"product_cat-bouquets-de-roses","14":"first","15":"instock","16":"taxable","17":"shipping-taxable","18":"purchasable","19":"product-type-simple"},"_links":{"self":[{"href":"https:\/\/manakinfleurs.com\/fr\/wp-json\/wp\/v2\/product\/38283","targetHints":{"allow":["GET"]}}],"collection":[{"href":"https:\/\/manakinfleurs.com\/fr\/wp-json\/wp\/v2\/product"}],"about":[{"href":"https:\/\/manakinfleurs.com\/fr\/wp-json\/wp\/v2\/types\/product"}],"wp:featuredmedia":[{"embeddable":true,"href":"https:\/\/manakinfleurs.com\/fr\/wp-json\/wp\/v2\/media\/38137"}],"wp:attachment":[{"href":"https:\/\/manakinfleurs.com\/fr\/wp-json\/wp\/v2\/media?parent=38283"}],"wp:term":[{"taxonomy":"product_brand","embeddable":true,"href":"https:\/\/manakinfleurs.com\/fr\/wp-json\/wp\/v2\/product_brand?post=38283"},{"taxonomy":"product_cat","embeddable":true,"href":"https:\/\/manakinfleurs.com\/fr\/wp-json\/wp\/v2\/product_cat?post=38283"},{"taxonomy":"product_tag","embeddable":true,"href":"https:\/\/manakinfleurs.com\/fr\/wp-json\/wp\/v2\/product_tag?post=38283"}],"curies":[{"name":"wp","href":"https:\/\/api.w.org\/{rel}","templated":true}]}}