{"id":39597,"date":"2023-05-02T15:15:22","date_gmt":"2023-05-02T14:15:22","guid":{"rendered":"https:\/\/manakinfleurs.com\/decorations-florales-pour-mariage\/mariage-vera-danila\/"},"modified":"2026-01-09T11:43:17","modified_gmt":"2026-01-09T10:43:17","slug":"mariage-vera-danila","status":"publish","type":"page","link":"https:\/\/manakinfleurs.com\/fr\/decorations-florales-pour-mariage\/mariage-vera-danila\/","title":{"rendered":"Mariage &#8211; Vera &amp; Danila"},"content":{"rendered":"\t\t<div data-elementor-type=\"wp-page\" data-elementor-id=\"39597\" class=\"elementor elementor-39597 elementor-29834\">\n\t\t\t\t\t\t<section class=\"elementor-section elementor-top-section elementor-element elementor-element-c8e3d07 elementor-section-boxed elementor-section-height-default elementor-section-height-default\" data-id=\"c8e3d07\" data-element_type=\"section\" data-e-type=\"section\">\n\t\t\t\t\t\t<div class=\"elementor-container elementor-column-gap-default\">\n\t\t\t\t\t<div class=\"elementor-column elementor-col-100 elementor-top-column elementor-element elementor-element-66016b29\" data-id=\"66016b29\" data-element_type=\"column\" data-e-type=\"column\">\n\t\t\t<div class=\"elementor-widget-wrap elementor-element-populated\">\n\t\t\t\t\t\t<div class=\"elementor-element elementor-element-45add3e elementor-widget elementor-widget-text-editor\" data-id=\"45add3e\" data-element_type=\"widget\" data-e-type=\"widget\" data-widget_type=\"text-editor.default\">\n\t\t\t\t\t\t\t\t\t<p>Au mariage de Vera et Danila, nous avons cr\u00e9\u00e9 des <strong>arrangements floraux extr\u00eamement romantiques<\/strong>. Nous avons utilis\u00e9 une multitude <strong>de Roses<\/strong> de couleurs diff\u00e9rentes et ajout\u00e9 des <strong>fleurs sp\u00e9ciales<\/strong> comme les Hortensias Hollandais dans des teintes de bleu, vert et lilas. Nous avons \u00e9galement inclus de brillantes Pivoines dans diverses teintes de rose. Nous avons construit un mur entier de fleurs color\u00e9es \u00e0 c\u00f4t\u00e9 du panneau d&#8217;affichage qui disait \u00ab Together is a wonderful place to be \u00bb. Nous avons \u00e9galement r\u00e9alis\u00e9 une arche florale en utilisant les m\u00eames fleurs color\u00e9es, entour\u00e9es de beaucoup de feuillage vert. Cette d\u00e9coration a rendu le mariage frais et romantique. Nous avons voulu montrer \u00e0 quel point Vera et Danila sont jeunes, spontan\u00e9s et romantiques. L&#8217;\u00e9v\u00e9nement a eu lieu dans une Villa priv\u00e9e \u00e0 Cap d&#8217;Ail.       <\/p>\n<p>En tant que <strong>planificateur de mariage sur la Riviera Fran\u00e7<\/strong>aise, nous aimons cr\u00e9er <strong>des arrangements floraux<\/strong> sp\u00e9ciaux et <strong>des d\u00e9corateurs<\/strong>. Nous pouvons vous aider pour des mariages \u00e0 Cannes, Monaco et Saint-Tropez. Si vous avez besoin d&#8217;une belle d\u00e9coration ou d&#8217;une <strong>composition florale<\/strong> pour <strong>votre mariage<\/strong>, nous sommes l\u00e0 pour remplir votre journ\u00e9e de beaut\u00e9 et d&#8217;amour.  <\/p>\t\t\t\t\t\t\t\t<\/div>\n\t\t\t\t<div class=\"elementor-element elementor-element-6f5a41c8 elementor-widget elementor-widget-text-editor\" data-id=\"6f5a41c8\" data-element_type=\"widget\" data-e-type=\"widget\" data-widget_type=\"text-editor.default\">\n\t\t\t\t\t\t\t\t\t\n<figure class=\"wp-block-gallery has-nested-images columns-default is-cropped wp-block-gallery-1 is-layout-flex wp-block-gallery-is-layout-flex\">\n<figure class=\"wp-block-image size-large\"><img loading=\"lazy\" decoding=\"async\" width=\"751\" height=\"1025\" class=\"wp-image-29554 aligncenter\" src=\"https:\/\/manakinfleurs.com\/wp-content\/uploads\/2023\/04\/weddings6.jpg\" alt=\"\"><\/figure>\n\n\n\n<figure class=\"wp-block-image size-large\"><img loading=\"lazy\" decoding=\"async\" width=\"683\" height=\"1025\" class=\"wp-image-29555\" src=\"https:\/\/manakinfleurs.com\/wp-content\/uploads\/2023\/04\/weddings5.jpg\" alt=\"\"><\/figure>\n\n\n\n<figure class=\"wp-block-image size-large\"><img loading=\"lazy\" decoding=\"async\" width=\"769\" height=\"1025\" class=\"wp-image-29556\" src=\"https:\/\/manakinfleurs.com\/wp-content\/uploads\/2023\/04\/weddings4.jpg\" alt=\"\"><\/figure>\n\n\n\n<figure class=\"wp-block-image size-large\"><img loading=\"lazy\" decoding=\"async\" width=\"699\" height=\"1025\" class=\"wp-image-29544\" src=\"https:\/\/manakinfleurs.com\/wp-content\/uploads\/2023\/04\/weddings1.jpg\" alt=\"\"><\/figure>\n<\/figure>\n\t\t\t\t\t\t\t\t<\/div>\n\t\t\t\t\t<\/div>\n\t\t<\/div>\n\t\t\t\t\t<\/div>\n\t\t<\/section>\n\t\t\t\t<\/div>\n\t\t","protected":false},"excerpt":{"rendered":"<p>Au mariage de Vera et Danila, nous avons cr\u00e9\u00e9 des arrangements floraux extr\u00eamement romantiques. Nous avons utilis\u00e9 une multitude de Roses de couleurs diff\u00e9rentes et ajout\u00e9 des fleurs sp\u00e9ciales comme les Hortensias Hollandais dans des teintes de bleu, vert et lilas. Nous avons \u00e9galement inclus de brillantes Pivoines dans diverses teintes de rose. Nous avons [&hellip;]<\/p>\n","protected":false},"author":9,"featured_media":0,"parent":38217,"menu_order":0,"comment_status":"closed","ping_status":"closed","template":"","meta":{"_uf_show_specific_survey":0,"_uf_disable_surveys":false,"footnotes":""},"class_list":["post-39597","page","type-page","status-publish","hentry"],"_links":{"self":[{"href":"https:\/\/manakinfleurs.com\/fr\/wp-json\/wp\/v2\/pages\/39597","targetHints":{"allow":["GET"]}}],"collection":[{"href":"https:\/\/manakinfleurs.com\/fr\/wp-json\/wp\/v2\/pages"}],"about":[{"href":"https:\/\/manakinfleurs.com\/fr\/wp-json\/wp\/v2\/types\/page"}],"author":[{"embeddable":true,"href":"https:\/\/manakinfleurs.com\/fr\/wp-json\/wp\/v2\/users\/9"}],"replies":[{"embeddable":true,"href":"https:\/\/manakinfleurs.com\/fr\/wp-json\/wp\/v2\/comments?post=39597"}],"version-history":[{"count":3,"href":"https:\/\/manakinfleurs.com\/fr\/wp-json\/wp\/v2\/pages\/39597\/revisions"}],"predecessor-version":[{"id":39600,"href":"https:\/\/manakinfleurs.com\/fr\/wp-json\/wp\/v2\/pages\/39597\/revisions\/39600"}],"up":[{"embeddable":true,"href":"https:\/\/manakinfleurs.com\/fr\/wp-json\/wp\/v2\/pages\/38217"}],"wp:attachment":[{"href":"https:\/\/manakinfleurs.com\/fr\/wp-json\/wp\/v2\/media?parent=39597"}],"curies":[{"name":"wp","href":"https:\/\/api.w.org\/{rel}","templated":true}]}}