{"id":39593,"date":"2023-05-03T14:02:52","date_gmt":"2023-05-03T13:02:52","guid":{"rendered":"https:\/\/manakinfleurs.com\/decorations-florales-pour-mariage\/mariage-sonya-victor\/"},"modified":"2026-01-09T11:27:59","modified_gmt":"2026-01-09T10:27:59","slug":"mariage-sonya-victor","status":"publish","type":"page","link":"https:\/\/manakinfleurs.com\/fr\/decorations-florales-pour-mariage\/mariage-sonya-victor\/","title":{"rendered":"Mariage &#8211; Sonya &amp; Victor"},"content":{"rendered":"\n<p>Au mariage de Sonya et Victor, nous avons cr\u00e9\u00e9 un v\u00e9ritable paradis de couleurs vibrantes et anim\u00e9es. Toutes les couleurs de l&#8217;arc-en-ciel se retrouvaient dans nos <strong>arrangements floraux vivants<\/strong> et joyeux. Les deux la table du couple et le <strong>bouquet de la mari\u00e9e<\/strong> \u00e9taient compos\u00e9s de Roses de diverses vari\u00e9t\u00e9s, de Lys, <strong>de Fleurs Hortensia<\/strong> en abondance dans des teintes de rose, bleu, orange, jaune, beige et lilas. Toute cette belle symphonie de couleurs a \u00e9t\u00e9 associ\u00e9e au vert des plantes dans un d\u00e9cor extr\u00eamement rustique, au c\u0153ur de la nature, o\u00f9 le mariage s&#8217;est d\u00e9roul\u00e9. Les fleurs inondaient la d\u00e9coration avec du parfum, de la fra\u00eecheur et des teintes extr\u00eamement vivides, donnant une ambiance de luxe et de richesse \u00e0 tout l&#8217;\u00e9v\u00e9nement.     <strong> <\/strong>Nous avons combin\u00e9 les arrangements floraux avec des bougies color\u00e9es pour compl\u00e9ter l&#8217;effet d&#8217;abondance et de couleur. Ce fut un \u00e9v\u00e9nement inoubliable au Golf Club Saint-Tropez.  <\/p>\n\n<div class=\"wp-block-group\"><div class=\"wp-block-group__inner-container is-layout-constrained wp-block-group-is-layout-constrained\">\n<figure class=\"wp-block-gallery has-nested-images columns-default is-cropped wp-block-gallery-1 is-layout-flex wp-block-gallery-is-layout-flex\">\n<figure class=\"wp-block-image size-large\"><img loading=\"lazy\" decoding=\"async\" width=\"640\" height=\"1024\" data-id=\"29788\" src=\"https:\/\/manakinfleurs.com\/wp-content\/uploads\/2023\/04\/Sonya-Victor-14-640x1024.jpg\" alt=\"\" class=\"wp-image-29788\"><\/figure>\n\n\n\n<figure class=\"wp-block-image size-large\"><img loading=\"lazy\" decoding=\"async\" width=\"640\" height=\"1024\" data-id=\"29795\" src=\"https:\/\/manakinfleurs.com\/wp-content\/uploads\/2023\/04\/Sonya-Victor-7-640x1024.jpg\" alt=\"\" class=\"wp-image-29795\"><\/figure>\n\n\n\n<figure class=\"wp-block-image size-large\"><img loading=\"lazy\" decoding=\"async\" width=\"640\" height=\"1024\" data-id=\"29800\" src=\"https:\/\/manakinfleurs.com\/wp-content\/uploads\/2023\/04\/Sonya-Victor-2-640x1024.jpg\" alt=\"\" class=\"wp-image-29800\"><\/figure>\n\n\n\n<figure class=\"wp-block-image size-large\"><img loading=\"lazy\" decoding=\"async\" width=\"640\" height=\"1024\" data-id=\"29792\" src=\"https:\/\/manakinfleurs.com\/wp-content\/uploads\/2023\/04\/Sonya-Victor-10-640x1024.jpg\" alt=\"\" class=\"wp-image-29792\"><\/figure>\n\n\n\n<figure class=\"wp-block-image size-large\"><img loading=\"lazy\" decoding=\"async\" width=\"640\" height=\"1024\" data-id=\"29794\" src=\"https:\/\/manakinfleurs.com\/wp-content\/uploads\/2023\/04\/Sonya-Victor-8-640x1024.jpg\" alt=\"\" class=\"wp-image-29794\"><\/figure>\n\n\n\n<figure class=\"wp-block-image size-large\"><img loading=\"lazy\" decoding=\"async\" width=\"640\" height=\"1024\" data-id=\"29799\" src=\"https:\/\/manakinfleurs.com\/wp-content\/uploads\/2023\/04\/Sonya-Victor-3-640x1024.jpg\" alt=\"\" class=\"wp-image-29799\"><\/figure>\n\n\n\n<figure class=\"wp-block-image size-large\"><img loading=\"lazy\" decoding=\"async\" width=\"640\" height=\"1024\" data-id=\"29790\" src=\"https:\/\/manakinfleurs.com\/wp-content\/uploads\/2023\/04\/Sonya-Victor-12-640x1024.jpg\" alt=\"\" class=\"wp-image-29790\"><\/figure>\n\n\n\n<figure class=\"wp-block-image size-large\"><img loading=\"lazy\" decoding=\"async\" width=\"640\" height=\"1024\" data-id=\"29801\" src=\"https:\/\/manakinfleurs.com\/wp-content\/uploads\/2023\/04\/Sonya-Victor-1-640x1024.jpg\" alt=\"\" class=\"wp-image-29801\"><\/figure>\n\n\n\n<figure class=\"wp-block-image size-large\"><img loading=\"lazy\" decoding=\"async\" width=\"640\" height=\"1024\" data-id=\"29798\" src=\"https:\/\/manakinfleurs.com\/wp-content\/uploads\/2023\/04\/Sonya-Victor-4-640x1024.jpg\" alt=\"\" class=\"wp-image-29798\"><\/figure>\n\n\n\n<figure class=\"wp-block-image size-large\"><img loading=\"lazy\" decoding=\"async\" width=\"640\" height=\"1024\" data-id=\"29793\" src=\"https:\/\/manakinfleurs.com\/wp-content\/uploads\/2023\/04\/Sonya-Victor-9-640x1024.jpg\" alt=\"\" class=\"wp-image-29793\"><\/figure>\n\n\n\n<figure class=\"wp-block-image size-large\"><img loading=\"lazy\" decoding=\"async\" width=\"640\" height=\"1024\" data-id=\"29791\" src=\"https:\/\/manakinfleurs.com\/wp-content\/uploads\/2023\/04\/Sonya-Victor-11-640x1024.jpg\" alt=\"\" class=\"wp-image-29791\"><\/figure>\n\n\n\n<figure class=\"wp-block-image size-large\"><img loading=\"lazy\" decoding=\"async\" width=\"640\" height=\"1024\" data-id=\"29789\" src=\"https:\/\/manakinfleurs.com\/wp-content\/uploads\/2023\/04\/Sonya-Victor-13-640x1024.jpg\" alt=\"\" class=\"wp-image-29789\"><\/figure>\n<\/figure>\n<\/div><\/div>\n\n<p>Nous nous sp\u00e9cialisons dans la planification de mariages sur la Riviera Fran\u00e7aise, en mettant l&#8217;accent sur la cr\u00e9ation de <strong>magnifiques arrangements floraux<\/strong> et la <strong>d\u00e9coration d&#8217;\u00e9v\u00e9nements pour mariages<\/strong>.<\/p>\n","protected":false},"excerpt":{"rendered":"<p>Au mariage de Sonya et Victor, nous avons cr\u00e9\u00e9 un v\u00e9ritable paradis de couleurs vibrantes et anim\u00e9es. Toutes les couleurs de l&#8217;arc-en-ciel se retrouvaient dans nos arrangements floraux vivants et joyeux. Les deux la table du couple et le bouquet de la mari\u00e9e \u00e9taient compos\u00e9s de Roses de diverses vari\u00e9t\u00e9s, de Lys, de Fleurs Hortensia [&hellip;]<\/p>\n","protected":false},"author":9,"featured_media":0,"parent":38217,"menu_order":0,"comment_status":"closed","ping_status":"closed","template":"","meta":{"_uf_show_specific_survey":0,"_uf_disable_surveys":false,"footnotes":""},"class_list":["post-39593","page","type-page","status-publish","hentry"],"_links":{"self":[{"href":"https:\/\/manakinfleurs.com\/fr\/wp-json\/wp\/v2\/pages\/39593","targetHints":{"allow":["GET"]}}],"collection":[{"href":"https:\/\/manakinfleurs.com\/fr\/wp-json\/wp\/v2\/pages"}],"about":[{"href":"https:\/\/manakinfleurs.com\/fr\/wp-json\/wp\/v2\/types\/page"}],"author":[{"embeddable":true,"href":"https:\/\/manakinfleurs.com\/fr\/wp-json\/wp\/v2\/users\/9"}],"replies":[{"embeddable":true,"href":"https:\/\/manakinfleurs.com\/fr\/wp-json\/wp\/v2\/comments?post=39593"}],"version-history":[{"count":1,"href":"https:\/\/manakinfleurs.com\/fr\/wp-json\/wp\/v2\/pages\/39593\/revisions"}],"predecessor-version":[{"id":39594,"href":"https:\/\/manakinfleurs.com\/fr\/wp-json\/wp\/v2\/pages\/39593\/revisions\/39594"}],"up":[{"embeddable":true,"href":"https:\/\/manakinfleurs.com\/fr\/wp-json\/wp\/v2\/pages\/38217"}],"wp:attachment":[{"href":"https:\/\/manakinfleurs.com\/fr\/wp-json\/wp\/v2\/media?parent=39593"}],"curies":[{"name":"wp","href":"https:\/\/api.w.org\/{rel}","templated":true}]}}