{"id":39585,"date":"2023-05-03T14:00:58","date_gmt":"2023-05-03T13:00:58","guid":{"rendered":"https:\/\/manakinfleurs.com\/decorations-florales-pour-mariage\/mariage-ecaterina-john\/"},"modified":"2026-01-09T10:52:56","modified_gmt":"2026-01-09T09:52:56","slug":"mariage-ecaterina-john","status":"publish","type":"page","link":"https:\/\/manakinfleurs.com\/fr\/decorations-florales-pour-mariage\/mariage-ecaterina-john\/","title":{"rendered":"Mariage &#8211; Ecaterina &amp; John"},"content":{"rendered":"\n<p>Au mariage d&#8217;Ecaterina et John, nous avons cr\u00e9\u00e9 un <strong>arrangement floral<\/strong> dans des teintes extr\u00eamement d\u00e9licates, allant du blanc d\u00e9licat \u00e0 diverses teintes de rose et m\u00eame des accents corail. Nous avons utilis\u00e9 des Roses de diff\u00e9rentes vari\u00e9t\u00e9s, des <strong>Pivoines<\/strong> et des <strong>Hortensias hollandais<\/strong> \u2013 tous avec une puret\u00e9 exceptionnelle et un aspect frais comme s&#8217;ils venaient d&#8217;\u00eatre cueillis \u00e0 la main. Nous avons choisi une combinaison douce domin\u00e9e par le rose et le blanc pour cr\u00e9er une atmosph\u00e8re aussi romantique que pure \u2013 aussi sp\u00e9ciale qu&#8217;Ecaterina et John et leur relation. La c\u00e9r\u00e9monie s&#8217;est d\u00e9roul\u00e9e au plus prestigieux h\u00f4tel de Monaco, l&#8217;\u00ab H\u00f4tel de Paris Monte-Carlo \u00bb.    <\/p>\n\n<div class=\"wp-block-group\"><div class=\"wp-block-group__inner-container is-layout-constrained wp-block-group-is-layout-constrained\">\n<figure class=\"wp-block-gallery has-nested-images columns-default is-cropped wp-block-gallery-1 is-layout-flex wp-block-gallery-is-layout-flex\">\n<figure class=\"wp-block-image size-large\"><img loading=\"lazy\" decoding=\"async\" width=\"640\" height=\"1024\" data-id=\"29983\" src=\"https:\/\/manakinfleurs.com\/wp-content\/uploads\/2023\/05\/Ecaterina-John-3-640x1024.jpg\" alt=\"\" class=\"wp-image-29983\"><\/figure>\n\n\n\n<figure class=\"wp-block-image size-large\"><img loading=\"lazy\" decoding=\"async\" width=\"640\" height=\"1024\" data-id=\"29982\" src=\"https:\/\/manakinfleurs.com\/wp-content\/uploads\/2023\/05\/Ecaterina-John-4-640x1024.jpg\" alt=\"\" class=\"wp-image-29982\"><\/figure>\n\n\n\n<figure class=\"wp-block-image size-large\"><img loading=\"lazy\" decoding=\"async\" width=\"640\" height=\"1024\" data-id=\"29981\" src=\"https:\/\/manakinfleurs.com\/wp-content\/uploads\/2023\/05\/Ecaterina-John-5-640x1024.jpg\" alt=\"\" class=\"wp-image-29981\"><\/figure>\n\n\n\n<figure class=\"wp-block-image size-large\"><img loading=\"lazy\" decoding=\"async\" width=\"640\" height=\"1024\" data-id=\"30084\" src=\"https:\/\/manakinfleurs.com\/wp-content\/uploads\/2023\/05\/Ecaterina-John-8-640x1024.jpg\" alt=\"\" class=\"wp-image-30084\"><\/figure>\n\n\n\n<figure class=\"wp-block-image size-large\"><img loading=\"lazy\" decoding=\"async\" width=\"640\" height=\"1024\" data-id=\"29984\" src=\"https:\/\/manakinfleurs.com\/wp-content\/uploads\/2023\/05\/Ecaterina-John-2-640x1024.jpg\" alt=\"\" class=\"wp-image-29984\"><\/figure>\n\n\n\n<figure class=\"wp-block-image size-large\"><img loading=\"lazy\" decoding=\"async\" width=\"640\" height=\"1024\" data-id=\"30085\" src=\"https:\/\/manakinfleurs.com\/wp-content\/uploads\/2023\/05\/Ecaterina-John-7-640x1024.jpg\" alt=\"\" class=\"wp-image-30085\"><\/figure>\n\n\n\n<figure class=\"wp-block-image size-large\"><img loading=\"lazy\" decoding=\"async\" width=\"640\" height=\"1024\" data-id=\"29985\" src=\"https:\/\/manakinfleurs.com\/wp-content\/uploads\/2023\/05\/Ecaterina-John-1-640x1024.jpg\" alt=\"\" class=\"wp-image-29985\"><\/figure>\n\n\n\n<figure class=\"wp-block-image size-large\"><img loading=\"lazy\" decoding=\"async\" width=\"640\" height=\"1024\" data-id=\"29980\" src=\"https:\/\/manakinfleurs.com\/wp-content\/uploads\/2023\/05\/Ecaterina-John-6-640x1024.jpg\" alt=\"\" class=\"wp-image-29980\"><\/figure>\n<\/figure>\n<\/div><\/div>\n\n<p>Nous <strong>sommes planificateurs<\/strong> de mariage sur la Riviera Fran\u00e7aise, sp\u00e9cialis\u00e9s dans les <strong>arrangements floraux de mariage et la d\u00e9coration \u00e9v\u00e9nementielle<\/strong>. Nous servons des zones comme Saint-Tropez, Cannes, Monaco et bien d&#8217;autres le long de la C\u00f4te d&#8217;Azur, livrant \u00e0 des lieux comme Juan-Les-Pins, Antibes, Saint-Paul-de-Vence, Nice, Saint-Jean-Cap-Ferrat, Eze, Menton.  <\/p>\n","protected":false},"excerpt":{"rendered":"<p>Au mariage d&#8217;Ecaterina et John, nous avons cr\u00e9\u00e9 un arrangement floral dans des teintes extr\u00eamement d\u00e9licates, allant du blanc d\u00e9licat \u00e0 diverses teintes de rose et m\u00eame des accents corail. Nous avons utilis\u00e9 des Roses de diff\u00e9rentes vari\u00e9t\u00e9s, des Pivoines et des Hortensias hollandais \u2013 tous avec une puret\u00e9 exceptionnelle et un aspect frais comme [&hellip;]<\/p>\n","protected":false},"author":9,"featured_media":0,"parent":38217,"menu_order":0,"comment_status":"closed","ping_status":"closed","template":"","meta":{"_uf_show_specific_survey":0,"_uf_disable_surveys":false,"footnotes":""},"class_list":["post-39585","page","type-page","status-publish","hentry"],"_links":{"self":[{"href":"https:\/\/manakinfleurs.com\/fr\/wp-json\/wp\/v2\/pages\/39585","targetHints":{"allow":["GET"]}}],"collection":[{"href":"https:\/\/manakinfleurs.com\/fr\/wp-json\/wp\/v2\/pages"}],"about":[{"href":"https:\/\/manakinfleurs.com\/fr\/wp-json\/wp\/v2\/types\/page"}],"author":[{"embeddable":true,"href":"https:\/\/manakinfleurs.com\/fr\/wp-json\/wp\/v2\/users\/9"}],"replies":[{"embeddable":true,"href":"https:\/\/manakinfleurs.com\/fr\/wp-json\/wp\/v2\/comments?post=39585"}],"version-history":[{"count":1,"href":"https:\/\/manakinfleurs.com\/fr\/wp-json\/wp\/v2\/pages\/39585\/revisions"}],"predecessor-version":[{"id":39586,"href":"https:\/\/manakinfleurs.com\/fr\/wp-json\/wp\/v2\/pages\/39585\/revisions\/39586"}],"up":[{"embeddable":true,"href":"https:\/\/manakinfleurs.com\/fr\/wp-json\/wp\/v2\/pages\/38217"}],"wp:attachment":[{"href":"https:\/\/manakinfleurs.com\/fr\/wp-json\/wp\/v2\/media?parent=39585"}],"curies":[{"name":"wp","href":"https:\/\/api.w.org\/{rel}","templated":true}]}}