{"id":39573,"date":"2023-05-02T15:19:56","date_gmt":"2023-05-02T14:19:56","guid":{"rendered":"https:\/\/manakinfleurs.com\/decorations-florales-pour-mariage\/mariage-anastasia-constantin\/"},"modified":"2026-01-09T10:25:30","modified_gmt":"2026-01-09T09:25:30","slug":"mariage-anastasia-constantin","status":"publish","type":"page","link":"https:\/\/manakinfleurs.com\/fr\/decorations-florales-pour-mariage\/mariage-anastasia-constantin\/","title":{"rendered":"Mariage &#8211; Anastasia &amp; Constantin"},"content":{"rendered":"\n<p>Au mariage d&#8217;Anastasia et Constantin, nous avons cr\u00e9\u00e9 un <strong>arrangement floral extr\u00eamement <\/strong>riche avec <strong>des fleurs de printemps<\/strong> dans des teintes fra\u00eeches d&#8217;orange, jaune et rose clair, le tout m\u00e9lang\u00e9 avec abondance de blanc. Nous avons utilis\u00e9 des Roses dans des tons jaune p\u00e2le, des <strong>Pivoines <\/strong>dans diverses couleurs vibrantes, <strong>des Tulipes<\/strong>, <strong>des Delphiniums<\/strong>, <strong>de la Mimosa<\/strong>, <strong>des Renoncules<\/strong> et bien d&#8217;autres fleurs de printemps. Le bouquet a \u00e9t\u00e9 compl\u00e9t\u00e9 avec des fleurs sauvages et des touches de <strong>fleurs bleu p\u00e2le<\/strong>. Nous avons mis l&#8217;accent sur la fra\u00eecheur des fleurs, cr\u00e9ant une atmosph\u00e8re de conte de f\u00e9es printanier pour l&#8217;ensemble de la c\u00e9r\u00e9monie. Le couple a choisi l&#8217;embl\u00e9matique H\u00f4tel Cap Estel situ\u00e9 \u00e0 Eze.    <\/p>\n\n<div class=\"wp-block-group\"><div class=\"wp-block-group__inner-container is-layout-constrained wp-block-group-is-layout-constrained\">\n<figure class=\"wp-block-gallery has-nested-images columns-default is-cropped wp-block-gallery-1 is-layout-flex wp-block-gallery-is-layout-flex\">\n<figure class=\"wp-block-image size-large\"><img loading=\"lazy\" decoding=\"async\" width=\"640\" height=\"1024\" data-id=\"29683\" src=\"https:\/\/manakinfleurs.com\/wp-content\/uploads\/2023\/04\/Weddings-Anastasia-Constantin-6-640x1024.jpg\" alt=\"\" class=\"wp-image-29683\"><\/figure>\n\n\n\n<figure class=\"wp-block-image size-large\"><img loading=\"lazy\" decoding=\"async\" width=\"640\" height=\"1024\" data-id=\"29686\" src=\"https:\/\/manakinfleurs.com\/wp-content\/uploads\/2023\/04\/Weddings-Anastasia-Constantin-3-640x1024.jpg\" alt=\"\" class=\"wp-image-29686\"><\/figure>\n\n\n\n<figure class=\"wp-block-image size-large\"><img loading=\"lazy\" decoding=\"async\" width=\"640\" height=\"1024\" data-id=\"29684\" src=\"https:\/\/manakinfleurs.com\/wp-content\/uploads\/2023\/04\/Weddings-Anastasia-Constantin-5-640x1024.jpg\" alt=\"\" class=\"wp-image-29684\"><\/figure>\n\n\n\n<figure class=\"wp-block-image size-large\"><img loading=\"lazy\" decoding=\"async\" width=\"640\" height=\"1024\" data-id=\"29688\" src=\"https:\/\/manakinfleurs.com\/wp-content\/uploads\/2023\/04\/Weddings-Anastasia-Constantin-640x1024.jpg\" alt=\"\" class=\"wp-image-29688\"><\/figure>\n\n\n\n<figure class=\"wp-block-image size-large\"><img loading=\"lazy\" decoding=\"async\" width=\"640\" height=\"1024\" data-id=\"29687\" src=\"https:\/\/manakinfleurs.com\/wp-content\/uploads\/2023\/04\/Weddings-Anastasia-Constantin-2-640x1024.jpg\" alt=\"\" class=\"wp-image-29687\"><\/figure>\n\n\n\n<figure class=\"wp-block-image size-large\"><img loading=\"lazy\" decoding=\"async\" width=\"640\" height=\"1024\" data-id=\"29685\" src=\"https:\/\/manakinfleurs.com\/wp-content\/uploads\/2023\/04\/Weddings-Anastasia-Constantin-4-640x1024.jpg\" alt=\"\" class=\"wp-image-29685\"><\/figure>\n<\/figure>\n<\/div><\/div>\n\n<p>Nous <strong>sommes planificateurs de mariage<\/strong> sur la Riviera Fran\u00e7aise, sp\u00e9cialis\u00e9s dans<strong> les arrangements floraux de mariage et la d\u00e9coration \u00e9v\u00e9nementielle<\/strong>. Nous servons des zones comme Saint-Tropez, Cannes, Monaco et bien d&#8217;autres le long de la C\u00f4te d&#8217;Azur, livrant \u00e0 des lieux comme Juan-Les-Pins, Antibes, Saint-Paul-de-Vence, Nice, Saint-Jean-Cap-Ferrat, Eze, Menton. <\/p>\n","protected":false},"excerpt":{"rendered":"<p>Au mariage d&#8217;Anastasia et Constantin, nous avons cr\u00e9\u00e9 un arrangement floral extr\u00eamement riche avec des fleurs de printemps dans des teintes fra\u00eeches d&#8217;orange, jaune et rose clair, le tout m\u00e9lang\u00e9 avec abondance de blanc. Nous avons utilis\u00e9 des Roses dans des tons jaune p\u00e2le, des Pivoines dans diverses couleurs vibrantes, des Tulipes, des Delphiniums, de [&hellip;]<\/p>\n","protected":false},"author":9,"featured_media":0,"parent":38217,"menu_order":0,"comment_status":"closed","ping_status":"closed","template":"","meta":{"_uf_show_specific_survey":0,"_uf_disable_surveys":false,"footnotes":""},"class_list":["post-39573","page","type-page","status-publish","hentry"],"_links":{"self":[{"href":"https:\/\/manakinfleurs.com\/fr\/wp-json\/wp\/v2\/pages\/39573","targetHints":{"allow":["GET"]}}],"collection":[{"href":"https:\/\/manakinfleurs.com\/fr\/wp-json\/wp\/v2\/pages"}],"about":[{"href":"https:\/\/manakinfleurs.com\/fr\/wp-json\/wp\/v2\/types\/page"}],"author":[{"embeddable":true,"href":"https:\/\/manakinfleurs.com\/fr\/wp-json\/wp\/v2\/users\/9"}],"replies":[{"embeddable":true,"href":"https:\/\/manakinfleurs.com\/fr\/wp-json\/wp\/v2\/comments?post=39573"}],"version-history":[{"count":1,"href":"https:\/\/manakinfleurs.com\/fr\/wp-json\/wp\/v2\/pages\/39573\/revisions"}],"predecessor-version":[{"id":39574,"href":"https:\/\/manakinfleurs.com\/fr\/wp-json\/wp\/v2\/pages\/39573\/revisions\/39574"}],"up":[{"embeddable":true,"href":"https:\/\/manakinfleurs.com\/fr\/wp-json\/wp\/v2\/pages\/38217"}],"wp:attachment":[{"href":"https:\/\/manakinfleurs.com\/fr\/wp-json\/wp\/v2\/media?parent=39573"}],"curies":[{"name":"wp","href":"https:\/\/api.w.org\/{rel}","templated":true}]}}