{"id":38275,"date":"2025-01-21T17:23:33","date_gmt":"2025-01-21T16:23:33","guid":{"rendered":"https:\/\/manakinfleurs.com\/?page_id=38275"},"modified":"2026-01-09T14:26:01","modified_gmt":"2026-01-09T13:26:01","slug":"fleuriste-evenementiel-sur-la-cote-dazur","status":"publish","type":"page","link":"https:\/\/manakinfleurs.com\/fr\/fleuriste-evenementiel-sur-la-cote-dazur\/","title":{"rendered":"Fleuriste \u00e9v\u00e9nementiel sur la C\u00f4te d\u2019Azur : Sublimez vos \u00e9v\u00e9nements avec des compositions florales \u00e9poustouflantes"},"content":{"rendered":"\t\t<div data-elementor-type=\"wp-page\" data-elementor-id=\"38275\" class=\"elementor elementor-38275 elementor-32858\">\n\t\t\t\t\t\t<section class=\"elementor-section elementor-top-section elementor-element elementor-element-e26be15 elementor-section-boxed elementor-section-height-default elementor-section-height-default\" data-id=\"e26be15\" data-element_type=\"section\" data-e-type=\"section\">\n\t\t\t\t\t\t<div class=\"elementor-container elementor-column-gap-default\">\n\t\t\t\t\t<div class=\"elementor-column elementor-col-100 elementor-top-column elementor-element elementor-element-19dc66d\" data-id=\"19dc66d\" data-element_type=\"column\" data-e-type=\"column\">\n\t\t\t<div class=\"elementor-widget-wrap elementor-element-populated\">\n\t\t\t\t\t\t<div class=\"elementor-element elementor-element-a382433 elementor-widget elementor-widget-text-editor\" data-id=\"a382433\" data-element_type=\"widget\" data-e-type=\"widget\" data-widget_type=\"text-editor.default\">\n\t\t\t\t\t\t\t\t\t<p>Bienvenue dans le monde magique de Manakin Fleurs et D\u00e9corations, votre <strong>fleuriste \u00e9v\u00e9nementiel incontournable sur la magnifique C\u00f4te d\u2019Azur<\/strong> ! Imaginez des fleurs qui transforment de simples f\u00eates en c\u00e9l\u00e9brations extraordinaires. Nous sommes comme des artistes : au lieu de pinceaux, nous utilisons les fleurs pour embellir <strong>les anniversaires<\/strong>, <strong>les bapt\u00eames<\/strong> et <strong>les f\u00eates \u00e0 th\u00e8me<\/strong>. <\/p><p>Et devinez quoi ? Nous travaillons dans des endroits merveilleux comme Saint-Tropez, Cannes, Monaco et bien d\u2019autres. Nos fleurs apportent joie et couleurs \u00e0 toutes sortes de f\u00eates : pique-niques, mariages et m\u00eame des \u00e9v\u00e9nements sp\u00e9ciaux comme les bapt\u00eames.  <\/p><p>Manakin Fleurs et D\u00e9corations, ce n\u2019est pas simplement des fleurs ; c\u2019est donner une dimension vraiment unique \u00e0 votre journ\u00e9e exceptionnelle. Entrez dans notre univers magique de fleurs et de festivit\u00e9s ! Nous sommes <strong>le fleuriste \u00e9v\u00e9nementiel<\/strong> de Monaco, Cannes, Saint-Tropez et de la splendide r\u00e9gion Provence, cr\u00e9ant de <strong>magnifiques compositions<\/strong> pour tous vos \u00e9v\u00e9nements.  <\/p>\t\t\t\t\t\t\t\t<\/div>\n\t\t\t\t\t<\/div>\n\t\t<\/div>\n\t\t\t\t\t<\/div>\n\t\t<\/section>\n\t\t\t\t<section class=\"elementor-section elementor-top-section elementor-element elementor-element-78b350b elementor-section-boxed elementor-section-height-default elementor-section-height-default\" data-id=\"78b350b\" data-element_type=\"section\" data-e-type=\"section\">\n\t\t\t\t\t\t<div class=\"elementor-container elementor-column-gap-default\">\n\t\t\t\t\t<div class=\"elementor-column elementor-col-100 elementor-top-column elementor-element elementor-element-46d6ab4\" data-id=\"46d6ab4\" data-element_type=\"column\" data-e-type=\"column\">\n\t\t\t<div class=\"elementor-widget-wrap elementor-element-populated\">\n\t\t\t\t\t\t<div class=\"elementor-element elementor-element-ffcc0a8 elementor-widget elementor-widget-heading\" data-id=\"ffcc0a8\" data-element_type=\"widget\" data-e-type=\"widget\" data-widget_type=\"heading.default\">\n\t\t\t\t\t<h2 class=\"elementor-heading-title elementor-size-default\">Aper\u00e7u de nos r\u00e9alisations \u00e9v\u00e9nementielles \u00e0 Nice et sur la C\u00f4te d\u2019Azur<\/h2>\t\t\t\t<\/div>\n\t\t\t\t<div class=\"elementor-element elementor-element-6a796e1 elementor-widget elementor-widget-text-editor\" data-id=\"6a796e1\" data-element_type=\"widget\" data-e-type=\"widget\" data-widget_type=\"text-editor.default\">\n\t\t\t\t\t\t\t\t\t<p>D\u00e9couvrez le savoir-faire de Manakin Fleurs \u00e0 travers nos cr\u00e9ations florales remarquables \u00e0 <strong>Nice <\/strong>et sur toute la <strong>C\u00f4te d\u2019Azur<\/strong>. Qu\u2019il s\u2019agisse de mariages \u00e9l\u00e9gants ou de f\u00eates \u00e9clatantes, nos r\u00e9alisations illustrent la beaut\u00e9 et le raffinement que nous apportons \u00e0 chaque \u00e9v\u00e9nement. <\/p>\t\t\t\t\t\t\t\t<\/div>\n\t\t\t\t\t<\/div>\n\t\t<\/div>\n\t\t\t\t\t<\/div>\n\t\t<\/section>\n\t\t\t\t<section class=\"elementor-section elementor-top-section elementor-element elementor-element-1041c4b elementor-section-boxed elementor-section-height-default elementor-section-height-default\" data-id=\"1041c4b\" data-element_type=\"section\" data-e-type=\"section\">\n\t\t\t\t\t\t<div class=\"elementor-container elementor-column-gap-default\">\n\t\t\t\t\t<div class=\"elementor-column elementor-col-50 elementor-top-column elementor-element elementor-element-2956e86\" data-id=\"2956e86\" data-element_type=\"column\" data-e-type=\"column\">\n\t\t\t<div class=\"elementor-widget-wrap elementor-element-populated\">\n\t\t\t\t\t\t<div class=\"elementor-element elementor-element-26294fe elementor-widget elementor-widget-image\" data-id=\"26294fe\" data-element_type=\"widget\" data-e-type=\"widget\" data-widget_type=\"image.default\">\n\t\t\t\t\t\t\t\t\t\t\t\t\t\t\t\t<a href=\"https:\/\/manakinfleurs.com\/events\/sicilian-themed-party-floral-design\/\">\n\t\t\t\t\t\t\t<img loading=\"lazy\" decoding=\"async\" width=\"1440\" height=\"1000\" src=\"https:\/\/manakinfleurs.com\/wp-content\/uploads\/2023\/05\/Sicilian-Party-cover-1440x1000.jpg\" class=\"attachment-florial-full-width size-florial-full-width wp-image-35715\" alt=\"Sicilian-themed event decor with vibrant flowers, lemons, and greenery in Nice\" \/>\t\t\t\t\t\t\t\t<\/a>\n\t\t\t\t\t\t\t\t\t\t\t\t\t\t\t<\/div>\n\t\t\t\t<div class=\"elementor-element elementor-element-5f2a1b8 elementor-widget elementor-widget-heading\" data-id=\"5f2a1b8\" data-element_type=\"widget\" data-e-type=\"widget\" data-widget_type=\"heading.default\">\n\t\t\t\t\t<h3 class=\"elementor-heading-title elementor-size-default\">Soir\u00e9e sicilienne \n<br>au c\u0153ur de Nice<\/h3>\t\t\t\t<\/div>\n\t\t\t\t\t<\/div>\n\t\t<\/div>\n\t\t\t\t<div class=\"elementor-column elementor-col-50 elementor-top-column elementor-element elementor-element-b64df3f\" data-id=\"b64df3f\" data-element_type=\"column\" data-e-type=\"column\">\n\t\t\t<div class=\"elementor-widget-wrap elementor-element-populated\">\n\t\t\t\t\t\t<div class=\"elementor-element elementor-element-479ed89 elementor-widget elementor-widget-image\" data-id=\"479ed89\" data-element_type=\"widget\" data-e-type=\"widget\" data-widget_type=\"image.default\">\n\t\t\t\t\t\t\t\t\t\t\t\t\t\t\t\t<a href=\"https:\/\/manakinfleurs.com\/events\/fairy-tale-birthday-celebration-in-vence\/\">\n\t\t\t\t\t\t\t<img loading=\"lazy\" decoding=\"async\" width=\"1440\" height=\"1000\" src=\"https:\/\/manakinfleurs.com\/wp-content\/uploads\/2024\/10\/9717804430.jpg_exif1-1440x1000.jpg\" class=\"attachment-florial-full-width size-florial-full-width wp-image-36519\" alt=\"Elegant floral table decor with pink linens and lush greenery at a fairy tale event in Vence. Made by Event Florist Manakin Fleurs\" \/>\t\t\t\t\t\t\t\t<\/a>\n\t\t\t\t\t\t\t\t\t\t\t\t\t\t\t<\/div>\n\t\t\t\t<div class=\"elementor-element elementor-element-6165294 elementor-widget elementor-widget-heading\" data-id=\"6165294\" data-element_type=\"widget\" data-e-type=\"widget\" data-widget_type=\"heading.default\">\n\t\t\t\t\t<h3 class=\"elementor-heading-title elementor-size-default\">C\u00e9l\u00e9bration f\u00e9erique<br>\u00e0 Vence<\/h3>\t\t\t\t<\/div>\n\t\t\t\t\t<\/div>\n\t\t<\/div>\n\t\t\t\t\t<\/div>\n\t\t<\/section>\n\t\t\t\t<section class=\"elementor-section elementor-top-section elementor-element elementor-element-e2a20ea elementor-section-boxed elementor-section-height-default elementor-section-height-default\" data-id=\"e2a20ea\" data-element_type=\"section\" data-e-type=\"section\">\n\t\t\t\t\t\t<div class=\"elementor-container elementor-column-gap-default\">\n\t\t\t\t\t<div class=\"elementor-column elementor-col-100 elementor-top-column elementor-element elementor-element-49ac701\" data-id=\"49ac701\" data-element_type=\"column\" data-e-type=\"column\">\n\t\t\t<div class=\"elementor-widget-wrap elementor-element-populated\">\n\t\t\t\t\t\t<div class=\"elementor-element elementor-element-7f991fa elementor-widget elementor-widget-heading\" data-id=\"7f991fa\" data-element_type=\"widget\" data-e-type=\"widget\" data-widget_type=\"heading.default\">\n\t\t\t\t\t<h2 class=\"elementor-heading-title elementor-size-default\">Provence et Saint-Tropez : Fleuriste \u00e9v\u00e9nementiel pour des \u00e9v\u00e9nements d\u2019exception<\/h2>\t\t\t\t<\/div>\n\t\t\t\t<div class=\"elementor-element elementor-element-e6c5b45 elementor-widget elementor-widget-text-editor\" data-id=\"e6c5b45\" data-element_type=\"widget\" data-e-type=\"widget\" data-widget_type=\"text-editor.default\">\n\t\t\t\t\t\t\t\t\t<p>Manakin Fleurs r\u00e9alise des compositions florales sur mesure pour des \u00e9v\u00e9nements \u00e9l\u00e9gants en <strong>Provence <\/strong>et \u00e0 <strong>Saint-Tropez<\/strong>. Du charme rustique \u00e0 la d\u00e9coration luxueuse, chaque cr\u00e9ation est pens\u00e9e pour refl\u00e9ter votre vision et la beaut\u00e9 de ces lieux embl\u00e9matiques. Transformez votre c\u00e9l\u00e9bration en une v\u00e9ritable \u0153uvre d\u2019art gr\u00e2ce \u00e0 notre expertise.  <\/p>\t\t\t\t\t\t\t\t<\/div>\n\t\t\t\t\t<\/div>\n\t\t<\/div>\n\t\t\t\t\t<\/div>\n\t\t<\/section>\n\t\t\t\t<section class=\"elementor-section elementor-top-section elementor-element elementor-element-c883ede elementor-section-boxed elementor-section-height-default elementor-section-height-default\" data-id=\"c883ede\" data-element_type=\"section\" data-e-type=\"section\">\n\t\t\t\t\t\t<div class=\"elementor-container elementor-column-gap-default\">\n\t\t\t\t\t<div class=\"elementor-column elementor-col-50 elementor-top-column elementor-element elementor-element-c707eff\" data-id=\"c707eff\" data-element_type=\"column\" data-e-type=\"column\">\n\t\t\t<div class=\"elementor-widget-wrap elementor-element-populated\">\n\t\t\t\t\t\t<div class=\"elementor-element elementor-element-927e1d3 elementor-widget elementor-widget-image\" data-id=\"927e1d3\" data-element_type=\"widget\" data-e-type=\"widget\" data-widget_type=\"image.default\">\n\t\t\t\t\t\t\t\t\t\t\t\t\t\t\t\t<a href=\"https:\/\/manakinfleurs.com\/events\/the-dolce-vita-party-in-provence\/\">\n\t\t\t\t\t\t\t<img loading=\"lazy\" decoding=\"async\" width=\"1440\" height=\"1000\" src=\"https:\/\/manakinfleurs.com\/wp-content\/uploads\/2024\/10\/9717802903.jpg_exif1-1440x1000.jpg\" class=\"attachment-florial-full-width size-florial-full-width wp-image-36605\" alt=\"Outdoor Dolce Vita-themed party decor with vibrant red tables and lush greenery in Provence\" \/>\t\t\t\t\t\t\t\t<\/a>\n\t\t\t\t\t\t\t\t\t\t\t\t\t\t\t<\/div>\n\t\t\t\t<div class=\"elementor-element elementor-element-8a52adb elementor-widget elementor-widget-heading\" data-id=\"8a52adb\" data-element_type=\"widget\" data-e-type=\"widget\" data-widget_type=\"heading.default\">\n\t\t\t\t\t<h3 class=\"elementor-heading-title elementor-size-default\">Soir\u00e9e Dolce Vita\n<br>en Provence<\/h3>\t\t\t\t<\/div>\n\t\t\t\t\t<\/div>\n\t\t<\/div>\n\t\t\t\t<div class=\"elementor-column elementor-col-50 elementor-top-column elementor-element elementor-element-a6bc884\" data-id=\"a6bc884\" data-element_type=\"column\" data-e-type=\"column\">\n\t\t\t<div class=\"elementor-widget-wrap elementor-element-populated\">\n\t\t\t\t\t\t<div class=\"elementor-element elementor-element-6357238 elementor-widget elementor-widget-image\" data-id=\"6357238\" data-element_type=\"widget\" data-e-type=\"widget\" data-widget_type=\"image.default\">\n\t\t\t\t\t\t\t\t\t\t\t\t\t\t\t\t<a href=\"https:\/\/manakinfleurs.com\/events\/birthday-party-in-saint-tropez\/\">\n\t\t\t\t\t\t\t<img loading=\"lazy\" decoding=\"async\" width=\"1440\" height=\"1000\" src=\"https:\/\/manakinfleurs.com\/wp-content\/uploads\/2023\/05\/Birthday-Saint-Tropez-cover-1440x1000.jpg\" class=\"attachment-florial-full-width size-florial-full-width wp-image-35631\" alt=\"Vibrant birthday party setup at a winery in Saint-Tropez with floral decor and elegant barrel accents\" \/>\t\t\t\t\t\t\t\t<\/a>\n\t\t\t\t\t\t\t\t\t\t\t\t\t\t\t<\/div>\n\t\t\t\t<div class=\"elementor-element elementor-element-fd279f4 elementor-widget elementor-widget-heading\" data-id=\"fd279f4\" data-element_type=\"widget\" data-e-type=\"widget\" data-widget_type=\"heading.default\">\n\t\t\t\t\t<h3 class=\"elementor-heading-title elementor-size-default\">Anniversaire<br>au domaine viticole \u00e0 Saint-Tropez<\/h3>\t\t\t\t<\/div>\n\t\t\t\t\t<\/div>\n\t\t<\/div>\n\t\t\t\t\t<\/div>\n\t\t<\/section>\n\t\t\t\t<section class=\"elementor-section elementor-top-section elementor-element elementor-element-4d92df61 elementor-section-boxed elementor-section-height-default elementor-section-height-default\" data-id=\"4d92df61\" data-element_type=\"section\" data-e-type=\"section\" data-settings=\"{&quot;background_background&quot;:&quot;gradient&quot;}\">\n\t\t\t\t\t\t<div class=\"elementor-container elementor-column-gap-default\">\n\t\t\t\t\t<div class=\"elementor-column elementor-col-100 elementor-top-column elementor-element elementor-element-2e898b25\" data-id=\"2e898b25\" data-element_type=\"column\" data-e-type=\"column\">\n\t\t\t<div class=\"elementor-widget-wrap elementor-element-populated\">\n\t\t\t\t\t\t<section class=\"elementor-section elementor-inner-section elementor-element elementor-element-38175346 elementor-section-boxed elementor-section-height-default elementor-section-height-default\" data-id=\"38175346\" data-element_type=\"section\" data-e-type=\"section\">\n\t\t\t\t\t\t<div class=\"elementor-container elementor-column-gap-default\">\n\t\t\t\t\t<div class=\"elementor-column elementor-col-50 elementor-inner-column elementor-element elementor-element-762c3498\" data-id=\"762c3498\" data-element_type=\"column\" data-e-type=\"column\">\n\t\t\t<div class=\"elementor-widget-wrap elementor-element-populated\">\n\t\t\t\t\t\t<div class=\"elementor-element elementor-element-148089f3 elementor-widget elementor-widget-heading\" data-id=\"148089f3\" data-element_type=\"widget\" data-e-type=\"widget\" data-widget_type=\"heading.default\">\n\t\t\t\t\t<h2 class=\"elementor-heading-title elementor-size-default\">Rendons votre \u00e9v\u00e9nement inoubliable avec des compositions florales d\u2019exception !<\/h2>\t\t\t\t<\/div>\n\t\t\t\t\t<\/div>\n\t\t<\/div>\n\t\t\t\t<div class=\"elementor-column elementor-col-50 elementor-inner-column elementor-element elementor-element-543ecec4\" data-id=\"543ecec4\" data-element_type=\"column\" data-e-type=\"column\">\n\t\t\t<div class=\"elementor-widget-wrap elementor-element-populated\">\n\t\t\t\t\t\t<div class=\"elementor-element elementor-element-676fa9b8 elementor-button-success elementor-widget__width-auto elementor-widget elementor-widget-button\" data-id=\"676fa9b8\" data-element_type=\"widget\" data-e-type=\"widget\" data-widget_type=\"button.default\">\n\t\t\t\t\t\t\t\t\t\t<a class=\"elementor-button elementor-button-link elementor-size-sm\" href=\"tel:+33786600498\">\n\t\t\t\t\t\t<span class=\"elementor-button-content-wrapper\">\n\t\t\t\t\t\t<span class=\"elementor-button-icon\">\n\t\t\t\t<i aria-hidden=\"true\" class=\"fas fa-phone-alt\"><\/i>\t\t\t<\/span>\n\t\t\t\t\t\t\t\t<\/span>\n\t\t\t\t\t<\/a>\n\t\t\t\t\t\t\t\t<\/div>\n\t\t\t\t<div class=\"elementor-element elementor-element-3fd1aa0f elementor-button-info elementor-widget__width-auto elementor-widget elementor-widget-button\" data-id=\"3fd1aa0f\" data-element_type=\"widget\" data-e-type=\"widget\" data-widget_type=\"button.default\">\n\t\t\t\t\t\t\t\t\t\t<a class=\"elementor-button elementor-button-link elementor-size-sm\" href=\"mailto:contact@manakinfleurs.com\">\n\t\t\t\t\t\t<span class=\"elementor-button-content-wrapper\">\n\t\t\t\t\t\t<span class=\"elementor-button-icon\">\n\t\t\t\t<i aria-hidden=\"true\" class=\"far fa-envelope\"><\/i>\t\t\t<\/span>\n\t\t\t\t\t\t\t\t<\/span>\n\t\t\t\t\t<\/a>\n\t\t\t\t\t\t\t\t<\/div>\n\t\t\t\t<div class=\"elementor-element elementor-element-144fb406 elementor-button-success elementor-widget__width-auto elementor-widget elementor-widget-button\" data-id=\"144fb406\" data-element_type=\"widget\" data-e-type=\"widget\" data-widget_type=\"button.default\">\n\t\t\t\t\t\t\t\t\t\t<a class=\"elementor-button elementor-button-link elementor-size-sm\" href=\"https:\/\/call.whatsapp.com\/voice\/D1XP5qvbbt7hLPH1dZsMzo\" rel=\"noopener\">\n\t\t\t\t\t\t<span class=\"elementor-button-content-wrapper\">\n\t\t\t\t\t\t<span class=\"elementor-button-icon\">\n\t\t\t\t<i aria-hidden=\"true\" class=\"fab fa-whatsapp\"><\/i>\t\t\t<\/span>\n\t\t\t\t\t\t\t\t<\/span>\n\t\t\t\t\t<\/a>\n\t\t\t\t\t\t\t\t<\/div>\n\t\t\t\t<div class=\"elementor-element elementor-element-9c0f03e elementor-button-success elementor-widget__width-auto elementor-widget elementor-widget-button\" data-id=\"9c0f03e\" data-element_type=\"widget\" data-e-type=\"widget\" data-widget_type=\"button.default\">\n\t\t\t\t\t\t\t\t\t\t<a class=\"elementor-button elementor-button-link elementor-size-sm\" href=\"https:\/\/www.instagram.com\/manakin_fleurs\/\" rel=\"noopener\">\n\t\t\t\t\t\t<span class=\"elementor-button-content-wrapper\">\n\t\t\t\t\t\t<span class=\"elementor-button-icon\">\n\t\t\t\t<i aria-hidden=\"true\" class=\"fab fa-instagram\"><\/i>\t\t\t<\/span>\n\t\t\t\t\t\t\t\t<\/span>\n\t\t\t\t\t<\/a>\n\t\t\t\t\t\t\t\t<\/div>\n\t\t\t\t<div class=\"elementor-element elementor-element-595419ea elementor-button-success elementor-widget__width-auto elementor-widget elementor-widget-button\" data-id=\"595419ea\" data-element_type=\"widget\" data-e-type=\"widget\" data-widget_type=\"button.default\">\n\t\t\t\t\t\t\t\t\t\t<a class=\"elementor-button elementor-button-link elementor-size-sm\" href=\"https:\/\/t.me\/manakinfleurs\">\n\t\t\t\t\t\t<span class=\"elementor-button-content-wrapper\">\n\t\t\t\t\t\t<span class=\"elementor-button-icon\">\n\t\t\t\t<i aria-hidden=\"true\" class=\"fab fa-telegram-plane\"><\/i>\t\t\t<\/span>\n\t\t\t\t\t\t\t\t<\/span>\n\t\t\t\t\t<\/a>\n\t\t\t\t\t\t\t\t<\/div>\n\t\t\t\t\t<\/div>\n\t\t<\/div>\n\t\t\t\t\t<\/div>\n\t\t<\/section>\n\t\t\t\t\t<\/div>\n\t\t<\/div>\n\t\t\t\t\t<\/div>\n\t\t<\/section>\n\t\t\t\t<section class=\"elementor-section elementor-top-section elementor-element elementor-element-c66be00 elementor-section-boxed elementor-section-height-default elementor-section-height-default\" data-id=\"c66be00\" data-element_type=\"section\" data-e-type=\"section\" id=\"send\" data-settings=\"{&quot;background_background&quot;:&quot;slideshow&quot;,&quot;background_slideshow_gallery&quot;:[],&quot;background_slideshow_loop&quot;:&quot;yes&quot;,&quot;background_slideshow_slide_duration&quot;:5000,&quot;background_slideshow_slide_transition&quot;:&quot;fade&quot;,&quot;background_slideshow_transition_duration&quot;:500}\">\n\t\t\t\t\t\t<div class=\"elementor-container elementor-column-gap-default\">\n\t\t\t\t\t<div class=\"elementor-column elementor-col-100 elementor-top-column elementor-element elementor-element-0277e99\" data-id=\"0277e99\" data-element_type=\"column\" data-e-type=\"column\" data-settings=\"{&quot;background_background&quot;:&quot;classic&quot;}\">\n\t\t\t<div class=\"elementor-widget-wrap elementor-element-populated\">\n\t\t\t\t\t\t<div class=\"elementor-element elementor-element-6dccb4e elementor-widget elementor-widget-heading\" data-id=\"6dccb4e\" data-element_type=\"widget\" data-e-type=\"widget\" data-widget_type=\"heading.default\">\n\t\t\t\t\t<h2 class=\"elementor-heading-title elementor-size-default\">Nous serions ravis de recevoir votre message !<\/h2>\t\t\t\t<\/div>\n\t\t\t\t<div class=\"elementor-element elementor-element-8e3dea8 elementor-widget elementor-widget-text-editor\" data-id=\"8e3dea8\" data-element_type=\"widget\" data-e-type=\"widget\" data-widget_type=\"text-editor.default\">\n\t\t\t\t\t\t\t\t\t<p>Nous nous engageons \u00e0 r\u00e9pondre \u00e0 tous les emails pendant nos horaires habituels, du lundi au vendredi, de 9h \u00e0 19h (CEST). <\/p>\t\t\t\t\t\t\t\t<\/div>\n\t\t\t\t<div class=\"elementor-element elementor-element-c65557a elementor-widget__width-initial elementor-widget-tablet__width-initial elementor-invisible elementor-widget elementor-widget-shortcode\" data-id=\"c65557a\" data-element_type=\"widget\" data-e-type=\"widget\" data-settings=\"{&quot;_animation&quot;:&quot;fadeIn&quot;}\" data-widget_type=\"shortcode.default\">\n\t\t\t\t\t\t\t<div class=\"elementor-shortcode\">\n<div class=\"wpcf7 no-js\" id=\"wpcf7-f31539-o1\" lang=\"en-US\" dir=\"ltr\" data-wpcf7-id=\"31539\">\n<div class=\"screen-reader-response\"><p role=\"status\" aria-live=\"polite\" aria-atomic=\"true\"><\/p> <ul><\/ul><\/div>\n<form action=\"\/fr\/wp-json\/wp\/v2\/pages\/38275#wpcf7-f31539-o1\" method=\"post\" class=\"wpcf7-form init\" aria-label=\"Contact form\" novalidate=\"novalidate\" data-status=\"init\">\n<fieldset class=\"hidden-fields-container\"><input type=\"hidden\" name=\"_wpcf7\" value=\"31539\" \/><input type=\"hidden\" name=\"_wpcf7_version\" value=\"6.1.5\" \/><input type=\"hidden\" name=\"_wpcf7_locale\" value=\"en_US\" \/><input type=\"hidden\" name=\"_wpcf7_unit_tag\" value=\"wpcf7-f31539-o1\" \/><input type=\"hidden\" name=\"_wpcf7_container_post\" value=\"0\" \/><input type=\"hidden\" name=\"_wpcf7_posted_data_hash\" value=\"\" \/><input type=\"hidden\" name=\"_wpcf7_recaptcha_response\" value=\"\" \/>\n<\/fieldset>\n<p>First Name *:<br \/>\n<span class=\"wpcf7-form-control-wrap\" data-name=\"your-first-name\"><input size=\"40\" maxlength=\"400\" class=\"wpcf7-form-control wpcf7-text wpcf7-validates-as-required\" aria-required=\"true\" aria-invalid=\"false\" value=\"\" type=\"text\" name=\"your-first-name\" \/><\/span>\n<\/p>\n<p>Last Name *:<br \/>\n<span class=\"wpcf7-form-control-wrap\" data-name=\"your-last-name\"><input size=\"40\" maxlength=\"400\" class=\"wpcf7-form-control wpcf7-text wpcf7-validates-as-required\" aria-required=\"true\" aria-invalid=\"false\" value=\"\" type=\"text\" name=\"your-last-name\" \/><\/span>\n<\/p>\n<p>Phone *:<br \/>\n<span class=\"wpcf7-form-control-wrap\" data-name=\"your-phone\"><input size=\"40\" maxlength=\"400\" class=\"wpcf7-form-control wpcf7-tel wpcf7-validates-as-required wpcf7-text wpcf7-validates-as-tel\" aria-required=\"true\" aria-invalid=\"false\" value=\"\" type=\"tel\" name=\"your-phone\" \/><\/span>\n<\/p>\n<p>Email *:<br \/>\n<span class=\"wpcf7-form-control-wrap\" data-name=\"your-email\"><input size=\"40\" maxlength=\"400\" class=\"wpcf7-form-control wpcf7-email wpcf7-validates-as-required wpcf7-text wpcf7-validates-as-email\" aria-required=\"true\" aria-invalid=\"false\" value=\"\" type=\"email\" name=\"your-email\" \/><\/span>\n<\/p>\n<p>Your Event Date & Location *:<br \/>\n<span class=\"wpcf7-form-control-wrap\" data-name=\"your-event-date-location\"><input size=\"40\" maxlength=\"400\" class=\"wpcf7-form-control wpcf7-text wpcf7-validates-as-required\" aria-required=\"true\" aria-invalid=\"false\" value=\"\" type=\"text\" name=\"your-event-date-location\" \/><\/span>\n<\/p>\n<p>Estimated Guest Count *:<br \/>\n<span class=\"wpcf7-form-control-wrap\" data-name=\"estimated-guest-count\"><input size=\"40\" maxlength=\"400\" class=\"wpcf7-form-control wpcf7-text wpcf7-validates-as-required\" aria-required=\"true\" aria-invalid=\"false\" value=\"\" type=\"text\" name=\"estimated-guest-count\" \/><\/span>\n<\/p>\n<p>How did you hear about us? :<br \/>\n<span class=\"wpcf7-form-control-wrap\" data-name=\"how-did-you-hear-about-us\"><input size=\"40\" maxlength=\"400\" class=\"wpcf7-form-control wpcf7-text wpcf7-validates-as-required\" aria-required=\"true\" aria-invalid=\"false\" value=\"\" type=\"text\" name=\"how-did-you-hear-about-us\" \/><\/span>\n<\/p>\n<p>TELL US MORE! WE WOULD LOVE TO HEAR<br \/>\nAS MUCH DETAILS ABOUT YOUR PLANS<br \/>\nAND VISION AS POSSIBLE SO WE CAN<br \/>\nANSWER AS PRECISELY AS POSSIBLE.\n<\/p>\n<p>Message:<br \/>\n<span class=\"wpcf7-form-control-wrap\" data-name=\"your-message\"><textarea cols=\"40\" rows=\"10\" maxlength=\"2000\" class=\"wpcf7-form-control wpcf7-textarea\" aria-invalid=\"false\" name=\"your-message\"><\/textarea><\/span>\n<\/p>\n<p><input class=\"wpcf7-form-control wpcf7-submit has-spinner\" type=\"submit\" value=\"SUBMIT FORM\" \/>\n<\/p><p style=\"display: none !important;\" class=\"akismet-fields-container\" data-prefix=\"_wpcf7_ak_\"><label>&#916;<textarea name=\"_wpcf7_ak_hp_textarea\" cols=\"45\" rows=\"8\" maxlength=\"100\"><\/textarea><\/label><input type=\"hidden\" id=\"ak_js_1\" name=\"_wpcf7_ak_js\" value=\"146\"\/><script type=\"text\/javascript\">\n\/* <![CDATA[ *\/\ndocument.getElementById( \"ak_js_1\" ).setAttribute( \"value\", ( new Date() ).getTime() );\n\/* ]]> *\/\n<\/script>\n<\/p><div class=\"wpcf7-response-output\" aria-hidden=\"true\"><\/div>\n<\/form>\n<\/div>\n<\/div>\n\t\t\t\t\t\t<\/div>\n\t\t\t\t\t<\/div>\n\t\t<\/div>\n\t\t\t\t\t<\/div>\n\t\t<\/section>\n\t\t\t\t<\/div>\n\t\t","protected":false},"excerpt":{"rendered":"<p>Bienvenue dans le monde magique de Manakin Fleurs et D\u00e9corations, votre fleuriste \u00e9v\u00e9nementiel incontournable sur la magnifique C\u00f4te d\u2019Azur ! Imaginez des fleurs qui transforment de simples f\u00eates en c\u00e9l\u00e9brations extraordinaires. Nous sommes comme des artistes : au lieu de pinceaux, nous utilisons les fleurs pour embellir les anniversaires, les bapt\u00eames et les f\u00eates \u00e0 [&hellip;]<\/p>\n","protected":false},"author":13514,"featured_media":0,"parent":0,"menu_order":0,"comment_status":"closed","ping_status":"closed","template":"","meta":{"_uf_show_specific_survey":0,"_uf_disable_surveys":false,"footnotes":""},"class_list":["post-38275","page","type-page","status-publish","hentry"],"_links":{"self":[{"href":"https:\/\/manakinfleurs.com\/fr\/wp-json\/wp\/v2\/pages\/38275","targetHints":{"allow":["GET"]}}],"collection":[{"href":"https:\/\/manakinfleurs.com\/fr\/wp-json\/wp\/v2\/pages"}],"about":[{"href":"https:\/\/manakinfleurs.com\/fr\/wp-json\/wp\/v2\/types\/page"}],"author":[{"embeddable":true,"href":"https:\/\/manakinfleurs.com\/fr\/wp-json\/wp\/v2\/users\/13514"}],"replies":[{"embeddable":true,"href":"https:\/\/manakinfleurs.com\/fr\/wp-json\/wp\/v2\/comments?post=38275"}],"version-history":[{"count":5,"href":"https:\/\/manakinfleurs.com\/fr\/wp-json\/wp\/v2\/pages\/38275\/revisions"}],"predecessor-version":[{"id":39619,"href":"https:\/\/manakinfleurs.com\/fr\/wp-json\/wp\/v2\/pages\/38275\/revisions\/39619"}],"wp:attachment":[{"href":"https:\/\/manakinfleurs.com\/fr\/wp-json\/wp\/v2\/media?parent=38275"}],"curies":[{"name":"wp","href":"https:\/\/api.w.org\/{rel}","templated":true}]}}