{"id":38243,"date":"2019-02-07T18:43:14","date_gmt":"2019-02-07T17:43:14","guid":{"rendered":"https:\/\/manakinfleurs.com\/?page_id=38243"},"modified":"2025-09-22T10:44:02","modified_gmt":"2025-09-22T09:44:02","slug":"politique-de-confidentialite","status":"publish","type":"page","link":"https:\/\/manakinfleurs.com\/fr\/politique-de-confidentialite\/","title":{"rendered":"Politique de confidentialit\u00e9"},"content":{"rendered":"\t\t<div data-elementor-type=\"wp-page\" data-elementor-id=\"38243\" class=\"elementor elementor-38243 elementor-3428\">\n\t\t\t\t\t\t<section class=\"elementor-section elementor-top-section elementor-element elementor-element-69134ee4 elementor-section-boxed elementor-section-height-default elementor-section-height-default\" data-id=\"69134ee4\" data-element_type=\"section\" data-e-type=\"section\">\n\t\t\t\t\t\t<div class=\"elementor-container elementor-column-gap-default\">\n\t\t\t\t\t<div class=\"elementor-column elementor-col-100 elementor-top-column elementor-element elementor-element-1dd9eb61\" data-id=\"1dd9eb61\" data-element_type=\"column\" data-e-type=\"column\">\n\t\t\t<div class=\"elementor-widget-wrap elementor-element-populated\">\n\t\t\t\t\t\t<div class=\"elementor-element elementor-element-3668a0ab elementor-widget elementor-widget-text-editor\" data-id=\"3668a0ab\" data-element_type=\"widget\" data-e-type=\"widget\" data-widget_type=\"text-editor.default\">\n\t\t\t\t\t\t\t\t\t<p><\/p>\n<p><\/p>\n<p>Date d\u2019entr\u00e9e en vigueur :&nbsp; 01\/04\/2025<\/p>\n<p><\/p>\n<p><a href=\"https:\/\/manakinfleurs.com\/fr\/\">Manakin Fleurs<\/a> &nbsp;(\u00ab nous \u00bb, \u00ab notre \u00bb) exploite le site web <a href=\"https:\/\/manakinfleurs.com\/fr\/\">https:\/\/manakinfleurs.com\/ <\/a>(ci-apr\u00e8s d\u00e9nomm\u00e9 \u00ab le Service \u00bb).<\/p>\n<p><\/p>\n<p>Cette page vous informe de nos politiques concernant la collecte, l\u2019utilisation et la divulgation de vos donn\u00e9es personnelles lorsque vous utilisez notre Service, ainsi que des choix que vous avez en lien avec ces donn\u00e9es. Notre politique de confidentialit\u00e9 pour <a href=\"https:\/\/manakinfleurs.com\/fr\/\">Manakin Fleurs&nbsp;<\/a> a \u00e9t\u00e9 cr\u00e9\u00e9e avec l\u2019aide du site Cette page vous informe de nos politiques concernant la collecte, l\u2019utilisation et la divulgation de vos donn\u00e9es personnelles lorsque vous utilisez notre Service, ainsi que des choix que vous avez en lien avec ces donn\u00e9es. Notre politique de confidentialit\u00e9 pour Manakin Fleurs a \u00e9t\u00e9 cr\u00e9\u00e9e avec l\u2019aide du site <a href=\"https:\/\/privacypolicies.com\/\" rel=\"noopener\">Politique de confidentialit\u00e9<\/a>.. <\/p>\n<p><\/p>\n<p>We use your data to provide and improve the Service. By using the Service, you agree to the collection and use of information in accordance with this policy. Unless otherwise defined in this Privacy Policy, the terms used in this <a href=\"https:\/\/www.manakinfleurs.com\/privacy-policy\/\">Privacy Policy<\/a> have the same meanings as in our <a href=\"https:\/\/manakinfleurs.com\/terms-conditions\/\">Terms and Conditions<\/a>, accessible from <a href=\"https:\/\/manakinfleurs.com\/fr\/\">https:\/\/manakinfleurs.com\/<\/a>  <\/p>\n<p><\/p>\n<h2>Collecte et utilisation des informations<\/h2>\n<p><\/p>\n<p>Nous collectons diff\u00e9rents types d\u2019informations \u00e0 diverses fins afin de fournir et d\u2019am\u00e9liorer notre Service pour vous.<\/p>\n<p><\/p>\n<h4>Donn\u00e9es personnelles<\/h4>\n<p><\/p>\n<p>Lorsque vous utilisez notre Service, il peut vous \u00eatre demand\u00e9 de nous fournir certaines informations personnelles qui peuvent \u00eatre utilis\u00e9es pour vous contacter ou vous identifier (\u00ab Donn\u00e9es personnelles \u00bb). Les informations personnelles peuvent inclure, entre autres : <\/p>\n<p><\/p>\n<p>&#8211; Adresse e-mail<\/p>\n<p><\/p>\n<p>&#8211; Pr\u00e9nom et nom de famille<\/p>\n<p><\/p>\n<p>&#8211; Num\u00e9ro de t\u00e9l\u00e9phone<\/p>\n<p><\/p>\n<p>&#8211; Adresse, \u00c9tat, Province, code postal, Ville<\/p>\n<p><\/p>\n<p>&#8211; Cookies et donn\u00e9es d\u2019utilisation<\/p>\n<p><\/p>\n<h4>Donn\u00e9es d\u2019utilisation<\/h4>\n<p><\/p>\n<p>Nous pouvons \u00e9galement recueillir des informations sur la fa\u00e7on dont le Service est acc\u00e9d\u00e9 et utilis\u00e9 (\u00ab Donn\u00e9es d\u2019utilisation \u00bb). Ces donn\u00e9es peuvent inclure des informations telles que l\u2019adresse IP de votre ordinateur, le type et la version du navigateur, les pages de notre Service que vous consultez, la date et l\u2019heure de votre visite, le temps pass\u00e9 sur ces pages, les identifiants uniques des appareils et d\u2019autres donn\u00e9es de diagnostic. <\/p>\n<p><\/p>\n<h4>Suivi et cookies<\/h4>\n<p><\/p>\n<p>Nous utilisons des cookies et d\u2019autres technologies de suivi similaires pour suivre l\u2019activit\u00e9 sur notre Service et conserver certaines informations.<\/p>\n<p><\/p>\n<p>Les cookies sont des fichiers contenant une petite quantit\u00e9 de donn\u00e9es qui peuvent inclure un identifiant unique anonyme. Les cookies sont envoy\u00e9s \u00e0 votre navigateur \u00e0 partir d\u2019un site web et sont stock\u00e9s sur votre appareil. Les technologies de suivi utilis\u00e9es sont \u00e9galement les balises, tags et scripts, servant \u00e0 collecter et suivre les informations dans le but d\u2019am\u00e9liorer et d\u2019analyser notre Service.  <\/p>\n<p><\/p>\n<p>Vous pouvez configurer votre navigateur pour refuser tous les cookies ou pour vous avertir lorsqu\u2019un cookie est envoy\u00e9. Cependant, si vous n\u2019acceptez pas les cookies, il se peut que vous ne puissiez pas utiliser certaines parties de notre Service.<br \/>Vous pouvez en savoir plus sur la gestion des cookies dans le guide <a href=\"https:\/\/privacypolicies.com\/blog\/how-to-delete-cookies\/\" rel=\"noopener\">Cookies du navigateur.<\/a>  <\/p>\n<p><\/p>\n<p>Exemples de cookies que nous utilisons :<\/p>\n<p><\/p>\n<p>&#8211; Cookies de session. Nous utilisons des cookies de session pour faire fonctionner notre Service. <\/p>\n<p><\/p>\n<p>&#8211; Cookies de pr\u00e9f\u00e9rence. Nous utilisons des cookies de pr\u00e9f\u00e9rence pour m\u00e9moriser vos pr\u00e9f\u00e9rences et divers param\u00e8tres. <\/p>\n<p><\/p>\n<p>&#8211; Cookies de s\u00e9curit\u00e9. Nous utilisons des cookies de s\u00e9curit\u00e9 \u00e0 des fins de s\u00e9curit\u00e9. <\/p>\n<p><\/p>\n<h2>Utilisation des donn\u00e9es<\/h2>\n<p><\/p>\n<p><a href=\"https:\/\/manakinfleurs.com\/fr\/\">Manakin Fleurs<\/a> &nbsp;utilise les donn\u00e9es collect\u00e9es \u00e0 diverses fins :<\/p>\n<p><\/p>\n<p>&#8211; Pour fournir et maintenir le Service<\/p>\n<p><\/p>\n<p>&#8211; Pour vous notifier des changements concernant notre Service<\/p>\n<p><\/p>\n<p>&#8211; Pour vous permettre de participer aux fonctionnalit\u00e9s interactives de notre Service lorsque vous choisissez de le faire<\/p>\n<p><\/p>\n<p>&#8211; Pour assurer le service client et le support<\/p>\n<p><\/p>\n<p>&#8211; Pour effectuer des analyses ou recueillir des informations utiles afin d\u2019am\u00e9liorer le Service<\/p>\n<p><\/p>\n<p>&#8211; Pour surveiller l\u2019utilisation du Service<\/p>\n<p><\/p>\n<p>&#8211; Pour d\u00e9tecter, pr\u00e9venir et r\u00e9soudre les probl\u00e8mes techniques<\/p>\n<p><\/p>\n<h2>Transfert des donn\u00e9es<\/h2>\n<p><\/p>\n<p>Vos informations, y compris les Donn\u00e9es personnelles, peuvent \u00eatre transf\u00e9r\u00e9es \u2014 et conserv\u00e9es \u2014 sur des ordinateurs situ\u00e9s en dehors de votre \u00c9tat, province, pays ou autre juridiction gouvernementale o\u00f9 les lois sur la protection des donn\u00e9es peuvent diff\u00e9rer de celles de votre juridiction.<\/p>\n<p><\/p>\n<p>Si vous \u00eates situ\u00e9 en dehors de la France et que vous choisissez de nous fournir vos informations, veuillez noter que nous transf\u00e9rons les donn\u00e9es, y compris les Donn\u00e9es personnelles, en France pour les traiter.<\/p>\n<p><\/p>\n<p>Votre consentement \u00e0 cette <a href=\"https:\/\/manakinfleurs.com\/privacy-policy\/\">Politique de confidentialit\u00e9<\/a>, suivi par la soumission desdites informations, constitue votre accord \u00e0 ce transfert.<\/p>\n<p><\/p>\n<p><a href=\"https:\/\/manakinfleurs.com\/fr\/\">Manakin Fleurs<\/a> &nbsp;prendra toutes les mesures raisonnablement n\u00e9cessaires pour s\u2019assurer que vos donn\u00e9es sont trait\u00e9es en toute s\u00e9curit\u00e9 et conform\u00e9ment \u00e0 cette Politique de confidentialit\u00e9, et qu\u2019aucun transfert de vos Donn\u00e9es personnelles n\u2019aura lieu vers une organisation ou un pays \u00e0 moins qu\u2019il n\u2019existe des contr\u00f4les ad\u00e9quats, y compris la s\u00e9curit\u00e9 de vos donn\u00e9es et autres informations personnelles.<\/p>\n<p><\/p>\n<h2>Divulgation des donn\u00e9es<\/h2>\n<p><\/p>\n<h3>Exigences l\u00e9gales<\/h3>\n<p><\/p>\n<p><a href=\"https:\/\/manakinfleurs.com\/fr\/\">Manakin Fleurs<\/a> peut divulguer vos Donn\u00e9es personnelles en toute bonne foi si une telle action est n\u00e9cessaire pour :<\/p>\n<p><\/p>\n<p>&#8211; Se conformer \u00e0 une obligation l\u00e9gale<\/p>\n<p><\/p>\n<p>&#8211; Prot\u00e9ger et d\u00e9fendre les droits ou la propri\u00e9t\u00e9 de Manakin<\/p>\n<p><\/p>\n<p>&#8211; Pr\u00e9venir ou enqu\u00eater sur d\u2019\u00e9ventuels actes r\u00e9pr\u00e9hensibles en lien avec le Service<\/p>\n<p><\/p>\n<p>&#8211; Prot\u00e9ger la s\u00e9curit\u00e9 personnelle des utilisateurs du Service ou du public<\/p>\n<p><\/p>\n<p>&#8211; Se prot\u00e9ger contre la responsabilit\u00e9 l\u00e9gale<\/p>\n<p><\/p>\n<h2>S\u00e9curit\u00e9 des donn\u00e9es<\/h2>\n<p><\/p>\n<p>La s\u00e9curit\u00e9 de vos donn\u00e9es est importante pour nous, mais veuillez noter qu\u2019aucune m\u00e9thode de transmission sur Internet ou de stockage \u00e9lectronique n\u2019est totalement s\u00fbre. Bien que nous mettions en \u0153uvre des moyens commercialement acceptables pour prot\u00e9ger vos Donn\u00e9es personnelles, nous ne pouvons en garantir la s\u00e9curit\u00e9 absolue. <\/p>\n<p><\/p>\n<h2>Fournisseurs de services<\/h2>\n<p><\/p>\n<p>Nous pouvons faire appel \u00e0 des soci\u00e9t\u00e9s tierces ou \u00e0 des particuliers pour faciliter notre Service (\u00ab Fournisseurs de services \u00bb), pour fournir le Service en notre nom, pour effectuer des services li\u00e9s au Service ou pour nous aider \u00e0 analyser l\u2019utilisation de notre Service.<\/p>\n<p><\/p>\n<p>Ces tiers ont acc\u00e8s \u00e0 vos Donn\u00e9es personnelles uniquement pour effectuer ces t\u00e2ches en notre nom et sont tenus de ne pas les divulguer ou les utiliser \u00e0 d\u2019autres fins.<\/p>\n<p><\/p>\n<h2>Analyses<\/h2>\n<p><\/p>\n<p>Nous pouvons utiliser des Fournisseurs de services tiers pour surveiller et analyser l\u2019utilisation de notre Service.<\/p>\n<p><\/p>\n<p>Google Analytics &#8211; Google Analytics est un service d\u2019analyse Web propos\u00e9 par Google qui suit et rapporte le trafic du site Web. Google utilise les donn\u00e9es collect\u00e9es pour suivre et surveiller l\u2019utilisation de notre Service. Ces donn\u00e9es sont partag\u00e9es avec d\u2019autres services Google. Google peut utiliser les donn\u00e9es collect\u00e9es pour contextualiser et personnaliser les annonces de son propre r\u00e9seau publicitaire.<br \/>Vous pouvez refuser que votre activit\u00e9 sur le Service soit disponible pour Google Analytics en installant le module compl\u00e9mentaire de navigateur pour la d\u00e9sactivation de Google Analytics. Celui-ci emp\u00eache le JavaScript Analytics (ga.js, analytics.js et dc.js) de partager des informations avec Google Analytics concernant l\u2019activit\u00e9 des visites.<br \/>Pour plus d\u2019informations sur les pratiques de confidentialit\u00e9 de Google, consultez la page vie priv\u00e9e de Google : <a href=\"https:\/\/policies.google.com\/privacy?hl=fr\" rel=\"noopener\">https:\/\/policies.google.com\/privacy?hl=fr<\/a>      <\/p>\n<p><\/p>\n<h2>Liens vers d\u2019autres sites<\/h2>\n<p><\/p>\n<p>Notre Service peut contenir des liens vers d\u2019autres sites qui ne sont pas exploit\u00e9s par nous. Si vous cliquez sur un lien d\u2019un tiers, vous serez dirig\u00e9 vers le site de ce tiers. Nous vous conseillons fortement de consulter la <a href=\"https:\/\/manakinfleurs.com\/privacy-policy\/\" data-wplink-edit=\"true\">politique de confidentialit\u00e9<\/a> de chaque site que vous visitez.  <\/p>\n<p><\/p>\n<p>Nous n\u2019avons aucun contr\u00f4le sur le contenu, les politiques de confidentialit\u00e9 ou les pratiques des sites ou services de tiers et n\u2019assumons aucune responsabilit\u00e9 \u00e0 cet \u00e9gard.<\/p>\n<p><\/p>\n<h2>Protection de la vie priv\u00e9e des enfants<\/h2>\n<p><\/p>\n<p>Notre Service ne s\u2019adresse \u00e0 personne \u00e2g\u00e9 de moins de 18 ans (\u00ab enfants \u00bb).<\/p>\n<p><\/p>\n<p>Nous ne collectons pas sciemment d\u2019informations personnellement identifiables aupr\u00e8s de personnes de moins de 18 ans. Si vous \u00eates parent ou tuteur et que vous savez que votre enfant nous a fourni des Donn\u00e9es personnelles, veuillez <a href=\"https:\/\/manakinfleurs.com\/contact\/\">nous contacter<\/a>. Si nous d\u00e9couvrons que nous avons collect\u00e9 des Donn\u00e9es personnelles d\u2019enfants sans v\u00e9rification du consentement parental, nous prendrons des mesures pour supprimer ces informations de nos serveurs.  <\/p>\n<p><\/p>\n<h2>Modifications de cette politique de confidentialit\u00e9<\/h2>\n<p><\/p>\n<p>Manakin peut mettre \u00e0 jour sa politique de confidentialit\u00e9 de temps en temps. Nous vous informerons de tout changement en publiant la nouvelle <a href=\"https:\/\/manakinfleurs.com\/privacy-policy\/\">politique de confidentialit\u00e9<\/a> sur cette page. <\/p>\n<p><\/p>\n<p>Nous vous informerons par e-mail et\/ou par un avis visible sur notre Service, avant que la modification n\u2019entre en vigueur, et nous actualiserons la \u00ab date d\u2019entr\u00e9e en vigueur \u00bb en haut de cette <a href=\"https:\/\/manakinfleurs.com\/privacy-policy\/\">Politique de confidentialit\u00e9<\/a>.<\/p>\n<p><\/p>\n<p>Il vous est conseill\u00e9 de consulter r\u00e9guli\u00e8rement cette <a href=\"https:\/\/manakinfleurs.com\/privacy-policy\/\">Politique de confidentialit\u00e9<\/a> pour tout changement. Les modifications de cette Politique de confidentialit\u00e9 prennent effet d\u00e8s leur publication sur cette page. <\/p>\n<p><\/p>\n<h2>Contactez-nous<\/h2>\n<p><\/p>\n<p>Si vous avez des questions concernant cette <a href=\"https:\/\/manakinfleurs.com\/privacy-policy\/\">Politique de confidentialit\u00e9<\/a>, veuillez nous contacter :<\/p>\n<p><\/p>\n<p>Par e-mail : <a href=\"mailto:contact@manakinfleurs.com\">contact@manakinfleurs.com<\/a><\/p>\n<p><\/p>\t\t\t\t\t\t\t\t<\/div>\n\t\t\t\t\t<\/div>\n\t\t<\/div>\n\t\t\t\t\t<\/div>\n\t\t<\/section>\n\t\t\t\t<\/div>\n\t\t","protected":false},"excerpt":{"rendered":"<p>Date d\u2019entr\u00e9e en vigueur :&nbsp; 01\/04\/2025 Manakin Fleurs &nbsp;(\u00ab nous \u00bb, \u00ab notre \u00bb) exploite le site web https:\/\/manakinfleurs.com\/ (ci-apr\u00e8s d\u00e9nomm\u00e9 \u00ab le Service \u00bb). Cette page vous informe de nos politiques concernant la collecte, l\u2019utilisation et la divulgation de vos donn\u00e9es personnelles lorsque vous utilisez notre Service, ainsi que des choix que vous avez [&hellip;]<\/p>\n","protected":false},"author":9,"featured_media":0,"parent":0,"menu_order":0,"comment_status":"closed","ping_status":"closed","template":"","meta":{"_uf_show_specific_survey":0,"_uf_disable_surveys":false,"footnotes":""},"class_list":["post-38243","page","type-page","status-publish","hentry"],"_links":{"self":[{"href":"https:\/\/manakinfleurs.com\/fr\/wp-json\/wp\/v2\/pages\/38243","targetHints":{"allow":["GET"]}}],"collection":[{"href":"https:\/\/manakinfleurs.com\/fr\/wp-json\/wp\/v2\/pages"}],"about":[{"href":"https:\/\/manakinfleurs.com\/fr\/wp-json\/wp\/v2\/types\/page"}],"author":[{"embeddable":true,"href":"https:\/\/manakinfleurs.com\/fr\/wp-json\/wp\/v2\/users\/9"}],"replies":[{"embeddable":true,"href":"https:\/\/manakinfleurs.com\/fr\/wp-json\/wp\/v2\/comments?post=38243"}],"version-history":[{"count":4,"href":"https:\/\/manakinfleurs.com\/fr\/wp-json\/wp\/v2\/pages\/38243\/revisions"}],"predecessor-version":[{"id":38730,"href":"https:\/\/manakinfleurs.com\/fr\/wp-json\/wp\/v2\/pages\/38243\/revisions\/38730"}],"wp:attachment":[{"href":"https:\/\/manakinfleurs.com\/fr\/wp-json\/wp\/v2\/media?parent=38243"}],"curies":[{"name":"wp","href":"https:\/\/api.w.org\/{rel}","templated":true}]}}