{"id":38184,"date":"2025-01-06T12:51:07","date_gmt":"2025-01-06T11:51:07","guid":{"rendered":"https:\/\/manakinfleurs.com\/?page_id=38184"},"modified":"2025-09-22T10:40:11","modified_gmt":"2025-09-22T09:40:11","slug":"evenements-b2b","status":"publish","type":"page","link":"https:\/\/manakinfleurs.com\/fr\/evenements-b2b\/","title":{"rendered":"B2B"},"content":{"rendered":"\t\t<div data-elementor-type=\"wp-page\" data-elementor-id=\"38184\" class=\"elementor elementor-38184 elementor-31007\">\n\t\t\t\t\t\t<section class=\"elementor-section elementor-top-section elementor-element elementor-element-85d3ade elementor-section-boxed elementor-section-height-default elementor-section-height-default\" data-id=\"85d3ade\" data-element_type=\"section\" data-e-type=\"section\">\n\t\t\t\t\t\t<div class=\"elementor-container elementor-column-gap-default\">\n\t\t\t\t\t<div class=\"elementor-column elementor-col-100 elementor-top-column elementor-element elementor-element-0ed4505\" data-id=\"0ed4505\" data-element_type=\"column\" data-e-type=\"column\">\n\t\t\t<div class=\"elementor-widget-wrap elementor-element-populated\">\n\t\t\t\t\t\t<div class=\"elementor-element elementor-element-ff64b9f elementor-widget elementor-widget-text-editor\" data-id=\"ff64b9f\" data-element_type=\"widget\" data-e-type=\"widget\" data-widget_type=\"text-editor.default\">\n\t\t\t\t\t\t\t\t\t<p>Manakin Fleurs se sp\u00e9cialise dans les magnifiques d\u00e9corations florales d&#8217;\u00e9v\u00e9nements B2B le long de la splendide C\u00f4te d&#8217;Azur, notamment \u00e0 Cannes et Monaco. Forte d&#8217;une vaste exp\u00e9rience dans des \u00e9v\u00e9nements prestigieux tels que le Festival de Cannes, Cannes Lions, Cannes ILTM et le Monaco Yacht Show, nous savons comment sublimer l&#8217;atmosph\u00e8re de votre \u00e9v\u00e9nement avec d&#8217;exquises compositions florales. Laissez-nous transformer vos rassemblements d&#8217;entreprise en exp\u00e9riences inoubliables gr\u00e2ce \u00e0 nos cr\u00e9ations florales cr\u00e9atives et \u00e9l\u00e9gantes.  <\/p>\t\t\t\t\t\t\t\t<\/div>\n\t\t\t\t\t<\/div>\n\t\t<\/div>\n\t\t\t\t\t<\/div>\n\t\t<\/section>\n\t\t\t\t<section class=\"elementor-section elementor-top-section elementor-element elementor-element-652819a elementor-section-boxed elementor-section-height-default elementor-section-height-default\" data-id=\"652819a\" data-element_type=\"section\" data-e-type=\"section\">\n\t\t\t\t\t\t<div class=\"elementor-container elementor-column-gap-default\">\n\t\t\t\t\t<div class=\"elementor-column elementor-col-50 elementor-top-column elementor-element elementor-element-d6e0f6c\" data-id=\"d6e0f6c\" data-element_type=\"column\" data-e-type=\"column\">\n\t\t\t<div class=\"elementor-widget-wrap elementor-element-populated\">\n\t\t\t\t\t\t<div class=\"elementor-element elementor-element-1151d04 elementor-widget elementor-widget-image\" data-id=\"1151d04\" data-element_type=\"widget\" data-e-type=\"widget\" data-widget_type=\"image.default\">\n\t\t\t\t\t\t\t\t\t\t\t\t\t\t\t\t<a href=\"https:\/\/manakinfleurs.com\/events-2\/womens-sports-house-at-cannes-lions\/\">\n\t\t\t\t\t\t\t<img decoding=\"async\" src=\"https:\/\/manakinfleurs.com\/wp-content\/uploads\/elementor\/thumbs\/240619-DB_WSH_Day3-2543-scaled-qwcku3yku0448acj13b5hhrkgrki8sbz6wibtv1c7k.jpg\" title=\"Exquisite Dining Setup at Women&#8217;s Sports House, Cannes Lions\" alt=\"Luxury table setting with yellow floral decor at Women&#039;s Sports House event\" loading=\"lazy\" \/>\t\t\t\t\t\t\t\t<\/a>\n\t\t\t\t\t\t\t\t\t\t\t\t\t\t\t<\/div>\n\t\t\t\t<div class=\"elementor-element elementor-element-985020b elementor-widget elementor-widget-heading\" data-id=\"985020b\" data-element_type=\"widget\" data-e-type=\"widget\" data-widget_type=\"heading.default\">\n\t\t\t\t\t<h2 class=\"elementor-heading-title elementor-size-default\">Women's Sports House <br>\u00e0 Cannes Lions <\/h2>\t\t\t\t<\/div>\n\t\t\t\t\t<\/div>\n\t\t<\/div>\n\t\t\t\t<div class=\"elementor-column elementor-col-50 elementor-top-column elementor-element elementor-element-45542cd\" data-id=\"45542cd\" data-element_type=\"column\" data-e-type=\"column\">\n\t\t\t<div class=\"elementor-widget-wrap elementor-element-populated\">\n\t\t\t\t\t\t<div class=\"elementor-element elementor-element-1df0ae3 elementor-widget__width-initial elementor-widget elementor-widget-image\" data-id=\"1df0ae3\" data-element_type=\"widget\" data-e-type=\"widget\" data-widget_type=\"image.default\">\n\t\t\t\t\t\t\t\t\t\t\t\t\t\t\t\t<a href=\"https:\/\/manakinfleurs.com\/events\/le-beauvallon-event\/\">\n\t\t\t\t\t\t\t<img loading=\"lazy\" decoding=\"async\" width=\"2560\" height=\"1607\" src=\"https:\/\/manakinfleurs.com\/wp-content\/uploads\/2024\/07\/lebeauvallonbyfayewildetravelphotography-449-Copy-scaled.jpg\" class=\"attachment-full size-full wp-image-36209\" alt=\"\">\t\t\t\t\t\t\t\t<\/a>\n\t\t\t\t\t\t\t\t\t\t\t\t\t\t\t<\/div>\n\t\t\t\t<div class=\"elementor-element elementor-element-d1e8a91 elementor-widget elementor-widget-heading\" data-id=\"d1e8a91\" data-element_type=\"widget\" data-e-type=\"widget\" data-widget_type=\"heading.default\">\n\t\t\t\t\t<h2 class=\"elementor-heading-title elementor-size-default\">Inauguration du Beauvallon <br>\u00e0 Saint-Tropez<\/h2>\t\t\t\t<\/div>\n\t\t\t\t\t<\/div>\n\t\t<\/div>\n\t\t\t\t\t<\/div>\n\t\t<\/section>\n\t\t\t\t<section class=\"elementor-section elementor-top-section elementor-element elementor-element-1041c4b elementor-section-boxed elementor-section-height-default elementor-section-height-default\" data-id=\"1041c4b\" data-element_type=\"section\" data-e-type=\"section\">\n\t\t\t\t\t\t<div class=\"elementor-container elementor-column-gap-default\">\n\t\t\t\t\t<div class=\"elementor-column elementor-col-50 elementor-top-column elementor-element elementor-element-a6bc884\" data-id=\"a6bc884\" data-element_type=\"column\" data-e-type=\"column\">\n\t\t\t<div class=\"elementor-widget-wrap elementor-element-populated\">\n\t\t\t\t\t\t<div class=\"elementor-element elementor-element-6357238 elementor-widget elementor-widget-image\" data-id=\"6357238\" data-element_type=\"widget\" data-e-type=\"widget\" data-widget_type=\"image.default\">\n\t\t\t\t\t\t\t\t\t\t\t\t\t\t\t\t<a href=\"https:\/\/manakinfleurs.com\/events-2\/lancome-picnic-in-provence\/\">\n\t\t\t\t\t\t\t<img loading=\"lazy\" decoding=\"async\" width=\"1600\" height=\"1000\" src=\"https:\/\/manakinfleurs.com\/wp-content\/uploads\/2023\/05\/lancome_cover.jpg\" class=\"attachment-full size-full wp-image-35595\" alt=\"Cover image of the Lanc\u00f4me Luxury Picnic event at Ch\u00e2teau de Tourreau.\" \/>\t\t\t\t\t\t\t\t<\/a>\n\t\t\t\t\t\t\t\t\t\t\t\t\t\t\t<\/div>\n\t\t\t\t<div class=\"elementor-element elementor-element-fd279f4 elementor-widget elementor-widget-heading\" data-id=\"fd279f4\" data-element_type=\"widget\" data-e-type=\"widget\" data-widget_type=\"heading.default\">\n\t\t\t\t\t<h2 class=\"elementor-heading-title elementor-size-default\">Pique-nique Lanc\u00f4me\n<br>en Provence<\/h2>\t\t\t\t<\/div>\n\t\t\t\t\t<\/div>\n\t\t<\/div>\n\t\t\t\t<div class=\"elementor-column elementor-col-50 elementor-top-column elementor-element elementor-element-56777a2\" data-id=\"56777a2\" data-element_type=\"column\" data-e-type=\"column\">\n\t\t\t<div class=\"elementor-widget-wrap elementor-element-populated\">\n\t\t\t\t\t\t<div class=\"elementor-element elementor-element-402264e elementor-widget elementor-widget-image\" data-id=\"402264e\" data-element_type=\"widget\" data-e-type=\"widget\" data-widget_type=\"image.default\">\n\t\t\t\t\t\t\t\t\t\t\t\t\t\t\t\t<a href=\"https:\/\/manakinfleurs.com\/events\/lancome-product-launch\/\">\n\t\t\t\t\t\t\t<img loading=\"lazy\" decoding=\"async\" width=\"1600\" height=\"1000\" src=\"https:\/\/manakinfleurs.com\/wp-content\/uploads\/2023\/05\/lancome-Gordes-cover.jpg\" class=\"attachment-full size-full wp-image-35759\" alt=\"fresh flower arrangement\" \/>\t\t\t\t\t\t\t\t<\/a>\n\t\t\t\t\t\t\t\t\t\t\t\t\t\t\t<\/div>\n\t\t\t\t<div class=\"elementor-element elementor-element-fd0ee9d elementor-widget elementor-widget-heading\" data-id=\"fd0ee9d\" data-element_type=\"widget\" data-e-type=\"widget\" data-widget_type=\"heading.default\">\n\t\t\t\t\t<h2 class=\"elementor-heading-title elementor-size-default\">Lancement produit Lanc\u00f4me\n <\/br>\u00e0 Gordes<\/h2>\t\t\t\t<\/div>\n\t\t\t\t\t<\/div>\n\t\t<\/div>\n\t\t\t\t\t<\/div>\n\t\t<\/section>\n\t\t\t\t<\/div>\n\t\t","protected":false},"excerpt":{"rendered":"<p>Manakin Fleurs se sp\u00e9cialise dans les magnifiques d\u00e9corations florales d&#8217;\u00e9v\u00e9nements B2B le long de la splendide C\u00f4te d&#8217;Azur, notamment \u00e0 Cannes et Monaco. Forte d&#8217;une vaste exp\u00e9rience dans des \u00e9v\u00e9nements prestigieux tels que le Festival de Cannes, Cannes Lions, Cannes ILTM et le Monaco Yacht Show, nous savons comment sublimer l&#8217;atmosph\u00e8re de votre \u00e9v\u00e9nement avec [&hellip;]<\/p>\n","protected":false},"author":2084,"featured_media":0,"parent":0,"menu_order":0,"comment_status":"closed","ping_status":"closed","template":"","meta":{"_uf_show_specific_survey":0,"_uf_disable_surveys":false,"footnotes":""},"class_list":["post-38184","page","type-page","status-publish","hentry"],"_links":{"self":[{"href":"https:\/\/manakinfleurs.com\/fr\/wp-json\/wp\/v2\/pages\/38184","targetHints":{"allow":["GET"]}}],"collection":[{"href":"https:\/\/manakinfleurs.com\/fr\/wp-json\/wp\/v2\/pages"}],"about":[{"href":"https:\/\/manakinfleurs.com\/fr\/wp-json\/wp\/v2\/types\/page"}],"author":[{"embeddable":true,"href":"https:\/\/manakinfleurs.com\/fr\/wp-json\/wp\/v2\/users\/2084"}],"replies":[{"embeddable":true,"href":"https:\/\/manakinfleurs.com\/fr\/wp-json\/wp\/v2\/comments?post=38184"}],"version-history":[{"count":4,"href":"https:\/\/manakinfleurs.com\/fr\/wp-json\/wp\/v2\/pages\/38184\/revisions"}],"predecessor-version":[{"id":38718,"href":"https:\/\/manakinfleurs.com\/fr\/wp-json\/wp\/v2\/pages\/38184\/revisions\/38718"}],"wp:attachment":[{"href":"https:\/\/manakinfleurs.com\/fr\/wp-json\/wp\/v2\/media?parent=38184"}],"curies":[{"name":"wp","href":"https:\/\/api.w.org\/{rel}","templated":true}]}}